{"id":33883,"date":"2022-10-02T17:39:20","date_gmt":"2022-10-02T15:39:20","guid":{"rendered":"http:\/\/dev.claret.cat\/producte\/el-tesoro-de-otono\/"},"modified":"2025-01-16T18:09:20","modified_gmt":"2025-01-16T17:09:20","slug":"el-tesoro-de-otono-9788419028112","status":"publish","type":"product","link":"https:\/\/www.claret.cat\/es\/libro\/el-tesoro-de-otono-9788419028112\/","title":{"rendered":"EL TESORO DE OTO\u00d1O"},"content":{"rendered":"<p>\u00a1BIENVENIDO AL OTO\u00d1O!<br \/> Arrem\u00e1ngate, ad\u00e9ntrate en la naturaleza y conoce el estilo de vida autosuficiente y ecol\u00f3gico de las casas rurales con este precioso libro lleno de actividades oto\u00f1ales.<br \/> Descubre lo que tiene de especial esta estaci\u00f3n, aprende nuevas habilidades de cocina, jardiner\u00eda y manualidades, y disfruta al m\u00e1ximo de los regalos de la naturaleza en esta \u00e9poca del a\u00f1o.<\/p>\n","protected":false},"excerpt":{"rendered":"<p>FERRARO-FANNING, ANGELA<\/p>\n","protected":false},"featured_media":51121,"template":"","meta":{"_acf_changed":false,"om_disable_all_campaigns":false,"rs_blank_template":"","rs_page_bg_color":"","slide_template_v7":"","inline_featured_image":false,"_monsterinsights_skip_tracking":false,"_monsterinsights_sitenote_active":false,"_monsterinsights_sitenote_note":"","_monsterinsights_sitenote_category":0},"product_brand":[],"product_cat":[132,362],"product_tag":[],"class_list":{"0":"post-33883","1":"product","2":"type-product","3":"status-publish","4":"has-post-thumbnail","6":"product_cat-lectures-per-preadolescents-6-12-anys","7":"product_cat-libros-preadolescentes-6-12-anos","9":"first","10":"instock","11":"taxable","12":"shipping-taxable","13":"purchasable","14":"product-type-simple"},"acf":{"autor":"FERRARO-FANNING, ANGELA","codart":"841902811","libros-coleccion":"FORA DE COL.LECCI\u00d3","ediciones":"1","encuadernacion":"Carton\u00e9","fecha_de_publicacion":"01\/07\/2022","novedad":"1","paginas":"30","subtitulo":"UN LIBRO REPLETO DE RECETAS, MANUALIDADES Y CONSEJOS","orden":"0","portada":"0","idioma":"spa","editorial":[{"ID":8235,"post_author":"3","post_date":"2022-09-30 09:21:22","post_date_gmt":"2022-09-30 07:21:22","post_content":"","post_title":"EDITORIAL MEDITERRANIA","post_excerpt":"","post_status":"publish","comment_status":"closed","ping_status":"closed","post_password":"","post_name":"editorial-mediterrania","to_ping":"","pinged":"","post_modified":"2022-09-30 09:21:22","post_modified_gmt":"2022-09-30 07:21:22","post_content_filtered":"","post_parent":0,"guid":"http:\/\/dev.claret.cat\/editorial\/editorial-mediterrania\/","menu_order":0,"post_type":"editorial","post_mime_type":"","comment_count":"0","filter":"raw"}],"autores-libros":[{"ID":150430,"post_author":"3","post_date":"2022-10-14 14:32:54","post_date_gmt":"2022-10-14 12:32:54","post_content":"","post_title":"ANGELA FERRARO-FANNING","post_excerpt":"","post_status":"publish","comment_status":"closed","ping_status":"closed","post_password":"","post_name":"angela-ferraro-fanning","to_ping":"","pinged":"","post_modified":"2022-10-14 14:32:54","post_modified_gmt":"2022-10-14 12:32:54","post_content_filtered":"","post_parent":0,"guid":"http:\/\/dev.claret.cat\/autor\/angela-ferraro-fanning\/","menu_order":0,"post_type":"autor","post_mime_type":"","comment_count":"0","filter":"raw"}]},"aioseo_notices":[],"_links":{"self":[{"href":"https:\/\/www.claret.cat\/es\/wp-json\/wp\/v2\/product\/33883","targetHints":{"allow":["GET"]}}],"collection":[{"href":"https:\/\/www.claret.cat\/es\/wp-json\/wp\/v2\/product"}],"about":[{"href":"https:\/\/www.claret.cat\/es\/wp-json\/wp\/v2\/types\/product"}],"wp:featuredmedia":[{"embeddable":true,"href":"https:\/\/www.claret.cat\/es\/wp-json\/wp\/v2\/media\/51121"}],"wp:attachment":[{"href":"https:\/\/www.claret.cat\/es\/wp-json\/wp\/v2\/media?parent=33883"}],"wp:term":[{"taxonomy":"product_brand","embeddable":true,"href":"https:\/\/www.claret.cat\/es\/wp-json\/wp\/v2\/product_brand?post=33883"},{"taxonomy":"product_cat","embeddable":true,"href":"https:\/\/www.claret.cat\/es\/wp-json\/wp\/v2\/product_cat?post=33883"},{"taxonomy":"product_tag","embeddable":true,"href":"https:\/\/www.claret.cat\/es\/wp-json\/wp\/v2\/product_tag?post=33883"}],"curies":[{"name":"wp","href":"https:\/\/api.w.org\/{rel}","templated":true}]}}