{"id":33889,"date":"2022-10-02T17:39:27","date_gmt":"2022-10-02T15:39:27","guid":{"rendered":"http:\/\/dev.claret.cat\/producte\/aventura-rodriguez-el-monstruo-de-los-mil-tentaculos\/"},"modified":"2023-11-23T17:50:56","modified_gmt":"2023-11-23T16:50:56","slug":"aventura-rodriguez-el-monstruo-de-los-mil-tentaculos-9788419472038","status":"publish","type":"product","link":"https:\/\/www.claret.cat\/es\/libro\/aventura-rodriguez-el-monstruo-de-los-mil-tentaculos-9788419472038\/","title":{"rendered":"AVENTURA RODR\u00cdGUEZ. EL MONSTRUO DE LOS MIL TENT\u00c1CULOS"},"content":{"rendered":"<p>\u00bfAlguna vez has huido del monstruo de los mil tent\u00e1culos? \u00bfEsa visita que te abraza sin dejarte respirar?Si t\u00fa tambi\u00e9n has sufrido sus encerronas, sigue a Aventura Rodr\u00edguez en su operaci\u00f3n merienda-cena.\u00bfConseguir\u00e1 zafarse del monstruo? \u00bfPodr\u00e1 librarse de su achuch\u00f3n mort\u00edfero?<\/p>\n","protected":false},"excerpt":{"rendered":"<p>CAMPOY, ANA \/ ALONSO, \u00c1LEX<\/p>\n","protected":false},"featured_media":943016,"template":"","meta":{"_acf_changed":false,"om_disable_all_campaigns":false,"rs_blank_template":"","rs_page_bg_color":"","slide_template_v7":"","inline_featured_image":false,"_monsterinsights_skip_tracking":false,"_monsterinsights_sitenote_active":false,"_monsterinsights_sitenote_note":"","_monsterinsights_sitenote_category":0},"product_brand":[],"product_cat":[131,361],"product_tag":[],"class_list":{"0":"post-33889","1":"product","2":"type-product","3":"status-publish","4":"has-post-thumbnail","6":"product_cat-contes-per-infants-0-6-anys","7":"product_cat-cuentos-para-ninos-0-6-anos","9":"first","10":"instock","11":"taxable","12":"shipping-taxable","13":"purchasable","14":"product-type-simple"},"acf":{"autor":"CAMPOY, ANA \/ ALONSO, \u00c1LEX","codart":"841947203","libros-coleccion":"FORA DE COL.LECCI\u00d3","ediciones":"1","encuadernacion":"Carton\u00e9","fecha_de_publicacion":"01\/09\/2022","novedad":"1","paginas":"48","subtitulo":"","orden":"0","portada":"0","idioma":"spa","editorial":[{"ID":148356,"post_author":"3","post_date":"2022-10-14 11:57:36","post_date_gmt":"2022-10-14 09:57:36","post_content":"","post_title":"La Esfera Azul","post_excerpt":"","post_status":"publish","comment_status":"closed","ping_status":"closed","post_password":"","post_name":"la-esfera-azul","to_ping":"","pinged":"","post_modified":"2022-10-14 11:57:36","post_modified_gmt":"2022-10-14 09:57:36","post_content_filtered":"","post_parent":0,"guid":"http:\/\/dev.claret.cat\/editorial\/la-esfera-azul\/","menu_order":0,"post_type":"editorial","post_mime_type":"","comment_count":"0","filter":"raw"}],"autores-libros":[{"ID":149622,"post_author":"3","post_date":"2022-10-14 14:26:22","post_date_gmt":"2022-10-14 12:26:22","post_content":"","post_title":"\u00c1LEX ALONSO","post_excerpt":"","post_status":"publish","comment_status":"closed","ping_status":"closed","post_password":"","post_name":"alex-alonso","to_ping":"","pinged":"","post_modified":"2022-10-14 14:26:22","post_modified_gmt":"2022-10-14 12:26:22","post_content_filtered":"","post_parent":0,"guid":"http:\/\/dev.claret.cat\/autor\/alex-alonso\/","menu_order":0,"post_type":"autor","post_mime_type":"","comment_count":"0","filter":"raw"},{"ID":150060,"post_author":"3","post_date":"2022-10-14 14:29:54","post_date_gmt":"2022-10-14 12:29:54","post_content":"","post_title":"ANA CAMPOY","post_excerpt":"","post_status":"publish","comment_status":"closed","ping_status":"closed","post_password":"","post_name":"ana-campoy-2","to_ping":"","pinged":"","post_modified":"2022-10-14 14:29:54","post_modified_gmt":"2022-10-14 12:29:54","post_content_filtered":"","post_parent":0,"guid":"http:\/\/dev.claret.cat\/autor\/ana-campoy-2\/","menu_order":0,"post_type":"autor","post_mime_type":"","comment_count":"0","filter":"raw"}]},"aioseo_notices":[],"_links":{"self":[{"href":"https:\/\/www.claret.cat\/es\/wp-json\/wp\/v2\/product\/33889","targetHints":{"allow":["GET"]}}],"collection":[{"href":"https:\/\/www.claret.cat\/es\/wp-json\/wp\/v2\/product"}],"about":[{"href":"https:\/\/www.claret.cat\/es\/wp-json\/wp\/v2\/types\/product"}],"wp:featuredmedia":[{"embeddable":true,"href":"https:\/\/www.claret.cat\/es\/wp-json\/wp\/v2\/media\/943016"}],"wp:attachment":[{"href":"https:\/\/www.claret.cat\/es\/wp-json\/wp\/v2\/media?parent=33889"}],"wp:term":[{"taxonomy":"product_brand","embeddable":true,"href":"https:\/\/www.claret.cat\/es\/wp-json\/wp\/v2\/product_brand?post=33889"},{"taxonomy":"product_cat","embeddable":true,"href":"https:\/\/www.claret.cat\/es\/wp-json\/wp\/v2\/product_cat?post=33889"},{"taxonomy":"product_tag","embeddable":true,"href":"https:\/\/www.claret.cat\/es\/wp-json\/wp\/v2\/product_tag?post=33889"}],"curies":[{"name":"wp","href":"https:\/\/api.w.org\/{rel}","templated":true}]}}