{"id":338971,"date":"2023-01-13T06:50:49","date_gmt":"2023-01-13T05:50:49","guid":{"rendered":"https:\/\/www.claret.cat\/llibre\/verdadero-yo-el-en-pie-9788429311877\/"},"modified":"2025-09-25T17:20:29","modified_gmt":"2025-09-25T15:20:29","slug":"verdadero-yo-el-en-pie-9788429311877","status":"publish","type":"product","link":"https:\/\/www.claret.cat\/es\/libro\/verdadero-yo-el-en-pie-9788429311877\/","title":{"rendered":"VERDADERO YO, EL: EN PIE"},"content":{"rendered":"<p>De alg\u00fan modo, nuestras vidas marchan bien en la medida en que tambi\u00e9n lo hagan nuestras relaciones: somos tan felices como nuestras relaciones lo sean. Pero hay un elemento nuclear en toda relaci\u00f3n -la comunicaci\u00f3n, que no es mero intercambio de mensajes, sino que implica el don del propio ser, el don esencial del amor- sin el que no es posible una relaci\u00f3n aut\u00e9ntica m\u00ednimamente humana. John Powell ha colaborado con la psicoterapeuta Loretta Brady en esta excelente presentaci\u00f3n de veinticinco actitudes b\u00e1sicas para una comunicaci\u00f3n humana efectiva. Los autores nos advierten de los peligros habituales y los callejones sin salida que f\u00e1cilmente pueden hacer est\u00e9riles nuestros esfuerzos por comunicarnos realmente. Quien comprenda, acepte y ponga en pr\u00e1ctica la sabidur\u00eda que ofrecen estas p\u00e1ginas comprobar\u00e1 los resultados en forma de crecimiento personal y de capacidad de disfrutar de sus relaciones.<\/p>\n","protected":false},"excerpt":{"rendered":"<p>POWELL, JOHN<\/p>\n","protected":false},"featured_media":1050969,"template":"","meta":{"_acf_changed":false,"om_disable_all_campaigns":false,"rs_blank_template":"","rs_page_bg_color":"","slide_template_v7":"","inline_featured_image":false,"_monsterinsights_skip_tracking":false,"_monsterinsights_sitenote_active":false,"_monsterinsights_sitenote_note":"","_monsterinsights_sitenote_category":0},"product_brand":[],"product_cat":[90,540],"product_tag":[],"class_list":{"0":"post-338971","1":"product","2":"type-product","3":"status-publish","4":"has-post-thumbnail","6":"product_cat-altres","7":"product_cat-otros","9":"first","10":"instock","11":"taxable","12":"shipping-taxable","13":"purchasable","14":"product-type-simple"},"acf":{"editorial":[{"ID":6351,"post_author":"3","post_date":"2022-07-28 17:50:19","post_date_gmt":"2022-07-28 15:50:19","post_content":"","post_title":"Sal Terrae","post_excerpt":"","post_status":"publish","comment_status":"closed","ping_status":"closed","post_password":"","post_name":"sal-terrae","to_ping":"","pinged":"","post_modified":"2022-07-28 17:50:19","post_modified_gmt":"2022-07-28 15:50:19","post_content_filtered":"","post_parent":0,"guid":"http:\/\/dev.claret.cat\/editorial\/sal-terrae\/","menu_order":0,"post_type":"editorial","post_mime_type":"","comment_count":"0","filter":"raw"}],"autores-libros":[{"ID":159692,"post_author":"3","post_date":"2022-10-14 15:46:56","post_date_gmt":"2022-10-14 13:46:56","post_content":"","post_title":"JOHN POWELL","post_excerpt":"","post_status":"publish","comment_status":"closed","ping_status":"closed","post_password":"","post_name":"john-powell","to_ping":"","pinged":"","post_modified":"2022-10-14 15:46:56","post_modified_gmt":"2022-10-14 13:46:56","post_content_filtered":"","post_parent":0,"guid":"http:\/\/dev.claret.cat\/autor\/john-powell\/","menu_order":0,"post_type":"autor","post_mime_type":"","comment_count":"0","filter":"raw"}],"autor":"POWELL, JOHN","codart":"842931187","libros-coleccion":"FORA DE COL.LECCI\u00d3","ediciones":"5","encuadernacion":"[EditValue is null]","fecha_de_publicacion":"01\/05\/1996","novedad":"0","paginas":"224","subtitulo":"","orden":"999","portada":"0","idioma":"spa","booktrailer":"","resenas":""},"aioseo_notices":[],"_links":{"self":[{"href":"https:\/\/www.claret.cat\/es\/wp-json\/wp\/v2\/product\/338971","targetHints":{"allow":["GET"]}}],"collection":[{"href":"https:\/\/www.claret.cat\/es\/wp-json\/wp\/v2\/product"}],"about":[{"href":"https:\/\/www.claret.cat\/es\/wp-json\/wp\/v2\/types\/product"}],"wp:featuredmedia":[{"embeddable":true,"href":"https:\/\/www.claret.cat\/es\/wp-json\/wp\/v2\/media\/1050969"}],"wp:attachment":[{"href":"https:\/\/www.claret.cat\/es\/wp-json\/wp\/v2\/media?parent=338971"}],"wp:term":[{"taxonomy":"product_brand","embeddable":true,"href":"https:\/\/www.claret.cat\/es\/wp-json\/wp\/v2\/product_brand?post=338971"},{"taxonomy":"product_cat","embeddable":true,"href":"https:\/\/www.claret.cat\/es\/wp-json\/wp\/v2\/product_cat?post=338971"},{"taxonomy":"product_tag","embeddable":true,"href":"https:\/\/www.claret.cat\/es\/wp-json\/wp\/v2\/product_tag?post=338971"}],"curies":[{"name":"wp","href":"https:\/\/api.w.org\/{rel}","templated":true}]}}