{"id":33901,"date":"2022-10-02T17:39:40","date_gmt":"2022-10-02T15:39:40","guid":{"rendered":"http:\/\/dev.claret.cat\/producte\/el-sistema-solar-conoce-por-dentro\/"},"modified":"2023-10-06T08:26:36","modified_gmt":"2023-10-06T06:26:36","slug":"el-sistema-solar-conoce-por-dentro-9781803705972","status":"publish","type":"product","link":"https:\/\/www.claret.cat\/es\/libro\/el-sistema-solar-conoce-por-dentro-9781803705972\/","title":{"rendered":"EL SISTEMA SOLAR CONOCE POR DENTRO"},"content":{"rendered":"<p>Un fascinante viaje por el Sistema Solar, planeta por planeta, desde el ardiente calor del sol hasta el helor de los planetas m\u00e1s distantes, pasando por lunas y asteroides. Los peque\u00f1os lectores descubrir\u00e1n las posibilidades de visitar Marte en el futuro, cu\u00e1ntos kilos pensar\u00edan en J\u00fapiter o por qu\u00e9 Venus es mortal.<\/p>\n","protected":false},"excerpt":{"rendered":"<p>DICKINS, ROSIE<\/p>\n","protected":false},"featured_media":387580,"template":"","meta":{"_acf_changed":false,"om_disable_all_campaigns":false,"rs_blank_template":"","rs_page_bg_color":"","slide_template_v7":"","inline_featured_image":false,"_monsterinsights_skip_tracking":false,"_monsterinsights_sitenote_active":false,"_monsterinsights_sitenote_note":"","_monsterinsights_sitenote_category":0},"product_brand":[],"product_cat":[361],"product_tag":[],"class_list":{"0":"post-33901","1":"product","2":"type-product","3":"status-publish","4":"has-post-thumbnail","6":"product_cat-cuentos-para-ninos-0-6-anos","8":"first","9":"instock","10":"taxable","11":"shipping-taxable","12":"purchasable","13":"product-type-simple"},"acf":{"autor":"DICKINS, ROSIE","codart":"180370597","libros-coleccion":"Conoce por dentro","ediciones":"1","encuadernacion":"Carpeta","fecha_de_publicacion":"01\/09\/2022","novedad":"1","paginas":"12","subtitulo":"","orden":"0","portada":"0","idioma":"spa","editorial":[{"ID":148940,"post_author":"3","post_date":"2022-10-14 12:02:11","post_date_gmt":"2022-10-14 10:02:11","post_content":"","post_title":"Usborne Publishing","post_excerpt":"","post_status":"publish","comment_status":"closed","ping_status":"closed","post_password":"","post_name":"usborne-publishing","to_ping":"","pinged":"","post_modified":"2022-10-14 12:02:11","post_modified_gmt":"2022-10-14 10:02:11","post_content_filtered":"","post_parent":0,"guid":"http:\/\/dev.claret.cat\/editorial\/usborne-publishing\/","menu_order":0,"post_type":"editorial","post_mime_type":"","comment_count":"0","filter":"raw"}],"autores-libros":[{"ID":168601,"post_author":"3","post_date":"2022-10-14 22:20:25","post_date_gmt":"2022-10-14 20:20:25","post_content":"","post_title":"ROSIE DICKINS","post_excerpt":"","post_status":"publish","comment_status":"closed","ping_status":"closed","post_password":"","post_name":"rosie-dickins","to_ping":"","pinged":"","post_modified":"2022-10-14 22:20:25","post_modified_gmt":"2022-10-14 20:20:25","post_content_filtered":"","post_parent":0,"guid":"http:\/\/dev.claret.cat\/autor\/rosie-dickins\/","menu_order":0,"post_type":"autor","post_mime_type":"","comment_count":"0","filter":"raw"}]},"aioseo_notices":[],"_links":{"self":[{"href":"https:\/\/www.claret.cat\/es\/wp-json\/wp\/v2\/product\/33901","targetHints":{"allow":["GET"]}}],"collection":[{"href":"https:\/\/www.claret.cat\/es\/wp-json\/wp\/v2\/product"}],"about":[{"href":"https:\/\/www.claret.cat\/es\/wp-json\/wp\/v2\/types\/product"}],"wp:featuredmedia":[{"embeddable":true,"href":"https:\/\/www.claret.cat\/es\/wp-json\/wp\/v2\/media\/387580"}],"wp:attachment":[{"href":"https:\/\/www.claret.cat\/es\/wp-json\/wp\/v2\/media?parent=33901"}],"wp:term":[{"taxonomy":"product_brand","embeddable":true,"href":"https:\/\/www.claret.cat\/es\/wp-json\/wp\/v2\/product_brand?post=33901"},{"taxonomy":"product_cat","embeddable":true,"href":"https:\/\/www.claret.cat\/es\/wp-json\/wp\/v2\/product_cat?post=33901"},{"taxonomy":"product_tag","embeddable":true,"href":"https:\/\/www.claret.cat\/es\/wp-json\/wp\/v2\/product_tag?post=33901"}],"curies":[{"name":"wp","href":"https:\/\/api.w.org\/{rel}","templated":true}]}}