{"id":339017,"date":"2023-01-13T06:55:29","date_gmt":"2023-01-13T05:55:29","guid":{"rendered":"https:\/\/www.claret.cat\/llibre\/terapeutas-del-desierto-9788429312959\/"},"modified":"2025-04-25T19:55:47","modified_gmt":"2025-04-25T17:55:47","slug":"terapeutas-del-desierto-9788429312959","status":"publish","type":"product","link":"https:\/\/www.claret.cat\/es\/libro\/terapeutas-del-desierto-9788429312959\/","title":{"rendered":"TERAPEUTAS DEL DESIERTO"},"content":{"rendered":"<p>En esta tormentosa transici\u00f3n al tercer milenio, alza su voz un vigoroso movimiento de rescate de la conciencia de totalidad. La reflexi\u00f3n hol\u00edstica integra lo personal y lo transpersonal, nuestras ra\u00edces y nuestras alas. En su origen, la palabra terapeuta nos remite a los sacerdotes del desierto que cuidaban de todo el conjunto del fen\u00f3meno humano. Quiz\u00e1 la sinergia m\u00e1s importante de nuestro momento hist\u00f3rico se derive del encuentro entre la terapia contempor\u00e1nea y la terapia de siempre.<\/p>\n<p>     Este libro es un testimonio del di\u00e1logo fecundo entre dos maestros, reconocidos internacionalmente por la brillantez de sus libros y de sus hechos. Jean-Yves Leloup arroja una luz preciosa sobre el itinerario del alma, la experiencia numinosa, la confrontaci\u00f3n con la sombra y el sentido del sufrimiento, a partir de la antropolog\u00eda y la pr\u00e1ctica de los terapeutas de Alejandr\u00eda, seg\u00fan Fil\u00f3n, y de la escuela de Graf D\u00fcrckheim, el creador de la terapia inici\u00e1tica. Leonardo Boff, por su parte, nos presenta el poema y el c\u00e1ntico sublime que hace eco a los pasos de Francisco de As\u00eds en su camino de realizaci\u00f3n cr\u00edstica. Una danza armoniosa que pone de manifiesto las m\u00faltiples y complementarias dimensiones del ser humano como puente entre la tierra y el cielo, como la celebraci\u00f3n de bodas entre la materia y la luz.<\/p>\n<p>JEAN-YVES LELOUP, doctor en psicolog\u00eda, te\u00f3logo y sacerdote hesicasta, conferenciante mundialmente conocido, es traductor e int\u00e9rprete de varios textos sapienciales como los de Fil\u00f3n de Alejandr\u00eda y los Evangelios de Juan, de Tom\u00e1s y de Mar\u00eda.<\/p>\n<p>LEONARDO BOFF, uno de los m\u00e1s eminentes te\u00f3logos de la liberaci\u00f3n, con una amplia producci\u00f3n de obras traducidas a las principales lenguas, en las que se integran la ecolog\u00eda y la espiritualidad; tiene varios t\u00edtulos y premios concedidos por universidades europeas y movimientos sociales.<\/p>\n","protected":false},"excerpt":{"rendered":"<p>JEAN-YVES LELOUP \/ LEONARDO BOFF<\/p>\n","protected":false},"featured_media":339047,"template":"","meta":{"_acf_changed":false,"om_disable_all_campaigns":false,"rs_blank_template":"","rs_page_bg_color":"","slide_template_v7":"","inline_featured_image":false,"_monsterinsights_skip_tracking":false,"_monsterinsights_sitenote_active":false,"_monsterinsights_sitenote_note":"","_monsterinsights_sitenote_category":0},"product_brand":[],"product_cat":[90,540],"product_tag":[],"class_list":{"0":"post-339017","1":"product","2":"type-product","3":"status-publish","4":"has-post-thumbnail","6":"product_cat-altres","7":"product_cat-otros","9":"first","10":"instock","11":"taxable","12":"shipping-taxable","13":"purchasable","14":"product-type-simple"},"acf":{"editorial":[{"ID":6355,"post_author":"3","post_date":"2022-07-28 17:50:25","post_date_gmt":"2022-07-28 15:50:25","post_content":"","post_title":"Salterrae","post_excerpt":"","post_status":"publish","comment_status":"closed","ping_status":"closed","post_password":"","post_name":"salterrae","to_ping":"","pinged":"","post_modified":"2022-07-28 17:50:25","post_modified_gmt":"2022-07-28 15:50:25","post_content_filtered":"","post_parent":0,"guid":"http:\/\/dev.claret.cat\/editorial\/salterrae\/","menu_order":0,"post_type":"editorial","post_mime_type":"","comment_count":"0","filter":"raw"}],"autores-libros":[{"ID":280680,"post_author":"3","post_date":"2022-12-09 20:12:24","post_date_gmt":"2022-12-09 19:12:24","post_content":"","post_title":"JEAN-YVES LELOUP","post_excerpt":"","post_status":"publish","comment_status":"closed","ping_status":"closed","post_password":"","post_name":"jean-yves-leloup","to_ping":"","pinged":"","post_modified":"2022-12-09 20:12:24","post_modified_gmt":"2022-12-09 19:12:24","post_content_filtered":"","post_parent":0,"guid":"http:\/\/dev.claret.cat\/autor\/jean-yves-leloup\/","menu_order":0,"post_type":"autor","post_mime_type":"","comment_count":"0","filter":"raw"}],"autor":"JEAN-YVES LELOUP \/ LEONARDO BOFF","codart":"842931295","libros-coleccion":"Pozo de Siquem","ediciones":"1","encuadernacion":"[Vac\u00edo]","fecha_de_publicacion":"01\/04\/1999","novedad":"0","paginas":"0","subtitulo":"DE FILON DE ALEJANDRIA Y FRANCISCO DE ASIS A GRAF DURCKHEIM","orden":"999","portada":"0","idioma":"spa","booktrailer":"","resenas":""},"aioseo_notices":[],"_links":{"self":[{"href":"https:\/\/www.claret.cat\/es\/wp-json\/wp\/v2\/product\/339017","targetHints":{"allow":["GET"]}}],"collection":[{"href":"https:\/\/www.claret.cat\/es\/wp-json\/wp\/v2\/product"}],"about":[{"href":"https:\/\/www.claret.cat\/es\/wp-json\/wp\/v2\/types\/product"}],"wp:featuredmedia":[{"embeddable":true,"href":"https:\/\/www.claret.cat\/es\/wp-json\/wp\/v2\/media\/339047"}],"wp:attachment":[{"href":"https:\/\/www.claret.cat\/es\/wp-json\/wp\/v2\/media?parent=339017"}],"wp:term":[{"taxonomy":"product_brand","embeddable":true,"href":"https:\/\/www.claret.cat\/es\/wp-json\/wp\/v2\/product_brand?post=339017"},{"taxonomy":"product_cat","embeddable":true,"href":"https:\/\/www.claret.cat\/es\/wp-json\/wp\/v2\/product_cat?post=339017"},{"taxonomy":"product_tag","embeddable":true,"href":"https:\/\/www.claret.cat\/es\/wp-json\/wp\/v2\/product_tag?post=339017"}],"curies":[{"name":"wp","href":"https:\/\/api.w.org\/{rel}","templated":true}]}}