{"id":33922,"date":"2022-10-02T17:39:58","date_gmt":"2022-10-02T15:39:58","guid":{"rendered":"http:\/\/dev.claret.cat\/producte\/diviertete-con-los-monstruos-pasatiempos\/"},"modified":"2023-10-06T08:26:39","modified_gmt":"2023-10-06T06:26:39","slug":"diviertete-con-los-monstruos-pasatiempos-9781803706009","status":"publish","type":"product","link":"https:\/\/www.claret.cat\/es\/libro\/diviertete-con-los-monstruos-pasatiempos-9781803706009\/","title":{"rendered":"DIVIERTETE CON LOS MONSTRUOS PASATIEMPOS"},"content":{"rendered":"<p>Este libro de pasatiempos incluye adivinanzas, laberintos, unir los puntos, buscar las diferencias y otras actividades inspiradas en escenas de miedo. Los ni\u00f1os pasar\u00e1n un rato emocionante entre monstruos, brujas, magos, calabazas, murci\u00e9lagos y otras criaturas.<\/p>\n","protected":false},"excerpt":{"rendered":"<p>ROBSON, KIRSTEEN<\/p>\n","protected":false},"featured_media":51147,"template":"","meta":{"_acf_changed":false,"om_disable_all_campaigns":false,"rs_blank_template":"","rs_page_bg_color":"","slide_template_v7":"","inline_featured_image":false,"_monsterinsights_skip_tracking":false,"_monsterinsights_sitenote_active":false,"_monsterinsights_sitenote_note":"","_monsterinsights_sitenote_category":0},"product_brand":[],"product_cat":[361,365],"product_tag":[],"class_list":{"0":"post-33922","1":"product","2":"type-product","3":"status-publish","4":"has-post-thumbnail","6":"product_cat-cuentos-para-ninos-0-6-anos","7":"product_cat-entretenimientos","9":"first","10":"instock","11":"taxable","12":"shipping-taxable","13":"purchasable","14":"product-type-simple"},"acf":{"autor":"ROBSON, KIRSTEEN","codart":"180370600","libros-coleccion":"FORA DE COL.LECCI\u00d3","ediciones":"1","encuadernacion":"R\u00fastica","fecha_de_publicacion":"01\/09\/2022","novedad":"1","paginas":"60","subtitulo":"","orden":"0","portada":"0","idioma":"spa","editorial":[{"ID":148940,"post_author":"3","post_date":"2022-10-14 12:02:11","post_date_gmt":"2022-10-14 10:02:11","post_content":"","post_title":"Usborne Publishing","post_excerpt":"","post_status":"publish","comment_status":"closed","ping_status":"closed","post_password":"","post_name":"usborne-publishing","to_ping":"","pinged":"","post_modified":"2022-10-14 12:02:11","post_modified_gmt":"2022-10-14 10:02:11","post_content_filtered":"","post_parent":0,"guid":"http:\/\/dev.claret.cat\/editorial\/usborne-publishing\/","menu_order":0,"post_type":"editorial","post_mime_type":"","comment_count":"0","filter":"raw"}],"autores-libros":[{"ID":161700,"post_author":"3","post_date":"2022-10-14 17:20:20","post_date_gmt":"2022-10-14 15:20:20","post_content":"","post_title":"KIRSTEEN ROBSON","post_excerpt":"","post_status":"publish","comment_status":"closed","ping_status":"closed","post_password":"","post_name":"kirsteen-robson","to_ping":"","pinged":"","post_modified":"2022-10-14 17:20:20","post_modified_gmt":"2022-10-14 15:20:20","post_content_filtered":"","post_parent":0,"guid":"http:\/\/dev.claret.cat\/autor\/kirsteen-robson\/","menu_order":0,"post_type":"autor","post_mime_type":"","comment_count":"0","filter":"raw"}]},"aioseo_notices":[],"_links":{"self":[{"href":"https:\/\/www.claret.cat\/es\/wp-json\/wp\/v2\/product\/33922","targetHints":{"allow":["GET"]}}],"collection":[{"href":"https:\/\/www.claret.cat\/es\/wp-json\/wp\/v2\/product"}],"about":[{"href":"https:\/\/www.claret.cat\/es\/wp-json\/wp\/v2\/types\/product"}],"wp:featuredmedia":[{"embeddable":true,"href":"https:\/\/www.claret.cat\/es\/wp-json\/wp\/v2\/media\/51147"}],"wp:attachment":[{"href":"https:\/\/www.claret.cat\/es\/wp-json\/wp\/v2\/media?parent=33922"}],"wp:term":[{"taxonomy":"product_brand","embeddable":true,"href":"https:\/\/www.claret.cat\/es\/wp-json\/wp\/v2\/product_brand?post=33922"},{"taxonomy":"product_cat","embeddable":true,"href":"https:\/\/www.claret.cat\/es\/wp-json\/wp\/v2\/product_cat?post=33922"},{"taxonomy":"product_tag","embeddable":true,"href":"https:\/\/www.claret.cat\/es\/wp-json\/wp\/v2\/product_tag?post=33922"}],"curies":[{"name":"wp","href":"https:\/\/api.w.org\/{rel}","templated":true}]}}