{"id":339438,"date":"2023-01-13T08:10:18","date_gmt":"2023-01-13T07:10:18","guid":{"rendered":"https:\/\/www.claret.cat\/llibre\/testigos-de-la-vida-un-libro-para-los-mayores-y-para-los-que-un-dia-lo-seran-9788429315752\/"},"modified":"2026-01-26T13:15:22","modified_gmt":"2026-01-26T12:15:22","slug":"testigos-de-la-vida-un-libro-para-los-mayores-y-para-los-que-un-dia-lo-seran-9788429315752","status":"publish","type":"product","link":"https:\/\/www.claret.cat\/es\/libro\/testigos-de-la-vida-un-libro-para-los-mayores-y-para-los-que-un-dia-lo-seran-9788429315752\/","title":{"rendered":"TESTIGOS DE LA VIDA. UN LIBRO PARA LOS MAYORES Y PARA LOS QUE UN DIA LO SERAN"},"content":{"rendered":"","protected":false},"excerpt":{"rendered":"<p>GONZ\u00c1LEZ VALL\u00c9S, CARLOS<\/p>\n","protected":false},"featured_media":0,"template":"","meta":{"_acf_changed":false,"om_disable_all_campaigns":false,"rs_blank_template":"","rs_page_bg_color":"","slide_template_v7":"","inline_featured_image":false,"_monsterinsights_skip_tracking":false,"_monsterinsights_sitenote_active":false,"_monsterinsights_sitenote_note":"","_monsterinsights_sitenote_category":0},"product_brand":[],"product_cat":[90,540],"product_tag":[],"class_list":{"0":"post-339438","1":"product","2":"type-product","3":"status-publish","5":"product_cat-altres","6":"product_cat-otros","8":"first","9":"instock","10":"taxable","11":"shipping-taxable","12":"purchasable","13":"product-type-simple"},"acf":{"editorial":[{"ID":6351,"post_author":"3","post_date":"2022-07-28 17:50:19","post_date_gmt":"2022-07-28 15:50:19","post_content":"","post_title":"Sal Terrae","post_excerpt":"","post_status":"publish","comment_status":"closed","ping_status":"closed","post_password":"","post_name":"sal-terrae","to_ping":"","pinged":"","post_modified":"2022-07-28 17:50:19","post_modified_gmt":"2022-07-28 15:50:19","post_content_filtered":"","post_parent":0,"guid":"http:\/\/dev.claret.cat\/editorial\/sal-terrae\/","menu_order":0,"post_type":"editorial","post_mime_type":"","comment_count":"0","filter":"raw"}],"autores-libros":[{"ID":290177,"post_author":"3","post_date":"2022-12-10 13:40:12","post_date_gmt":"2022-12-10 12:40:12","post_content":"","post_title":"GONZ\u00c1LEZ VALL\u00c9S, CARLOS","post_excerpt":"","post_status":"publish","comment_status":"closed","ping_status":"closed","post_password":"","post_name":"gonzalez-valles-carlos-3","to_ping":"","pinged":"","post_modified":"2022-12-10 13:40:12","post_modified_gmt":"2022-12-10 12:40:12","post_content_filtered":"","post_parent":0,"guid":"http:\/\/dev.claret.cat\/autor\/gonzalez-valles-carlos-3\/","menu_order":0,"post_type":"autor","post_mime_type":"","comment_count":"0","filter":"raw"}],"autor":"GONZ\u00c1LEZ VALL\u00c9S, CARLOS","codart":"842931575","libros-coleccion":"","ediciones":"1","encuadernacion":"R\u00fastica","fecha_de_publicacion":"14\/01\/2005","novedad":"0","paginas":"94","subtitulo":"","orden":"999","portada":"0","idioma":"spa","booktrailer":"","resenas":""},"aioseo_notices":[],"_links":{"self":[{"href":"https:\/\/www.claret.cat\/es\/wp-json\/wp\/v2\/product\/339438","targetHints":{"allow":["GET"]}}],"collection":[{"href":"https:\/\/www.claret.cat\/es\/wp-json\/wp\/v2\/product"}],"about":[{"href":"https:\/\/www.claret.cat\/es\/wp-json\/wp\/v2\/types\/product"}],"wp:attachment":[{"href":"https:\/\/www.claret.cat\/es\/wp-json\/wp\/v2\/media?parent=339438"}],"wp:term":[{"taxonomy":"product_brand","embeddable":true,"href":"https:\/\/www.claret.cat\/es\/wp-json\/wp\/v2\/product_brand?post=339438"},{"taxonomy":"product_cat","embeddable":true,"href":"https:\/\/www.claret.cat\/es\/wp-json\/wp\/v2\/product_cat?post=339438"},{"taxonomy":"product_tag","embeddable":true,"href":"https:\/\/www.claret.cat\/es\/wp-json\/wp\/v2\/product_tag?post=339438"}],"curies":[{"name":"wp","href":"https:\/\/api.w.org\/{rel}","templated":true}]}}