{"id":33949,"date":"2022-10-02T17:40:24","date_gmt":"2022-10-02T15:40:24","guid":{"rendered":"http:\/\/dev.claret.cat\/producte\/animals-4\/"},"modified":"2023-10-06T08:59:14","modified_gmt":"2023-10-06T06:59:14","slug":"animals-9788412368468","status":"publish","type":"product","link":"https:\/\/www.claret.cat\/es\/libro\/animals-9788412368468\/","title":{"rendered":"ANIMALS"},"content":{"rendered":"<p>Torna Animals en un nou format. \u00c9s el primer de la reconeguda<br \/> autora i dissenyadora sueca Ingela P. Arrhenius editat al nostre<br \/> pa\u00eds i en catal\u00e0.<br \/> Gr\u00e0cies a aquest excepcional \u00e0lbum il\u00b7lustrat, els m\u00e9s menuts<br \/> es familiaritzaran amb els noms de 32 animals, des dels m\u00e9s<br \/> habituals, com el gat o el gos, fins als m\u00e9s ex\u00f2tics, com ara<br \/> el tuc\u00e0 o el suricata. Tant si ja saben llegir com si encara no,<br \/> gaudiran d&#8221;all\u00f2 m\u00e9s amb les diverses tipografies de cadascuna<br \/> de les seves originals p\u00e0gines en gran format. L&#8221;inconfusible<br \/> estil d&#8221;Ingela P. Arrhenius es caracteritza per una est\u00e8tica entre<br \/> vintage i na\u00eff i l&#8221;\u00fas de colors harmoniosos, amb una clara influ\u00e8ncia<br \/> del disseny gr\u00e0fic dels anys 40 i 50.<\/p>\n","protected":false},"excerpt":{"rendered":"<p>P. ARRHENIUS, INGELA<\/p>\n","protected":false},"featured_media":51165,"template":"","meta":{"_acf_changed":false,"om_disable_all_campaigns":false,"rs_blank_template":"","rs_page_bg_color":"","slide_template_v7":"","inline_featured_image":false,"_monsterinsights_skip_tracking":false,"_monsterinsights_sitenote_active":false,"_monsterinsights_sitenote_note":"","_monsterinsights_sitenote_category":0},"product_brand":[],"product_cat":[131,132,135,136],"product_tag":[],"class_list":{"0":"post-33949","1":"product","2":"type-product","3":"status-publish","4":"has-post-thumbnail","6":"product_cat-contes-per-infants-0-6-anys","7":"product_cat-lectures-per-preadolescents-6-12-anys","8":"product_cat-entreteniment","9":"product_cat-jocs-destimulacio","11":"first","12":"instock","13":"taxable","14":"shipping-taxable","15":"purchasable","16":"product-type-simple"},"acf":{"autor":"P. ARRHENIUS, INGELA","codart":"841236846","libros-coleccion":"","ediciones":"1","encuadernacion":"Carton\u00e9","fecha_de_publicacion":"01\/06\/2022","novedad":"1","paginas":"0","subtitulo":"","orden":"0","portada":"0","idioma":"cat","editorial":[{"ID":147643,"post_author":"3","post_date":"2022-10-14 11:52:09","post_date_gmt":"2022-10-14 09:52:09","post_content":"","post_title":"COCO BOOKS","post_excerpt":"","post_status":"publish","comment_status":"closed","ping_status":"closed","post_password":"","post_name":"coco-books","to_ping":"","pinged":"","post_modified":"2022-10-14 11:52:09","post_modified_gmt":"2022-10-14 09:52:09","post_content_filtered":"","post_parent":0,"guid":"http:\/\/dev.claret.cat\/editorial\/coco-books\/","menu_order":0,"post_type":"editorial","post_mime_type":"","comment_count":"0","filter":"raw"}],"autores-libros":[{"ID":157909,"post_author":"3","post_date":"2022-10-14 15:32:37","post_date_gmt":"2022-10-14 13:32:37","post_content":"","post_title":"INGELA P. ARRHENIUS","post_excerpt":"","post_status":"publish","comment_status":"closed","ping_status":"closed","post_password":"","post_name":"ingela-p-arrhenius-2","to_ping":"","pinged":"","post_modified":"2022-10-14 15:32:37","post_modified_gmt":"2022-10-14 13:32:37","post_content_filtered":"","post_parent":0,"guid":"http:\/\/dev.claret.cat\/autor\/ingela-p-arrhenius-2\/","menu_order":0,"post_type":"autor","post_mime_type":"","comment_count":"0","filter":"raw"}]},"aioseo_notices":[],"_links":{"self":[{"href":"https:\/\/www.claret.cat\/es\/wp-json\/wp\/v2\/product\/33949","targetHints":{"allow":["GET"]}}],"collection":[{"href":"https:\/\/www.claret.cat\/es\/wp-json\/wp\/v2\/product"}],"about":[{"href":"https:\/\/www.claret.cat\/es\/wp-json\/wp\/v2\/types\/product"}],"wp:featuredmedia":[{"embeddable":true,"href":"https:\/\/www.claret.cat\/es\/wp-json\/wp\/v2\/media\/51165"}],"wp:attachment":[{"href":"https:\/\/www.claret.cat\/es\/wp-json\/wp\/v2\/media?parent=33949"}],"wp:term":[{"taxonomy":"product_brand","embeddable":true,"href":"https:\/\/www.claret.cat\/es\/wp-json\/wp\/v2\/product_brand?post=33949"},{"taxonomy":"product_cat","embeddable":true,"href":"https:\/\/www.claret.cat\/es\/wp-json\/wp\/v2\/product_cat?post=33949"},{"taxonomy":"product_tag","embeddable":true,"href":"https:\/\/www.claret.cat\/es\/wp-json\/wp\/v2\/product_tag?post=33949"}],"curies":[{"name":"wp","href":"https:\/\/api.w.org\/{rel}","templated":true}]}}