{"id":339507,"date":"2023-01-13T08:35:14","date_gmt":"2023-01-13T07:35:14","guid":{"rendered":"https:\/\/www.claret.cat\/llibre\/ser-feliz-no-necesariamente-es-comodo-9788429316322\/"},"modified":"2024-05-24T09:13:49","modified_gmt":"2024-05-24T07:13:49","slug":"ser-feliz-no-necesariamente-es-comodo-9788429316322","status":"publish","type":"product","link":"https:\/\/www.claret.cat\/es\/libro\/ser-feliz-no-necesariamente-es-comodo-9788429316322\/","title":{"rendered":"SER FELIZ NO NECESARIAMENTE ES C\u00d3MODO"},"content":{"rendered":"<p>Creer que para ser feliz hay que sentirse bien siempre y vivir en todos sus aspectos la vida con la que se ha so\u00f1ado, es una ilusi\u00f3n que impide a muchas personas saborear plenamente los momentos de felicidad que jalonan su vida. Es tambi\u00e9n una trampa en la que m\u00e1s de uno permanece atrapado durante mucho tiempo&#8230; Thomas d\u2019Ansembourg ha identificado diversas \u00abtrampas anti-felicidad\u00bb, tanto en su propia vida como en la de las personas a las que \u00e9l acompa\u00f1a. A lo largo de los a\u00f1os, ha ido analizando met\u00f3dicamente su mec\u00e1nica y ha descubierto c\u00f3mo se manifiestan cotidianamente en nuestros h\u00e1bitos de vida y en nuestra manera de pensar. Con la ayuda de ejemplos concretos, nos invita a tomar conciencia de dichas trampas que limitan nuestra vida y nos propone una serie de aprendizajes pr\u00e1cticos para liberarnos de ellas. Si estas dos etapas no necesariamente son siempre c\u00f3modas, s\u00ed son esenciales, sin embargo, para aprender a superar las dificultades y los sufrimientos de la vida, as\u00ed como para sentir un bienestar interior cada vez mayor.<\/p>\n","protected":false},"excerpt":{"rendered":"<p>D\u00b4ANSEMBOURG, THOMAS<\/p>\n","protected":false},"featured_media":0,"template":"","meta":{"_acf_changed":false,"om_disable_all_campaigns":false,"rs_blank_template":"","rs_page_bg_color":"","slide_template_v7":"","inline_featured_image":false,"_monsterinsights_skip_tracking":false,"_monsterinsights_sitenote_active":false,"_monsterinsights_sitenote_note":"","_monsterinsights_sitenote_category":0},"product_brand":[],"product_cat":[179,377,449,181,394,236],"product_tag":[],"class_list":{"0":"post-339507","1":"product","2":"type-product","3":"status-publish","5":"product_cat-autoajuda-i-salut-mental","6":"product_cat-autoayuda-y-salud-mental","7":"product_cat-de-la-personalidad-y-del-desarrollo","8":"product_cat-de-la-personalitat-i-del-desenvolupament","9":"product_cat-vida-cotidiana","10":"product_cat-vida-quotidiana","12":"first","13":"instock","14":"taxable","15":"shipping-taxable","16":"purchasable","17":"product-type-simple"},"acf":{"editorial":[{"ID":6351,"post_author":"3","post_date":"2022-07-28 17:50:19","post_date_gmt":"2022-07-28 15:50:19","post_content":"","post_title":"Sal Terrae","post_excerpt":"","post_status":"publish","comment_status":"closed","ping_status":"closed","post_password":"","post_name":"sal-terrae","to_ping":"","pinged":"","post_modified":"2022-07-28 17:50:19","post_modified_gmt":"2022-07-28 15:50:19","post_content_filtered":"","post_parent":0,"guid":"http:\/\/dev.claret.cat\/editorial\/sal-terrae\/","menu_order":0,"post_type":"editorial","post_mime_type":"","comment_count":"0","filter":"raw"}],"autores-libros":[{"ID":170331,"post_author":"3","post_date":"2022-10-14 22:34:27","post_date_gmt":"2022-10-14 20:34:27","post_content":"","post_title":"THOMAS D\u00b4ANSEMBOURG","post_excerpt":"","post_status":"publish","comment_status":"closed","ping_status":"closed","post_password":"","post_name":"thomas-dansembourg","to_ping":"","pinged":"","post_modified":"2022-10-14 22:34:27","post_modified_gmt":"2022-10-14 20:34:27","post_content_filtered":"","post_parent":0,"guid":"http:\/\/dev.claret.cat\/autor\/thomas-dansembourg\/","menu_order":0,"post_type":"autor","post_mime_type":"","comment_count":"0","filter":"raw"}],"autor":"D\u00b4ANSEMBOURG, THOMAS","codart":"842931632","libros-coleccion":"Proyecto","ediciones":"1","encuadernacion":"R\u00fastica","fecha_de_publicacion":"08\/02\/2006","novedad":"0","paginas":"242","subtitulo":"","orden":"999","portada":"0","idioma":"spa"},"aioseo_notices":[],"_links":{"self":[{"href":"https:\/\/www.claret.cat\/es\/wp-json\/wp\/v2\/product\/339507","targetHints":{"allow":["GET"]}}],"collection":[{"href":"https:\/\/www.claret.cat\/es\/wp-json\/wp\/v2\/product"}],"about":[{"href":"https:\/\/www.claret.cat\/es\/wp-json\/wp\/v2\/types\/product"}],"wp:attachment":[{"href":"https:\/\/www.claret.cat\/es\/wp-json\/wp\/v2\/media?parent=339507"}],"wp:term":[{"taxonomy":"product_brand","embeddable":true,"href":"https:\/\/www.claret.cat\/es\/wp-json\/wp\/v2\/product_brand?post=339507"},{"taxonomy":"product_cat","embeddable":true,"href":"https:\/\/www.claret.cat\/es\/wp-json\/wp\/v2\/product_cat?post=339507"},{"taxonomy":"product_tag","embeddable":true,"href":"https:\/\/www.claret.cat\/es\/wp-json\/wp\/v2\/product_tag?post=339507"}],"curies":[{"name":"wp","href":"https:\/\/api.w.org\/{rel}","templated":true}]}}