{"id":339516,"date":"2023-01-13T08:40:35","date_gmt":"2023-01-13T07:40:35","guid":{"rendered":"https:\/\/www.claret.cat\/llibre\/experiencia-cristiana-y-psicoanalisis-9788429316384\/"},"modified":"2024-05-24T09:12:55","modified_gmt":"2024-05-24T07:12:55","slug":"experiencia-cristiana-y-psicoanalisis-9788429316384","status":"publish","type":"product","link":"https:\/\/www.claret.cat\/es\/libro\/experiencia-cristiana-y-psicoanalisis-9788429316384\/","title":{"rendered":"EXPERIENCIA CRISTIANA Y PSICOAN\u00c1LISIS"},"content":{"rendered":"<p>El psicoan\u00e1lisis ha supuesto un fuerte impacto en la visi\u00f3n del ser humano que pudi\u00e9ramos tener antes de Freud. Constituye, sin duda, una revoluci\u00f3n antropol\u00f3gica de la que la filosof\u00eda y otras ciencias humanas se hicieron eco, pero que no encontr\u00f3 siempre en la teolog\u00eda y la espiritualidad la misma resonancia. Miedos y fantasmas de todo tipo imped\u00edan dejarse interrogar por la gran cuesti\u00f3n psicoanal\u00edtica del inconsciente.<br \/>En esta obra, el autor pretende precisamente abrir el campo de la experiencia cristiana a dicha interrogaci\u00f3n, planteando de modo incisivo lo que puede significar de cara a temas tan fundamentales como la imagen de Dios, la salvaci\u00f3n, el pecado, la figura de Mar\u00eda, etc. Pero, dado que esencialmente se trata de interpelar una experiencia y no de establecer una mera especulaci\u00f3n te\u00f3rica (tantas veces de car\u00e1cter defensivo), se abordan tambi\u00e9n cuestiones como las de la eventual sanidad o patolog\u00eda de las experiencias de fe, las relaciones \u00edntimas entre la vida del deseo y la creencia, el papel de la angustia en el desarrollo de la religiosidad o las diversas modalidades de la identidad creyente.<br \/>El lector podr\u00e1 comprender a partir de estas p\u00e1ginas que el psicoan\u00e1lisis no viene ni a negar la fe ni a confirmarla: ninguna de ambas cosas le compete. Viene a ofrecer una interrogaci\u00f3n para quien desee vivir de modo m\u00e1s coherente y adulto sus posiciones m\u00e1s personales en la vida. Entre ellas, \u00bfqu\u00e9 duda cabe?, la de la experiencia de fe. La lectura de esta obra puede, por ello, contribuir de modo saludable a que dicha experiencia gane en autenticidad, honestidad y congruencia.<\/p>\n","protected":false},"excerpt":{"rendered":"<p>DOM\u00cdNGUEZ MORANO,CARLOS<\/p>\n","protected":false},"featured_media":339530,"template":"","meta":{"_acf_changed":false,"om_disable_all_campaigns":false,"rs_blank_template":"","rs_page_bg_color":"","slide_template_v7":"","inline_featured_image":false,"_monsterinsights_skip_tracking":false,"_monsterinsights_sitenote_active":false,"_monsterinsights_sitenote_note":"","_monsterinsights_sitenote_category":0},"product_brand":[],"product_cat":[237,488,449,181,275,413,180,448],"product_tag":[],"class_list":{"0":"post-339516","1":"product","2":"type-product","3":"status-publish","4":"has-post-thumbnail","6":"product_cat-cami-de-perfeccionament","7":"product_cat-camino-de-perfeccionamiento","8":"product_cat-de-la-personalidad-y-del-desarrollo","9":"product_cat-de-la-personalitat-i-del-desenvolupament","10":"product_cat-fonamental","11":"product_cat-fundamental","12":"product_cat-psiquiatria-i-psicoterapia","13":"product_cat-psiquiatria-y-psicoterapia","15":"first","16":"outofstock","17":"taxable","18":"shipping-taxable","19":"purchasable","20":"product-type-simple"},"acf":{"editorial":[{"ID":6351,"post_author":"3","post_date":"2022-07-28 17:50:19","post_date_gmt":"2022-07-28 15:50:19","post_content":"","post_title":"Sal Terrae","post_excerpt":"","post_status":"publish","comment_status":"closed","ping_status":"closed","post_password":"","post_name":"sal-terrae","to_ping":"","pinged":"","post_modified":"2022-07-28 17:50:19","post_modified_gmt":"2022-07-28 15:50:19","post_content_filtered":"","post_parent":0,"guid":"http:\/\/dev.claret.cat\/editorial\/sal-terrae\/","menu_order":0,"post_type":"editorial","post_mime_type":"","comment_count":"0","filter":"raw"}],"autores-libros":[{"ID":290305,"post_author":"3","post_date":"2022-12-10 14:40:22","post_date_gmt":"2022-12-10 13:40:22","post_content":"","post_title":"sj DOM\u00cdNGUEZ MORANO","post_excerpt":"","post_status":"publish","comment_status":"closed","ping_status":"closed","post_password":"","post_name":"sj-dominguez-morano","to_ping":"","pinged":"","post_modified":"2022-12-10 14:40:22","post_modified_gmt":"2022-12-10 13:40:22","post_content_filtered":"","post_parent":0,"guid":"http:\/\/dev.claret.cat\/autor\/sj-dominguez-morano\/","menu_order":0,"post_type":"autor","post_mime_type":"","comment_count":"0","filter":"raw"}],"autor":"DOM\u00cdNGUEZ MORANO,CARLOS","codart":"842931638","libros-coleccion":"PRESENCIA TEOL\u00d3GICA","ediciones":"1","encuadernacion":"R\u00fastica","fecha_de_publicacion":"19\/04\/2006","novedad":"0","paginas":"256","subtitulo":"","orden":"999","portada":"0","idioma":"spa"},"aioseo_notices":[],"_links":{"self":[{"href":"https:\/\/www.claret.cat\/es\/wp-json\/wp\/v2\/product\/339516","targetHints":{"allow":["GET"]}}],"collection":[{"href":"https:\/\/www.claret.cat\/es\/wp-json\/wp\/v2\/product"}],"about":[{"href":"https:\/\/www.claret.cat\/es\/wp-json\/wp\/v2\/types\/product"}],"wp:featuredmedia":[{"embeddable":true,"href":"https:\/\/www.claret.cat\/es\/wp-json\/wp\/v2\/media\/339530"}],"wp:attachment":[{"href":"https:\/\/www.claret.cat\/es\/wp-json\/wp\/v2\/media?parent=339516"}],"wp:term":[{"taxonomy":"product_brand","embeddable":true,"href":"https:\/\/www.claret.cat\/es\/wp-json\/wp\/v2\/product_brand?post=339516"},{"taxonomy":"product_cat","embeddable":true,"href":"https:\/\/www.claret.cat\/es\/wp-json\/wp\/v2\/product_cat?post=339516"},{"taxonomy":"product_tag","embeddable":true,"href":"https:\/\/www.claret.cat\/es\/wp-json\/wp\/v2\/product_tag?post=339516"}],"curies":[{"name":"wp","href":"https:\/\/api.w.org\/{rel}","templated":true}]}}