{"id":339576,"date":"2023-01-13T09:15:14","date_gmt":"2023-01-13T08:15:14","guid":{"rendered":"https:\/\/www.claret.cat\/llibre\/la-autoridad-de-la-verdad-9788429316551\/"},"modified":"2024-05-24T09:11:07","modified_gmt":"2024-05-24T07:11:07","slug":"la-autoridad-de-la-verdad-9788429316551","status":"publish","type":"product","link":"https:\/\/www.claret.cat\/es\/libro\/la-autoridad-de-la-verdad-9788429316551\/","title":{"rendered":"LA AUTORIDAD DE LA VERDAD"},"content":{"rendered":"<p>\u201cLa autoridad de la verdad\u201d intenta recoger lo m\u00e1s aut\u00e9ntico de la primitiva concepci\u00f3n del magisterio eclesi\u00e1stico, frente a \u201cla verdad de la autoridad\u201d que quisieron imponer los tradicionalistas del siglo XIX. Ateni\u00e9ndose s\u00f3lo al magisterio llamado \u201cordinario\u201d, que es el que hoy suscita m\u00e1s dificultades, arranca de una minuciosa constataci\u00f3n de hechos: el magisterio ordinario de la Iglesia se ha equivocado repetidas veces a lo largo de la historia (sobre todo en los dos \u00faltimos siglos) y en puntos decisivos. Lo cual, naturalmente, no quiere decir que se equivoque \u201csiempre\u201d, pero s\u00ed que puede seguir equivoc\u00e1ndose. Para evitarlo hay que superar una concepci\u00f3n \u201cinmediatista\u201d de la asistencia del Esp\u00edritu Santo y recuperar las aut\u00e9nticas mediaciones neotestamentarias de la acci\u00f3n del Esp\u00edritu, entre ellas la historicidad y la comuni\u00f3n.<\/p>\n","protected":false},"excerpt":{"rendered":"<p>GONZ\u00c1LEZ FAUS, JOS\u00c9 IGNAC<\/p>\n","protected":false},"featured_media":0,"template":"","meta":{"_acf_changed":false,"om_disable_all_campaigns":false,"rs_blank_template":"","rs_page_bg_color":"","slide_template_v7":"","inline_featured_image":false,"_monsterinsights_skip_tracking":false,"_monsterinsights_sitenote_active":false,"_monsterinsights_sitenote_note":"","_monsterinsights_sitenote_category":0},"product_brand":[],"product_cat":[283,511],"product_tag":[],"class_list":{"0":"post-339576","1":"product","2":"type-product","3":"status-publish","5":"product_cat-eclesiologia-teologia","6":"product_cat-eclesiologia-teologia-1_espiritualidad","8":"first","9":"outofstock","10":"taxable","11":"shipping-taxable","12":"purchasable","13":"product-type-simple"},"acf":{"editorial":[{"ID":6351,"post_author":"3","post_date":"2022-07-28 17:50:19","post_date_gmt":"2022-07-28 15:50:19","post_content":"","post_title":"Sal Terrae","post_excerpt":"","post_status":"publish","comment_status":"closed","ping_status":"closed","post_password":"","post_name":"sal-terrae","to_ping":"","pinged":"","post_modified":"2022-07-28 17:50:19","post_modified_gmt":"2022-07-28 15:50:19","post_content_filtered":"","post_parent":0,"guid":"http:\/\/dev.claret.cat\/editorial\/sal-terrae\/","menu_order":0,"post_type":"editorial","post_mime_type":"","comment_count":"0","filter":"raw"}],"autores-libros":[{"ID":5517,"post_author":"3","post_date":"2022-07-28 17:25:41","post_date_gmt":"2022-07-28 15:25:41","post_content":"","post_title":"GONZ\u00c1LEZ FAUS, JOS\u00c9 IGNACIO","post_excerpt":"","post_status":"publish","comment_status":"closed","ping_status":"closed","post_password":"","post_name":"gonzalez-faus-jose-ignacio","to_ping":"","pinged":"","post_modified":"2022-07-28 17:25:41","post_modified_gmt":"2022-07-28 15:25:41","post_content_filtered":"","post_parent":0,"guid":"http:\/\/dev.claret.cat\/autor\/gonzalez-faus-jose-ignacio\/","menu_order":0,"post_type":"autor","post_mime_type":"","comment_count":"0","filter":"raw"}],"autor":"GONZ\u00c1LEZ FAUS, JOS\u00c9 IGNAC","codart":"842931655","libros-coleccion":"PRESENCIA TEOL\u00d3GICA","ediciones":"1","encuadernacion":"R\u00fastica","fecha_de_publicacion":"12\/09\/2006","novedad":"0","paginas":"333","subtitulo":"MOMENTOS OSCUROS DEL MAGISTERIO ECLESI\u00c1STICO","orden":"999","portada":"0","idioma":"spa"},"aioseo_notices":[],"_links":{"self":[{"href":"https:\/\/www.claret.cat\/es\/wp-json\/wp\/v2\/product\/339576","targetHints":{"allow":["GET"]}}],"collection":[{"href":"https:\/\/www.claret.cat\/es\/wp-json\/wp\/v2\/product"}],"about":[{"href":"https:\/\/www.claret.cat\/es\/wp-json\/wp\/v2\/types\/product"}],"wp:attachment":[{"href":"https:\/\/www.claret.cat\/es\/wp-json\/wp\/v2\/media?parent=339576"}],"wp:term":[{"taxonomy":"product_brand","embeddable":true,"href":"https:\/\/www.claret.cat\/es\/wp-json\/wp\/v2\/product_brand?post=339576"},{"taxonomy":"product_cat","embeddable":true,"href":"https:\/\/www.claret.cat\/es\/wp-json\/wp\/v2\/product_cat?post=339576"},{"taxonomy":"product_tag","embeddable":true,"href":"https:\/\/www.claret.cat\/es\/wp-json\/wp\/v2\/product_tag?post=339576"}],"curies":[{"name":"wp","href":"https:\/\/api.w.org\/{rel}","templated":true}]}}