{"id":339688,"date":"2023-01-13T10:10:23","date_gmt":"2023-01-13T09:10:23","guid":{"rendered":"https:\/\/www.claret.cat\/llibre\/autobiografia-9788429317114\/"},"modified":"2025-05-28T11:50:14","modified_gmt":"2025-05-28T09:50:14","slug":"autobiografia-9788429317114","status":"publish","type":"product","link":"https:\/\/www.claret.cat\/es\/libro\/autobiografia-9788429317114\/","title":{"rendered":"AUTOBIOGRAF\u00cdA"},"content":{"rendered":"<p>La Autobiography de Gandhi en ingl\u00e9s, tal como fue publicada originariamente, y su History of Satyagraha in South Africa juntas ocupan casi mil p\u00e1ginas. Presentamos aqu\u00ed el primer intento de condensar estos dos libros en el espacio del presente volumen\u00bb, que se atiene \u00abrigurosamente a las propias palabras de Gandhi. S\u00f3lo en unos pocos lugares se han cambiado \u00e9stas cuando ha sido estrictamente necesario, y se puede asegurar que ni siquiera en esos casos se ha alterado en modo alguno lo que Gandhi quiso decir\u00bb.<br \/>Cuando pidieron a Gandhi que resumiera su mensaje para el mundo, tom\u00f3 un lapicero y escribi\u00f3 sobre un papel: \u00abMi vida es mi mensaje\u00bb.<br \/>El presente volumen nos ofrece el relato que el propio Gandhi hizo de su vida, en la cual, seg\u00fan sus propias palabras, \u00ablo \u00fanico que yo he hecho ha sido realizar experimentos en ambos campos a gran escala, seg\u00fan mis posibilidades. Al hacerlo, a veces me he equivocado y he aprendido de mis errores. De este modo, la vida y sus problemas se han convertido para m\u00ed en numerosos experimentos en la pr\u00e1ctica de la verdad y la no violencia\u00bb.<\/p>\n","protected":false},"excerpt":{"rendered":"<p>GANDHI, MOHANDAS; KUMARAPPA, BHARATAN<\/p>\n","protected":false},"featured_media":0,"template":"","meta":{"_acf_changed":false,"om_disable_all_campaigns":false,"rs_blank_template":"","rs_page_bg_color":"","slide_template_v7":"","inline_featured_image":false,"_monsterinsights_skip_tracking":false,"_monsterinsights_sitenote_active":false,"_monsterinsights_sitenote_note":"","_monsterinsights_sitenote_category":0},"product_brand":[],"product_cat":[368,151,182,378,491,241,437,163],"product_tag":[],"class_list":{"0":"post-339688","1":"product","2":"type-product","3":"status-publish","5":"product_cat-contemporanea","6":"product_cat-contemporania","7":"product_cat-social-i-economica","8":"product_cat-social-y-economica","9":"product_cat-testimonios","10":"product_cat-testimonis","11":"product_cat-valores-y-convivencia","12":"product_cat-valors-i-convivencia","14":"first","15":"outofstock","16":"taxable","17":"shipping-taxable","18":"purchasable","19":"product-type-simple"},"acf":{"editorial":[{"ID":6351,"post_author":"3","post_date":"2022-07-28 17:50:19","post_date_gmt":"2022-07-28 15:50:19","post_content":"","post_title":"Sal Terrae","post_excerpt":"","post_status":"publish","comment_status":"closed","ping_status":"closed","post_password":"","post_name":"sal-terrae","to_ping":"","pinged":"","post_modified":"2022-07-28 17:50:19","post_modified_gmt":"2022-07-28 15:50:19","post_content_filtered":"","post_parent":0,"guid":"http:\/\/dev.claret.cat\/editorial\/sal-terrae\/","menu_order":0,"post_type":"editorial","post_mime_type":"","comment_count":"0","filter":"raw"}],"autores-libros":[{"ID":290438,"post_author":"3","post_date":"2022-12-10 15:40:08","post_date_gmt":"2022-12-10 14:40:08","post_content":"","post_title":"MOHANDAS GANDHI","post_excerpt":"","post_status":"publish","comment_status":"closed","ping_status":"closed","post_password":"","post_name":"mohandas-gandhi-2","to_ping":"","pinged":"","post_modified":"2022-12-10 15:40:08","post_modified_gmt":"2022-12-10 14:40:08","post_content_filtered":"","post_parent":0,"guid":"http:\/\/dev.claret.cat\/autor\/mohandas-gandhi-2\/","menu_order":0,"post_type":"autor","post_mime_type":"","comment_count":"0","filter":"raw"},{"ID":290467,"post_author":"3","post_date":"2022-12-10 16:00:42","post_date_gmt":"2022-12-10 15:00:42","post_content":"","post_title":"BHARATAN KUMARAPPA","post_excerpt":"","post_status":"publish","comment_status":"closed","ping_status":"closed","post_password":"","post_name":"bharatan-kumarappa","to_ping":"","pinged":"","post_modified":"2022-12-10 16:00:42","post_modified_gmt":"2022-12-10 15:00:42","post_content_filtered":"","post_parent":0,"guid":"http:\/\/dev.claret.cat\/autor\/bharatan-kumarappa\/","menu_order":0,"post_type":"autor","post_mime_type":"","comment_count":"0","filter":"raw"}],"autor":"GANDHI, MOHANDAS; KUMARAPPA, BHARATAN","codart":"842931711","libros-coleccion":"Servidores y Testigos","ediciones":"1","encuadernacion":"R\u00fastica","fecha_de_publicacion":"12\/06\/2007","novedad":"0","paginas":"224","subtitulo":"EDICI\u00d3N ABREVIADA POR BHARATAN KUMARAPPA","orden":"999","portada":"0","idioma":"spa","booktrailer":"","resenas":""},"aioseo_notices":[],"_links":{"self":[{"href":"https:\/\/www.claret.cat\/es\/wp-json\/wp\/v2\/product\/339688","targetHints":{"allow":["GET"]}}],"collection":[{"href":"https:\/\/www.claret.cat\/es\/wp-json\/wp\/v2\/product"}],"about":[{"href":"https:\/\/www.claret.cat\/es\/wp-json\/wp\/v2\/types\/product"}],"wp:attachment":[{"href":"https:\/\/www.claret.cat\/es\/wp-json\/wp\/v2\/media?parent=339688"}],"wp:term":[{"taxonomy":"product_brand","embeddable":true,"href":"https:\/\/www.claret.cat\/es\/wp-json\/wp\/v2\/product_brand?post=339688"},{"taxonomy":"product_cat","embeddable":true,"href":"https:\/\/www.claret.cat\/es\/wp-json\/wp\/v2\/product_cat?post=339688"},{"taxonomy":"product_tag","embeddable":true,"href":"https:\/\/www.claret.cat\/es\/wp-json\/wp\/v2\/product_tag?post=339688"}],"curies":[{"name":"wp","href":"https:\/\/api.w.org\/{rel}","templated":true}]}}