{"id":339726,"date":"2023-01-13T10:35:13","date_gmt":"2023-01-13T09:35:13","guid":{"rendered":"https:\/\/www.claret.cat\/llibre\/la-vida-cristiana-9788429317190\/"},"modified":"2024-05-24T09:05:45","modified_gmt":"2024-05-24T07:05:45","slug":"la-vida-cristiana-9788429317190","status":"publish","type":"product","link":"https:\/\/www.claret.cat\/es\/libro\/la-vida-cristiana-9788429317190\/","title":{"rendered":"LA VIDA CRISTIANA"},"content":{"rendered":"<p>Hablar de vida cristiana no puede significar otra cosa que volver una y otra vez al Evangelio, a la Palabra y al Esp\u00edritu de Jesucristo. El Esp\u00edritu de Jes\u00fas, su inefable comuni\u00f3n con el Padre, su actitud ante la humanidad que amaba, su terrible experiencia de la muerte, el sentido inmenso de su resurrecci\u00f3n&#8230; son misterios siempre mayores que nosotros mismos. Pero es \u00e9ste y no otro el n\u00facleo del mensaje cristiano.<br \/>El presente estudio pretende aproximarse al mensaje \u00e9tico evang\u00e9lico en el marco de la tradici\u00f3n moral de la Iglesia. De esta tradici\u00f3n intenta aprender lo que es fiel al mensaje evang\u00e9lico, discerniendo lo que es preciso superar para avanzar en la misma fidelidad al Evangelio que la define. Esta obra quiere tener en cuenta, adem\u00e1s de la tradici\u00f3n moral eclesial, el ambiente cultural de hoy, con el pluralismo \u00e9tico que estamos constatando. Su actitud espiritual quiere ser fiel al esp\u00edritu del Concilio Vaticano II. Seg\u00fan este esp\u00edritu, nuestra reflexi\u00f3n quiere responder a dos actitudes: por una parte, una sincera disponibilidad al di\u00e1logo y a la colaboraci\u00f3n con todos, aportando y aprendiendo; y, por otra, la fidelidad m\u00e1s entra\u00f1able al mensaje de Jesucristo, porque \u201cen realidad, el misterio del hombre s\u00f3lo recibe su m\u00e1xima claridad en el misterio del Verbo encarnado\u201d (GS, 22a).<\/p>\n","protected":false},"excerpt":{"rendered":"<p>MORA, GASPAR<\/p>\n","protected":false},"featured_media":0,"template":"","meta":{"_acf_changed":false,"om_disable_all_campaigns":false,"rs_blank_template":"","rs_page_bg_color":"","slide_template_v7":"","inline_featured_image":false,"_monsterinsights_skip_tracking":false,"_monsterinsights_sitenote_active":false,"_monsterinsights_sitenote_note":"","_monsterinsights_sitenote_category":0},"product_brand":[],"product_cat":[511,283,288,514,491,241],"product_tag":[],"class_list":{"0":"post-339726","1":"product","2":"type-product","3":"status-publish","5":"product_cat-eclesiologia-teologia-1_espiritualidad","6":"product_cat-eclesiologia-teologia","7":"product_cat-moral-fonamental","8":"product_cat-moral-fundamental","9":"product_cat-testimonios","10":"product_cat-testimonis","12":"first","13":"outofstock","14":"taxable","15":"shipping-taxable","16":"purchasable","17":"product-type-simple"},"acf":{"editorial":[{"ID":6351,"post_author":"3","post_date":"2022-07-28 17:50:19","post_date_gmt":"2022-07-28 15:50:19","post_content":"","post_title":"Sal Terrae","post_excerpt":"","post_status":"publish","comment_status":"closed","ping_status":"closed","post_password":"","post_name":"sal-terrae","to_ping":"","pinged":"","post_modified":"2022-07-28 17:50:19","post_modified_gmt":"2022-07-28 15:50:19","post_content_filtered":"","post_parent":0,"guid":"http:\/\/dev.claret.cat\/editorial\/sal-terrae\/","menu_order":0,"post_type":"editorial","post_mime_type":"","comment_count":"0","filter":"raw"}],"autores-libros":[{"ID":8335,"post_author":"3","post_date":"2022-09-30 09:47:48","post_date_gmt":"2022-09-30 07:47:48","post_content":"","post_title":"GASPAR MORA","post_excerpt":"","post_status":"publish","comment_status":"closed","ping_status":"closed","post_password":"","post_name":"gaspar-mora","to_ping":"","pinged":"","post_modified":"2022-09-30 09:47:48","post_modified_gmt":"2022-09-30 07:47:48","post_content_filtered":"","post_parent":0,"guid":"http:\/\/dev.claret.cat\/autor\/gaspar-mora\/","menu_order":0,"post_type":"autor","post_mime_type":"","comment_count":"0","filter":"raw"}],"autor":"MORA, GASPAR","codart":"842931719","libros-coleccion":"PRESENCIA TEOL\u00d3GICA","ediciones":"1","encuadernacion":"R\u00fastica","fecha_de_publicacion":"20\/09\/2007","novedad":"0","paginas":"488","subtitulo":"TEOLOG\u00cdA MORAL FUNDAMENTAL","orden":"999","portada":"0","idioma":"spa"},"aioseo_notices":[],"_links":{"self":[{"href":"https:\/\/www.claret.cat\/es\/wp-json\/wp\/v2\/product\/339726","targetHints":{"allow":["GET"]}}],"collection":[{"href":"https:\/\/www.claret.cat\/es\/wp-json\/wp\/v2\/product"}],"about":[{"href":"https:\/\/www.claret.cat\/es\/wp-json\/wp\/v2\/types\/product"}],"wp:attachment":[{"href":"https:\/\/www.claret.cat\/es\/wp-json\/wp\/v2\/media?parent=339726"}],"wp:term":[{"taxonomy":"product_brand","embeddable":true,"href":"https:\/\/www.claret.cat\/es\/wp-json\/wp\/v2\/product_brand?post=339726"},{"taxonomy":"product_cat","embeddable":true,"href":"https:\/\/www.claret.cat\/es\/wp-json\/wp\/v2\/product_cat?post=339726"},{"taxonomy":"product_tag","embeddable":true,"href":"https:\/\/www.claret.cat\/es\/wp-json\/wp\/v2\/product_tag?post=339726"}],"curies":[{"name":"wp","href":"https:\/\/api.w.org\/{rel}","templated":true}]}}