{"id":339764,"date":"2023-01-13T10:50:17","date_gmt":"2023-01-13T09:50:17","guid":{"rendered":"https:\/\/www.claret.cat\/llibre\/porque-temo-amar-9788429317343\/"},"modified":"2025-09-18T16:55:12","modified_gmt":"2025-09-18T14:55:12","slug":"por-que-temo-amar-superar-el-rechazo-y-la-indiferencia-9788429317343","status":"publish","type":"product","link":"https:\/\/www.claret.cat\/es\/libro\/por-que-temo-amar-superar-el-rechazo-y-la-indiferencia-9788429317343\/","title":{"rendered":"POR QU\u00c9 TEMO AMAR? SUPERAR EL RECHAZO Y LA INDIFERENCIA"},"content":{"rendered":"<p>Sea cual sea lo que pueda y deba decirse del amor, es del todo evidente que el verdadero amor exige olvidarse de uno mismo. Muchas personas utilizan la palabra \u201camor\u201d y afirman su realidad sin comprender del todo el significado de la palabra o sin ser capaces de amar profundamente. \u00c9sta es la prueba del verdadero amor: \u00bfPodemos realmente olvidarnos de nosotros mismos? En el mercado hay muchos suced\u00e1neos a los que equivocadamente se da el nombre de amor. A veces podemos etiquetar como \u201camor\u201d la gratificaci\u00f3n de nuestras necesidades. Incluso podemos hacer cosas por los dem\u00e1s sin amarlos realmente. La prueba decisiva es siempre la del olvido personal.      \u00bfPodemos verdaderamente centrar nuestra mente en la felicidad y la realizaci\u00f3n de los dem\u00e1s?: \u00bfpodemos realmente preguntar, no ya qu\u00e9 har\u00e1n por nosotros los dem\u00e1s, sino simplemente qu\u00e9 podemos hacer nosotros por ellos? Si queremos amar de veras, debemos hacernos estas preguntas, porque hemos de ser conscientes de que somos muy capaces de utilizar a la gente en provecho nuestro para satisfacci\u00f3n de nuestras profundas y palpitantes necesidades humanas, y enga\u00f1arnos pensando que se trata realmente de amor. JOHN POWELL, jesuita graduado en Filosof\u00eda, Teolog\u00eda y Lenguas Cl\u00e1sicas, fue profesor en la Loyola University de Chicago, su ciudad natal. Es autor de m\u00e1s de veinte libros que han sido traducidos a treinta idiomas y de los que se han vendido m\u00e1s de 15 millones de ejemplares en todo el mundo. \u00bfPor qu\u00e9 temo decirte qui\u00e9n soy?, publicado en Sal Terrae en 1989, va ya por su 16\u00aa edici\u00f3n.<\/p>\n","protected":false},"excerpt":{"rendered":"<p>POWELL, JOHN<\/p>\n","protected":false},"featured_media":1050973,"template":"","meta":{"_acf_changed":false,"om_disable_all_campaigns":false,"rs_blank_template":"","rs_page_bg_color":"","slide_template_v7":"","inline_featured_image":false,"_monsterinsights_skip_tracking":false,"_monsterinsights_sitenote_active":false,"_monsterinsights_sitenote_note":"","_monsterinsights_sitenote_category":0},"product_brand":[],"product_cat":[90,540],"product_tag":[],"class_list":{"0":"post-339764","1":"product","2":"type-product","3":"status-publish","4":"has-post-thumbnail","6":"product_cat-altres","7":"product_cat-otros","9":"first","10":"instock","11":"taxable","12":"shipping-taxable","13":"purchasable","14":"product-type-simple"},"acf":{"editorial":[{"ID":6351,"post_author":"3","post_date":"2022-07-28 17:50:19","post_date_gmt":"2022-07-28 15:50:19","post_content":"","post_title":"Sal Terrae","post_excerpt":"","post_status":"publish","comment_status":"closed","ping_status":"closed","post_password":"","post_name":"sal-terrae","to_ping":"","pinged":"","post_modified":"2022-07-28 17:50:19","post_modified_gmt":"2022-07-28 15:50:19","post_content_filtered":"","post_parent":0,"guid":"http:\/\/dev.claret.cat\/editorial\/sal-terrae\/","menu_order":0,"post_type":"editorial","post_mime_type":"","comment_count":"0","filter":"raw"}],"autores-libros":[{"ID":159692,"post_author":"3","post_date":"2022-10-14 15:46:56","post_date_gmt":"2022-10-14 13:46:56","post_content":"","post_title":"JOHN POWELL","post_excerpt":"","post_status":"publish","comment_status":"closed","ping_status":"closed","post_password":"","post_name":"john-powell","to_ping":"","pinged":"","post_modified":"2022-10-14 15:46:56","post_modified_gmt":"2022-10-14 13:46:56","post_content_filtered":"","post_parent":0,"guid":"http:\/\/dev.claret.cat\/autor\/john-powell\/","menu_order":0,"post_type":"autor","post_mime_type":"","comment_count":"0","filter":"raw"}],"autor":"POWELL, JOHN","codart":"842931734","libros-coleccion":"Proyecto","ediciones":"1","encuadernacion":"R\u00fastica","fecha_de_publicacion":"01\/12\/2007","novedad":"0","paginas":"0","subtitulo":"","orden":"999","portada":"0","idioma":"spa","booktrailer":"","resenas":""},"aioseo_notices":[],"_links":{"self":[{"href":"https:\/\/www.claret.cat\/es\/wp-json\/wp\/v2\/product\/339764","targetHints":{"allow":["GET"]}}],"collection":[{"href":"https:\/\/www.claret.cat\/es\/wp-json\/wp\/v2\/product"}],"about":[{"href":"https:\/\/www.claret.cat\/es\/wp-json\/wp\/v2\/types\/product"}],"wp:featuredmedia":[{"embeddable":true,"href":"https:\/\/www.claret.cat\/es\/wp-json\/wp\/v2\/media\/1050973"}],"wp:attachment":[{"href":"https:\/\/www.claret.cat\/es\/wp-json\/wp\/v2\/media?parent=339764"}],"wp:term":[{"taxonomy":"product_brand","embeddable":true,"href":"https:\/\/www.claret.cat\/es\/wp-json\/wp\/v2\/product_brand?post=339764"},{"taxonomy":"product_cat","embeddable":true,"href":"https:\/\/www.claret.cat\/es\/wp-json\/wp\/v2\/product_cat?post=339764"},{"taxonomy":"product_tag","embeddable":true,"href":"https:\/\/www.claret.cat\/es\/wp-json\/wp\/v2\/product_tag?post=339764"}],"curies":[{"name":"wp","href":"https:\/\/api.w.org\/{rel}","templated":true}]}}