{"id":339774,"date":"2023-01-13T11:00:22","date_gmt":"2023-01-13T10:00:22","guid":{"rendered":"https:\/\/www.claret.cat\/llibre\/amor-incondicional-9788429317480\/"},"modified":"2026-03-17T17:40:42","modified_gmt":"2026-03-17T16:40:42","slug":"amor-incondicional-9788429317480","status":"publish","type":"product","link":"https:\/\/www.claret.cat\/es\/libro\/amor-incondicional-9788429317480\/","title":{"rendered":"AMOR INCONDICIONAL"},"content":{"rendered":"<p>La verdad del amor es que constituye un profundo consuelo, pero tambi\u00e9n un monumental desaf\u00edo. El amor me desaf\u00eda directamente a dejar de centrarme exclusivamente en m\u00ed mismo, haciendo que me olvide cada vez m\u00e1s de mi ello infantil para darme por completo a una causa o una persona a las que entrego libremente mi amor. El amor me exige aprender a centrar mi atenci\u00f3n en las necesidades de aquellos a quienes amo, lo cual me exige tener la suficiente sensibilidad para escuchar.<br \/>Cuando preguntaron a Sigmund Freud la definici\u00f3n de salud mental y emocional, dijo: \u00abEs la capacidad de trabajar y amar\u00bb. Y Alfred Adler dec\u00eda que \u00abtodos los fracasos humanos son resultado de la falta de amor\u00bb. Cada vez hay m\u00e1s psic\u00f3logos que valoran la capacidad de intimidad. Las personas con escasa capacidad para las relaciones de amor tienen diez veces m\u00e1s probabilidades de ser consideradas psiqui\u00e1tricamente enfermas. La evidencia experimental de los efectos discapacitadores de una vida sin amor se encuentra en la consulta de todo psiquiatra: llena de ni\u00f1os y adultos sin conciencia de su valor, sin sentido de identidad, llenos de odios y de miedos, y torturados por la ansiedad. El amor es costoso, pero las alternativas son mort\u00edferas.<\/p>\n","protected":false},"excerpt":{"rendered":"<p>POWELL, JOHN<\/p>\n","protected":false},"featured_media":1090056,"template":"","meta":{"_acf_changed":false,"om_disable_all_campaigns":false,"rs_blank_template":"","rs_page_bg_color":"","slide_template_v7":"","inline_featured_image":false,"_monsterinsights_skip_tracking":false,"_monsterinsights_sitenote_active":false,"_monsterinsights_sitenote_note":"","_monsterinsights_sitenote_category":0},"product_brand":[],"product_cat":[497,248,288,514,491,241,437,163],"product_tag":[],"class_list":{"0":"post-339774","1":"product","2":"type-product","3":"status-publish","4":"has-post-thumbnail","6":"product_cat-meditaciones","7":"product_cat-meditacions","8":"product_cat-moral-fonamental","9":"product_cat-moral-fundamental","10":"product_cat-testimonios","11":"product_cat-testimonis","12":"product_cat-valores-y-convivencia","13":"product_cat-valors-i-convivencia","15":"first","16":"instock","17":"taxable","18":"shipping-taxable","19":"purchasable","20":"product-type-simple"},"acf":{"editorial":[{"ID":6351,"post_author":"3","post_date":"2022-07-28 17:50:19","post_date_gmt":"2022-07-28 15:50:19","post_content":"","post_title":"Sal Terrae","post_excerpt":"","post_status":"publish","comment_status":"closed","ping_status":"closed","post_password":"","post_name":"sal-terrae","to_ping":"","pinged":"","post_modified":"2022-07-28 17:50:19","post_modified_gmt":"2022-07-28 15:50:19","post_content_filtered":"","post_parent":0,"guid":"http:\/\/dev.claret.cat\/editorial\/sal-terrae\/","menu_order":0,"post_type":"editorial","post_mime_type":"","comment_count":"0","filter":"raw"}],"autores-libros":[{"ID":159692,"post_author":"3","post_date":"2022-10-14 15:46:56","post_date_gmt":"2022-10-14 13:46:56","post_content":"","post_title":"JOHN POWELL","post_excerpt":"","post_status":"publish","comment_status":"closed","ping_status":"closed","post_password":"","post_name":"john-powell","to_ping":"","pinged":"","post_modified":"2022-10-14 15:46:56","post_modified_gmt":"2022-10-14 13:46:56","post_content_filtered":"","post_parent":0,"guid":"http:\/\/dev.claret.cat\/autor\/john-powell\/","menu_order":0,"post_type":"autor","post_mime_type":"","comment_count":"0","filter":"raw"}],"autor":"POWELL, JOHN","codart":"842931748","libros-coleccion":"Proyecto","ediciones":"1","encuadernacion":"R\u00fastica","fecha_de_publicacion":"12\/03\/2008","novedad":"0","paginas":"102","subtitulo":"EL AMOR NO TIENE L\u00cdMITES","orden":"999","portada":"0","idioma":"spa","booktrailer":"","resenas":""},"aioseo_notices":[],"_links":{"self":[{"href":"https:\/\/www.claret.cat\/es\/wp-json\/wp\/v2\/product\/339774","targetHints":{"allow":["GET"]}}],"collection":[{"href":"https:\/\/www.claret.cat\/es\/wp-json\/wp\/v2\/product"}],"about":[{"href":"https:\/\/www.claret.cat\/es\/wp-json\/wp\/v2\/types\/product"}],"wp:featuredmedia":[{"embeddable":true,"href":"https:\/\/www.claret.cat\/es\/wp-json\/wp\/v2\/media\/1090056"}],"wp:attachment":[{"href":"https:\/\/www.claret.cat\/es\/wp-json\/wp\/v2\/media?parent=339774"}],"wp:term":[{"taxonomy":"product_brand","embeddable":true,"href":"https:\/\/www.claret.cat\/es\/wp-json\/wp\/v2\/product_brand?post=339774"},{"taxonomy":"product_cat","embeddable":true,"href":"https:\/\/www.claret.cat\/es\/wp-json\/wp\/v2\/product_cat?post=339774"},{"taxonomy":"product_tag","embeddable":true,"href":"https:\/\/www.claret.cat\/es\/wp-json\/wp\/v2\/product_tag?post=339774"}],"curies":[{"name":"wp","href":"https:\/\/api.w.org\/{rel}","templated":true}]}}