{"id":33991,"date":"2022-10-02T17:41:08","date_gmt":"2022-10-02T15:41:08","guid":{"rendered":"http:\/\/dev.claret.cat\/producte\/hex-historias-extraordinarias\/"},"modified":"2023-10-06T08:20:02","modified_gmt":"2023-10-06T06:20:02","slug":"hex-historias-extraordinarias-9788419172174","status":"publish","type":"product","link":"https:\/\/www.claret.cat\/es\/libro\/hex-historias-extraordinarias-9788419172174\/","title":{"rendered":"HEX (HISTORIAS EXTRAORDINARIAS)"},"content":{"rendered":"<p>M\u00e1s all\u00e1 de cifras, fechas y grandes nombres, est\u00e1 la otra historia. La historia de los seres humanos tal como son, capaces de haza\u00f1as sobrenaturales, cargados de debilidades muy comunes. El relato de unos hechos aparentemente irrelevantes, pero que describen, tanto o m\u00e1s que los hitos de la historia oficial, el esplendor y la miseria de la vida humana.<\/p>\n<p> El hombre m\u00e1s poderoso de la historia se pas\u00f3 la vida sufriendo porque era calvo. La que lleg\u00f3 a ser la actriz m\u00e1s famosa de Hollywood solo quer\u00eda bailar para combatir a los nazis. Dos jefes militares de dos pa\u00edses enemigos a orillas de un lago africano fingieron hacerse la guerra (mientras el resto del mundo se mataba) para poder seguir bebiendo<br \/> juntos. Un miserable invent\u00f3 el terrorismo moderno para estafar a una compa\u00f1\u00eda de seguros. Dos pilotos de guerra que se disparaban en el cielo se abrazaban en la tierra.<br \/> Un poeta de dientes verdes y aliento f\u00e9tido decidi\u00f3 tomar una ciudad, inspirando as\u00ed el primer fascismo. Dos dentistas decidieron invadir Francia, durante la Segunda Guerra Mundial&#8230; porque se aburr\u00edan.<\/p>\n<p> Estas, y muchas otras historias que nos pasan desapercibidas camufladas en la absurda cotidianeidad, son las que nos cuenta Daniel L\u00f3pez Valle. Construyendo, desde su asombrosa erudici\u00f3n, un relato lleno de emoci\u00f3n y ternura. El mejor homenaje a estos h\u00e9roes ocultos, a estas proezas olvidadas.<\/p>\n","protected":false},"excerpt":{"rendered":"<p>L\u00d3PEZ VALLE, DANIEL<\/p>\n","protected":false},"featured_media":328459,"template":"","meta":{"_acf_changed":false,"om_disable_all_campaigns":false,"rs_blank_template":"","rs_page_bg_color":"","slide_template_v7":"","inline_featured_image":false,"_monsterinsights_skip_tracking":false,"_monsterinsights_sitenote_active":false,"_monsterinsights_sitenote_note":"","_monsterinsights_sitenote_category":0},"product_brand":[],"product_cat":[549],"product_tag":[],"class_list":{"0":"post-33991","1":"product","2":"type-product","3":"status-publish","4":"has-post-thumbnail","6":"product_cat-biografias","8":"first","9":"instock","10":"taxable","11":"shipping-taxable","12":"purchasable","13":"product-type-simple"},"acf":{"autor":"L\u00d3PEZ VALLE, DANIEL","codart":"841917217","libros-coleccion":"Narrativa","ediciones":"1","encuadernacion":"Carton\u00e9","fecha_de_publicacion":"01\/09\/2022","novedad":"1","paginas":"213","subtitulo":"PROEZAS OLVIDADAS, PASIONES HUMANAS Y CAPRICHOS HIST\u00d3RICOS QUE HAN MARCADO A LA","orden":"0","portada":"0","idioma":"spa","editorial":[{"ID":6146,"post_author":"3","post_date":"2022-07-28 17:45:52","post_date_gmt":"2022-07-28 15:45:52","post_content":"","post_title":"Blackie Books","post_excerpt":"","post_status":"publish","comment_status":"closed","ping_status":"closed","post_password":"","post_name":"blackie-books","to_ping":"","pinged":"","post_modified":"2022-07-28 17:45:52","post_modified_gmt":"2022-07-28 15:45:52","post_content_filtered":"","post_parent":0,"guid":"http:\/\/dev.claret.cat\/editorial\/blackie-books\/","menu_order":0,"post_type":"editorial","post_mime_type":"","comment_count":"0","filter":"raw"}],"autores-libros":[{"ID":5376,"post_author":"3","post_date":"2022-07-28 17:22:38","post_date_gmt":"2022-07-28 15:22:38","post_content":"","post_title":"DANIEL LOPEZ VALLE","post_excerpt":"","post_status":"publish","comment_status":"closed","ping_status":"closed","post_password":"","post_name":"daniel-lopez-valle","to_ping":"","pinged":"","post_modified":"2022-07-28 17:22:38","post_modified_gmt":"2022-07-28 15:22:38","post_content_filtered":"","post_parent":0,"guid":"http:\/\/dev.claret.cat\/autor\/daniel-lopez-valle\/","menu_order":0,"post_type":"autor","post_mime_type":"","comment_count":"0","filter":"raw"}]},"aioseo_notices":[],"_links":{"self":[{"href":"https:\/\/www.claret.cat\/es\/wp-json\/wp\/v2\/product\/33991","targetHints":{"allow":["GET"]}}],"collection":[{"href":"https:\/\/www.claret.cat\/es\/wp-json\/wp\/v2\/product"}],"about":[{"href":"https:\/\/www.claret.cat\/es\/wp-json\/wp\/v2\/types\/product"}],"wp:featuredmedia":[{"embeddable":true,"href":"https:\/\/www.claret.cat\/es\/wp-json\/wp\/v2\/media\/328459"}],"wp:attachment":[{"href":"https:\/\/www.claret.cat\/es\/wp-json\/wp\/v2\/media?parent=33991"}],"wp:term":[{"taxonomy":"product_brand","embeddable":true,"href":"https:\/\/www.claret.cat\/es\/wp-json\/wp\/v2\/product_brand?post=33991"},{"taxonomy":"product_cat","embeddable":true,"href":"https:\/\/www.claret.cat\/es\/wp-json\/wp\/v2\/product_cat?post=33991"},{"taxonomy":"product_tag","embeddable":true,"href":"https:\/\/www.claret.cat\/es\/wp-json\/wp\/v2\/product_tag?post=33991"}],"curies":[{"name":"wp","href":"https:\/\/api.w.org\/{rel}","templated":true}]}}