{"id":34042,"date":"2022-10-02T17:41:57","date_gmt":"2022-10-02T15:41:57","guid":{"rendered":"http:\/\/dev.claret.cat\/producte\/malestamos\/"},"modified":"2023-10-06T08:04:51","modified_gmt":"2023-10-06T06:04:51","slug":"malestamos-9788412553970","status":"publish","type":"product","link":"https:\/\/www.claret.cat\/es\/libro\/malestamos-9788412553970\/","title":{"rendered":"MALESTAMOS"},"content":{"rendered":"<p>Un sentimiento recorre nuestras vidas. No es ansiedad, no es depresi\u00f3n, no es euforia ni inquietud. Es, simplemente, que estamos mal. Vivimos en sociedades que hablan de salud mental pero que, en realidad, est\u00e1n hablando de un conjunto de conceptos entremezclados: desesperanza, cansancio, falta de expectativas, estr\u00e9s, preocupaci\u00f3n y dificultad para saber cu\u00e1ndo se acabar\u00e1 ese sentimiento. El malestar del que hablamos tiene mucho que ver con la incapacidad de imaginar un futuro que sea realizable, con la falta de certezas sobre lo que ocurrir\u00e1 ma\u00f1ana o sobre el reflejo que nos sale al pensar que lo que venga ser\u00e1 siempre peor que lo que ya pas\u00f3. Ante esto, la primera pulsi\u00f3n de la sociedad parece ser la patologizaci\u00f3n de ese malestar, ya sea por la v\u00eda de la terapia o del psicof\u00e1rmaco. Una opci\u00f3n alternativa, pero igualmente frecuente en ciertos \u00e1mbitos, es la negaci\u00f3n de la singularidad del sufrimiento y la llamada a la politizaci\u00f3n como respuesta \u00fanica posible. En este libro tratamos de abordar los falsos dilemas ante los que nos enfrentamos al hablar de \u00ablo que nos pasa\u00bb, mirando a las ra\u00edces del sufrimiento ps\u00edquico y planteando soluciones que no eludan la complejidad del problema. La salida de esta situaci\u00f3n generalizada de desesperanza no puede recaer sobre la atenci\u00f3n individualizada, sino que alude de forma directa a intervenciones en el \u00e1mbito del trabajo, de los derechos de subsistencia y la ampliaci\u00f3n a derechos vinculados a los valores posmateriales \u2014autonom\u00eda, libertad de expresi\u00f3n, desarrollo de la democracia, etc.\u2014 y que son los que hacen que nos podamos permitir pensar en la conquista del futuro.<\/p>\n","protected":false},"excerpt":{"rendered":"<p>PADILLA, JAVIER \/ CARMONA, MARTA<\/p>\n","protected":false},"featured_media":51227,"template":"","meta":{"_acf_changed":false,"om_disable_all_campaigns":false,"rs_blank_template":"","rs_page_bg_color":"","slide_template_v7":"","inline_featured_image":false,"_monsterinsights_skip_tracking":false,"_monsterinsights_sitenote_active":false,"_monsterinsights_sitenote_note":"","_monsterinsights_sitenote_category":0},"product_brand":[],"product_cat":[376],"product_tag":[],"class_list":{"0":"post-34042","1":"product","2":"type-product","3":"status-publish","4":"has-post-thumbnail","6":"product_cat-autores-psicologia-2_humanidades","8":"first","9":"instock","10":"taxable","11":"shipping-taxable","12":"purchasable","13":"product-type-simple"},"acf":{"autor":"PADILLA, JAVIER \/ CARMONA, MARTA","codart":"841255397","libros-coleccion":"Ensayo","ediciones":"1","encuadernacion":"R\u00fastica","fecha_de_publicacion":"01\/09\/2022","novedad":"1","paginas":"102","subtitulo":"CUANDO ESTAR MAL ES UN PROBLEMA COLECTIVO","orden":"0","portada":"0","idioma":"spa","editorial":[{"ID":6153,"post_author":"3","post_date":"2022-07-28 17:46:01","post_date_gmt":"2022-07-28 15:46:01","post_content":"","post_title":"CAPITAN SWING LIBROS","post_excerpt":"","post_status":"publish","comment_status":"closed","ping_status":"closed","post_password":"","post_name":"capitan-swing-libros","to_ping":"","pinged":"","post_modified":"2022-07-28 17:46:01","post_modified_gmt":"2022-07-28 15:46:01","post_content_filtered":"","post_parent":0,"guid":"http:\/\/dev.claret.cat\/editorial\/capitan-swing-libros\/","menu_order":0,"post_type":"editorial","post_mime_type":"","comment_count":"0","filter":"raw"}],"autores-libros":[{"ID":158761,"post_author":"3","post_date":"2022-10-14 15:39:24","post_date_gmt":"2022-10-14 13:39:24","post_content":"","post_title":"JAVIER PADILLA","post_excerpt":"","post_status":"publish","comment_status":"closed","ping_status":"closed","post_password":"","post_name":"javier-padilla","to_ping":"","pinged":"","post_modified":"2022-10-14 15:39:24","post_modified_gmt":"2022-10-14 13:39:24","post_content_filtered":"","post_parent":0,"guid":"http:\/\/dev.claret.cat\/autor\/javier-padilla\/","menu_order":0,"post_type":"autor","post_mime_type":"","comment_count":"0","filter":"raw"},{"ID":164129,"post_author":"3","post_date":"2022-10-14 17:44:35","post_date_gmt":"2022-10-14 15:44:35","post_content":"","post_title":"MARTA CARMONA","post_excerpt":"","post_status":"publish","comment_status":"closed","ping_status":"closed","post_password":"","post_name":"marta-carmona","to_ping":"","pinged":"","post_modified":"2022-10-14 17:44:35","post_modified_gmt":"2022-10-14 15:44:35","post_content_filtered":"","post_parent":0,"guid":"http:\/\/dev.claret.cat\/autor\/marta-carmona\/","menu_order":0,"post_type":"autor","post_mime_type":"","comment_count":"0","filter":"raw"}]},"aioseo_notices":[],"_links":{"self":[{"href":"https:\/\/www.claret.cat\/es\/wp-json\/wp\/v2\/product\/34042","targetHints":{"allow":["GET"]}}],"collection":[{"href":"https:\/\/www.claret.cat\/es\/wp-json\/wp\/v2\/product"}],"about":[{"href":"https:\/\/www.claret.cat\/es\/wp-json\/wp\/v2\/types\/product"}],"wp:featuredmedia":[{"embeddable":true,"href":"https:\/\/www.claret.cat\/es\/wp-json\/wp\/v2\/media\/51227"}],"wp:attachment":[{"href":"https:\/\/www.claret.cat\/es\/wp-json\/wp\/v2\/media?parent=34042"}],"wp:term":[{"taxonomy":"product_brand","embeddable":true,"href":"https:\/\/www.claret.cat\/es\/wp-json\/wp\/v2\/product_brand?post=34042"},{"taxonomy":"product_cat","embeddable":true,"href":"https:\/\/www.claret.cat\/es\/wp-json\/wp\/v2\/product_cat?post=34042"},{"taxonomy":"product_tag","embeddable":true,"href":"https:\/\/www.claret.cat\/es\/wp-json\/wp\/v2\/product_tag?post=34042"}],"curies":[{"name":"wp","href":"https:\/\/api.w.org\/{rel}","templated":true}]}}