{"id":341016,"date":"2023-01-13T12:40:12","date_gmt":"2023-01-13T11:40:12","guid":{"rendered":"https:\/\/www.claret.cat\/llibre\/como-programar-la-catequesis-9788429317671\/"},"modified":"2024-05-24T09:00:34","modified_gmt":"2024-05-24T07:00:34","slug":"como-programar-la-catequesis-9788429317671","status":"publish","type":"product","link":"https:\/\/www.claret.cat\/es\/libro\/como-programar-la-catequesis-9788429317671\/","title":{"rendered":"C\u00d3MO PROGRAMAR LA CATEQUESIS"},"content":{"rendered":"<p>He aqu\u00ed un instrumento \u00e1gil, casi un \u00abvadem\u00e9cum\u00bb, que pretende acompa\u00f1ar a los\/as catequistas, paso a paso, en el dif\u00edcil arte de la programaci\u00f3n de la catequesis.<br \/>Tras una introducci\u00f3n sobre el sentido del itinerario (cap. 1), se hace un recorrido por las distintas etapas que constituyen la programaci\u00f3n catequ\u00e9tica: an\u00e1lisis de la situaci\u00f3n de la que se parte (cap. 2), clarificaci\u00f3n de las finalidades y formulaci\u00f3n de objetivos (cap. 3), el orden de los contenidos (cap. 4) y los m\u00e9todos (cap. 5), la preparaci\u00f3n de los materiales, el modo de llevar las reuniones, de dirigir las etapas y la evaluaci\u00f3n intermedia (cap. 6) y final (cap. 7). Finalmente, se presenta un ejemplo de programaci\u00f3n (cap. 8) y la conclusi\u00f3n (cap. 9).<br \/>Se a\u00f1aden como ap\u00e9ndice 4 tests y algunos cuadros y hojas de trabajo, \u00fatiles a la hora de presentar sint\u00e9ticamente la programaci\u00f3n. Finalmente, una nota bibliogr\u00e1fica invita a profundizar el tema y a tener otros elementos de contraste.<br \/>Cada cap\u00edtulo contiene:<br \/>\u2013 un breve resumen de los contenidos en forma \u00abinterrogativa\u00bb y una precisi\u00f3n de los objetivos para el\/la catequista;<br \/>\u2013 una exposici\u00f3n razonada del contenido;<br \/>\u2013 la propuesta de un \u00ablaboratorio catequ\u00e9tico\u00bb que facilite la programaci\u00f3n.<\/p>\n","protected":false},"excerpt":{"rendered":"<p>RUTA, GIUSEPPE<\/p>\n","protected":false},"featured_media":0,"template":"","meta":{"_acf_changed":false,"om_disable_all_campaigns":false,"rs_blank_template":"","rs_page_bg_color":"","slide_template_v7":"","inline_featured_image":false,"_monsterinsights_skip_tracking":false,"_monsterinsights_sitenote_active":false,"_monsterinsights_sitenote_note":"","_monsterinsights_sitenote_category":0},"product_brand":[],"product_cat":[226,388,189,453,227,389],"product_tag":[],"class_list":{"0":"post-341016","1":"product","2":"type-product","3":"status-publish","5":"product_cat-didactica","6":"product_cat-didactica-catequesis-1_espiritualidad","7":"product_cat-didactica-i-praxi-escolar","8":"product_cat-didactica-y-praxis-escolar","9":"product_cat-formacio","10":"product_cat-formacion","12":"first","13":"outofstock","14":"taxable","15":"shipping-taxable","16":"purchasable","17":"product-type-simple"},"acf":{"editorial":[{"ID":6351,"post_author":"3","post_date":"2022-07-28 17:50:19","post_date_gmt":"2022-07-28 15:50:19","post_content":"","post_title":"Sal Terrae","post_excerpt":"","post_status":"publish","comment_status":"closed","ping_status":"closed","post_password":"","post_name":"sal-terrae","to_ping":"","pinged":"","post_modified":"2022-07-28 17:50:19","post_modified_gmt":"2022-07-28 15:50:19","post_content_filtered":"","post_parent":0,"guid":"http:\/\/dev.claret.cat\/editorial\/sal-terrae\/","menu_order":0,"post_type":"editorial","post_mime_type":"","comment_count":"0","filter":"raw"}],"autores-libros":[{"ID":290588,"post_author":"3","post_date":"2022-12-10 17:01:08","post_date_gmt":"2022-12-10 16:01:08","post_content":"","post_title":"GIUSEPPE RUTA","post_excerpt":"","post_status":"publish","comment_status":"closed","ping_status":"closed","post_password":"","post_name":"giuseppe-ruta","to_ping":"","pinged":"","post_modified":"2022-12-10 17:01:08","post_modified_gmt":"2022-12-10 16:01:08","post_content_filtered":"","post_parent":0,"guid":"http:\/\/dev.claret.cat\/autor\/giuseppe-ruta\/","menu_order":0,"post_type":"autor","post_mime_type":"","comment_count":"0","filter":"raw"}],"autor":"RUTA, GIUSEPPE","codart":"842931767","libros-coleccion":"Recursos Catequ\u00e9ticos","ediciones":"1","encuadernacion":"R\u00fastica","fecha_de_publicacion":"17\/09\/2008","novedad":"0","paginas":"152","subtitulo":"TEOR\u00cdA Y PR\u00c1CTICA DE LA PROGRAMACI\u00d3N PARA LOS CATEQUISTAS","orden":"999","portada":"0","idioma":"spa"},"aioseo_notices":[],"_links":{"self":[{"href":"https:\/\/www.claret.cat\/es\/wp-json\/wp\/v2\/product\/341016","targetHints":{"allow":["GET"]}}],"collection":[{"href":"https:\/\/www.claret.cat\/es\/wp-json\/wp\/v2\/product"}],"about":[{"href":"https:\/\/www.claret.cat\/es\/wp-json\/wp\/v2\/types\/product"}],"wp:attachment":[{"href":"https:\/\/www.claret.cat\/es\/wp-json\/wp\/v2\/media?parent=341016"}],"wp:term":[{"taxonomy":"product_brand","embeddable":true,"href":"https:\/\/www.claret.cat\/es\/wp-json\/wp\/v2\/product_brand?post=341016"},{"taxonomy":"product_cat","embeddable":true,"href":"https:\/\/www.claret.cat\/es\/wp-json\/wp\/v2\/product_cat?post=341016"},{"taxonomy":"product_tag","embeddable":true,"href":"https:\/\/www.claret.cat\/es\/wp-json\/wp\/v2\/product_tag?post=341016"}],"curies":[{"name":"wp","href":"https:\/\/api.w.org\/{rel}","templated":true}]}}