{"id":341031,"date":"2023-01-13T12:55:27","date_gmt":"2023-01-13T11:55:27","guid":{"rendered":"https:\/\/www.claret.cat\/llibre\/escritos-esenciales-9788429317794\/"},"modified":"2024-05-24T08:59:37","modified_gmt":"2024-05-24T06:59:37","slug":"escritos-esenciales-9788429317794","status":"publish","type":"product","link":"https:\/\/www.claret.cat\/es\/libro\/escritos-esenciales-9788429317794\/","title":{"rendered":"ESCRITOS ESENCIALES"},"content":{"rendered":"<p>A pesar de los siglos transcurridos desde que Teresa de Jes\u00fas vivi\u00f3 entre nosotros (1515-1582), su vida, su quehacer, y m\u00e1s a\u00fan su pensamiento, siguen siendo de permanente actualidad, como lo reconoci\u00f3 Pablo VI al proclamarla Doctora de la Iglesia (1970), recogiendo el clamor popular y el sentir de los estudiosos de la espiritualidad.<br \/>Y nada mejor para comprobarlo que acercarse a sus escritos, en los que todav\u00eda late su esp\u00edritu y se adivina su presencia y, lo que es m\u00e1s, se percibe palpable y caliente a\u00fan su relaci\u00f3n con Dios, el Se\u00f1or a quien consagra su vida y con el que entabla un di\u00e1logo permanente a trav\u00e9s de la oraci\u00f3n. Oraci\u00f3n que al final resulta ser el eje central de su vida y de su espiritualidad.<br \/>Estas p\u00e1ginas que resumen sus escritos esenciales, no son un simple florilegio al uso, al hilo de unos temas determinados, sino que van siguiendo la secuencia completa de su pensamiento en cada uno de sus Libros, que, adem\u00e1s de ofrecernos el eco de sus vivencias, nos invitan con palabra persuasiva a repetir su experiencia de oraci\u00f3n y de b\u00fasqueda de un Dios-Amigo, siempre amoroso y cercano<br \/>Pero a decir verdad, y usando el propio lenguaje de Santa Teresa, si algo pretenden estas p\u00e1ginas de sus escritos esenciales es \u00abengolosinar\u00bb al lector. Es decir, que la lectura de estas p\u00e1ginas suscite el deseo de conocer y saborear en su totalidad los escritos teresianos y dejarse guiar por su jugosa espiritualidad.<\/p>\n","protected":false},"excerpt":{"rendered":"<p>RUIZ, ALFONSO, OCD &#8211; TERESA DE JES\u00daS<\/p>\n","protected":false},"featured_media":0,"template":"","meta":{"_acf_changed":false,"om_disable_all_campaigns":false,"rs_blank_template":"","rs_page_bg_color":"","slide_template_v7":"","inline_featured_image":false,"_monsterinsights_skip_tracking":false,"_monsterinsights_sitenote_active":false,"_monsterinsights_sitenote_note":"","_monsterinsights_sitenote_category":0},"product_brand":[],"product_cat":[90,540],"product_tag":[],"class_list":{"0":"post-341031","1":"product","2":"type-product","3":"status-publish","5":"product_cat-altres","6":"product_cat-otros","8":"first","9":"instock","10":"taxable","11":"shipping-taxable","12":"purchasable","13":"product-type-simple"},"acf":{"editorial":[{"ID":6351,"post_author":"3","post_date":"2022-07-28 17:50:19","post_date_gmt":"2022-07-28 15:50:19","post_content":"","post_title":"Sal Terrae","post_excerpt":"","post_status":"publish","comment_status":"closed","ping_status":"closed","post_password":"","post_name":"sal-terrae","to_ping":"","pinged":"","post_modified":"2022-07-28 17:50:19","post_modified_gmt":"2022-07-28 15:50:19","post_content_filtered":"","post_parent":0,"guid":"http:\/\/dev.claret.cat\/editorial\/sal-terrae\/","menu_order":0,"post_type":"editorial","post_mime_type":"","comment_count":"0","filter":"raw"}],"autores-libros":[{"ID":290621,"post_author":"3","post_date":"2022-12-10 17:30:15","post_date_gmt":"2022-12-10 16:30:15","post_content":"","post_title":"ALFONSO RUIZ","post_excerpt":"","post_status":"publish","comment_status":"closed","ping_status":"closed","post_password":"","post_name":"alfonso-ruiz","to_ping":"","pinged":"","post_modified":"2022-12-10 17:30:15","post_modified_gmt":"2022-12-10 16:30:15","post_content_filtered":"","post_parent":0,"guid":"http:\/\/dev.claret.cat\/autor\/alfonso-ruiz\/","menu_order":0,"post_type":"autor","post_mime_type":"","comment_count":"0","filter":"raw"}],"autor":"RUIZ, ALFONSO, OCD - TERESA DE JES\u00daS","codart":"842931779","libros-coleccion":"El Pozo de Siquem","ediciones":"1","encuadernacion":"R\u00fastica","fecha_de_publicacion":"11\/11\/2008","novedad":"0","paginas":"296","subtitulo":"","orden":"999","portada":"0","idioma":"spa"},"aioseo_notices":[],"_links":{"self":[{"href":"https:\/\/www.claret.cat\/es\/wp-json\/wp\/v2\/product\/341031","targetHints":{"allow":["GET"]}}],"collection":[{"href":"https:\/\/www.claret.cat\/es\/wp-json\/wp\/v2\/product"}],"about":[{"href":"https:\/\/www.claret.cat\/es\/wp-json\/wp\/v2\/types\/product"}],"wp:attachment":[{"href":"https:\/\/www.claret.cat\/es\/wp-json\/wp\/v2\/media?parent=341031"}],"wp:term":[{"taxonomy":"product_brand","embeddable":true,"href":"https:\/\/www.claret.cat\/es\/wp-json\/wp\/v2\/product_brand?post=341031"},{"taxonomy":"product_cat","embeddable":true,"href":"https:\/\/www.claret.cat\/es\/wp-json\/wp\/v2\/product_cat?post=341031"},{"taxonomy":"product_tag","embeddable":true,"href":"https:\/\/www.claret.cat\/es\/wp-json\/wp\/v2\/product_tag?post=341031"}],"curies":[{"name":"wp","href":"https:\/\/api.w.org\/{rel}","templated":true}]}}