{"id":341120,"date":"2023-01-13T13:26:44","date_gmt":"2023-01-13T12:26:44","guid":{"rendered":"https:\/\/www.claret.cat\/llibre\/adultos-en-la-comunidad-cristiana-9788429318982\/"},"modified":"2026-03-30T13:50:06","modified_gmt":"2026-03-30T11:50:06","slug":"adultos-en-la-comunidad-cristiana-9788429318982","status":"publish","type":"product","link":"https:\/\/www.claret.cat\/es\/libro\/adultos-en-la-comunidad-cristiana-9788429318982\/","title":{"rendered":"ADULTOS EN LA COMUNIDAD CRISTIANA"},"content":{"rendered":"","protected":false},"excerpt":{"rendered":"<p>BARGHIGLIONI, EGIDIO Y MARIELLA; MEDDI, LUCIANO<\/p>\n","protected":false},"featured_media":0,"template":"","meta":{"_acf_changed":false,"om_disable_all_campaigns":false,"rs_blank_template":"","rs_page_bg_color":"","slide_template_v7":"","inline_featured_image":false,"_monsterinsights_skip_tracking":false,"_monsterinsights_sitenote_active":false,"_monsterinsights_sitenote_note":"","_monsterinsights_sitenote_category":0},"product_brand":[],"product_cat":[90,540],"product_tag":[],"class_list":{"0":"post-341120","1":"product","2":"type-product","3":"status-publish","5":"product_cat-altres","6":"product_cat-otros","8":"first","9":"instock","10":"taxable","11":"shipping-taxable","12":"purchasable","13":"product-type-simple"},"acf":{"editorial":[{"ID":6351,"post_author":"3","post_date":"2022-07-28 17:50:19","post_date_gmt":"2022-07-28 15:50:19","post_content":"","post_title":"Sal Terrae","post_excerpt":"","post_status":"publish","comment_status":"closed","ping_status":"closed","post_password":"","post_name":"sal-terrae","to_ping":"","pinged":"","post_modified":"2022-07-28 17:50:19","post_modified_gmt":"2022-07-28 15:50:19","post_content_filtered":"","post_parent":0,"guid":"http:\/\/dev.claret.cat\/editorial\/sal-terrae\/","menu_order":0,"post_type":"editorial","post_mime_type":"","comment_count":"0","filter":"raw"}],"autores-libros":[{"ID":290893,"post_author":"3","post_date":"2022-12-10 19:21:19","post_date_gmt":"2022-12-10 18:21:19","post_content":"","post_title":"EGIDIO Y MARIELLA BARGHIGLIONI","post_excerpt":"","post_status":"publish","comment_status":"closed","ping_status":"closed","post_password":"","post_name":"egidio-y-mariella-barghiglioni","to_ping":"","pinged":"","post_modified":"2022-12-10 19:21:19","post_modified_gmt":"2022-12-10 18:21:19","post_content_filtered":"","post_parent":0,"guid":"http:\/\/dev.claret.cat\/autor\/egidio-y-mariella-barghiglioni\/","menu_order":0,"post_type":"autor","post_mime_type":"","comment_count":"0","filter":"raw"},{"ID":162598,"post_author":"3","post_date":"2022-10-14 17:32:17","post_date_gmt":"2022-10-14 15:32:17","post_content":"","post_title":"LUCIANO MEDDI","post_excerpt":"","post_status":"publish","comment_status":"closed","ping_status":"closed","post_password":"","post_name":"luciano-meddi","to_ping":"","pinged":"","post_modified":"2022-10-14 17:32:17","post_modified_gmt":"2022-10-14 15:32:17","post_content_filtered":"","post_parent":0,"guid":"http:\/\/dev.claret.cat\/autor\/luciano-meddi\/","menu_order":0,"post_type":"autor","post_mime_type":"","comment_count":"0","filter":"raw"}],"autor":"BARGHIGLIONI, EGIDIO Y MARIELLA; MEDDI, LUCIANO","codart":"842931898","libros-coleccion":"","ediciones":"1","encuadernacion":"R\u00fastica","fecha_de_publicacion":"05\/01\/2011","novedad":"0","paginas":"215","subtitulo":"GU\u00cdA PARA LA PREPARACI\u00d3N DE ITINERARIOS PARA LA EVANGELIZACI\u00d3N Y EL CRECIMIENTO EN LA FE","orden":"999","portada":"0","idioma":"spa","booktrailer":"","resenas":""},"aioseo_notices":[],"_links":{"self":[{"href":"https:\/\/www.claret.cat\/es\/wp-json\/wp\/v2\/product\/341120","targetHints":{"allow":["GET"]}}],"collection":[{"href":"https:\/\/www.claret.cat\/es\/wp-json\/wp\/v2\/product"}],"about":[{"href":"https:\/\/www.claret.cat\/es\/wp-json\/wp\/v2\/types\/product"}],"wp:attachment":[{"href":"https:\/\/www.claret.cat\/es\/wp-json\/wp\/v2\/media?parent=341120"}],"wp:term":[{"taxonomy":"product_brand","embeddable":true,"href":"https:\/\/www.claret.cat\/es\/wp-json\/wp\/v2\/product_brand?post=341120"},{"taxonomy":"product_cat","embeddable":true,"href":"https:\/\/www.claret.cat\/es\/wp-json\/wp\/v2\/product_cat?post=341120"},{"taxonomy":"product_tag","embeddable":true,"href":"https:\/\/www.claret.cat\/es\/wp-json\/wp\/v2\/product_tag?post=341120"}],"curies":[{"name":"wp","href":"https:\/\/api.w.org\/{rel}","templated":true}]}}