{"id":341153,"date":"2023-01-13T13:29:47","date_gmt":"2023-01-13T12:29:47","guid":{"rendered":"https:\/\/www.claret.cat\/llibre\/formar-un-cuerpo-para-la-mision-9788429319606\/"},"modified":"2024-05-24T08:42:13","modified_gmt":"2024-05-24T06:42:13","slug":"formar-un-cuerpo-para-la-mision-9788429319606","status":"publish","type":"product","link":"https:\/\/www.claret.cat\/es\/libro\/formar-un-cuerpo-para-la-mision-9788429319606\/","title":{"rendered":"FORMAR UN CUERPO PARA LA MISI\u00d3N"},"content":{"rendered":"","protected":false},"excerpt":{"rendered":"<p>JAER, ANDR\u00c9 DE, SJ<\/p>\n","protected":false},"featured_media":0,"template":"","meta":{"_acf_changed":false,"om_disable_all_campaigns":false,"rs_blank_template":"","rs_page_bg_color":"","slide_template_v7":"","inline_featured_image":false,"_monsterinsights_skip_tracking":false,"_monsterinsights_sitenote_active":false,"_monsterinsights_sitenote_note":"","_monsterinsights_sitenote_category":0},"product_brand":[],"product_cat":[90,540],"product_tag":[],"class_list":{"0":"post-341153","1":"product","2":"type-product","3":"status-publish","5":"product_cat-altres","6":"product_cat-otros","8":"first","9":"instock","10":"taxable","11":"shipping-taxable","12":"purchasable","13":"product-type-simple"},"acf":{"editorial":[{"ID":6351,"post_author":"3","post_date":"2022-07-28 17:50:19","post_date_gmt":"2022-07-28 15:50:19","post_content":"","post_title":"Sal Terrae","post_excerpt":"","post_status":"publish","comment_status":"closed","ping_status":"closed","post_password":"","post_name":"sal-terrae","to_ping":"","pinged":"","post_modified":"2022-07-28 17:50:19","post_modified_gmt":"2022-07-28 15:50:19","post_content_filtered":"","post_parent":0,"guid":"http:\/\/dev.claret.cat\/editorial\/sal-terrae\/","menu_order":0,"post_type":"editorial","post_mime_type":"","comment_count":"0","filter":"raw"}],"autores-libros":[{"ID":290392,"post_author":"3","post_date":"2022-12-10 15:20:49","post_date_gmt":"2022-12-10 14:20:49","post_content":"","post_title":"ANDR\u00c9 DE JAER","post_excerpt":"","post_status":"publish","comment_status":"closed","ping_status":"closed","post_password":"","post_name":"andre-de-jaer","to_ping":"","pinged":"","post_modified":"2022-12-10 15:20:49","post_modified_gmt":"2022-12-10 14:20:49","post_content_filtered":"","post_parent":0,"guid":"http:\/\/dev.claret.cat\/autor\/andre-de-jaer\/","menu_order":0,"post_type":"autor","post_mime_type":"","comment_count":"0","filter":"raw"}],"autor":"JAER, ANDR\u00c9 DE, SJ","codart":"842931960","libros-coleccion":"","ediciones":"1","encuadernacion":"R\u00fastica","fecha_de_publicacion":"04\/11\/2011","novedad":"0","paginas":"226","subtitulo":"LECTURA SAPIENCIAL DE LAS CONSTITUCIONES DE LA COMPA\u00d1\u00cdA DE JES\u00daS","orden":"999","portada":"0","idioma":"spa"},"aioseo_notices":[],"_links":{"self":[{"href":"https:\/\/www.claret.cat\/es\/wp-json\/wp\/v2\/product\/341153","targetHints":{"allow":["GET"]}}],"collection":[{"href":"https:\/\/www.claret.cat\/es\/wp-json\/wp\/v2\/product"}],"about":[{"href":"https:\/\/www.claret.cat\/es\/wp-json\/wp\/v2\/types\/product"}],"wp:attachment":[{"href":"https:\/\/www.claret.cat\/es\/wp-json\/wp\/v2\/media?parent=341153"}],"wp:term":[{"taxonomy":"product_brand","embeddable":true,"href":"https:\/\/www.claret.cat\/es\/wp-json\/wp\/v2\/product_brand?post=341153"},{"taxonomy":"product_cat","embeddable":true,"href":"https:\/\/www.claret.cat\/es\/wp-json\/wp\/v2\/product_cat?post=341153"},{"taxonomy":"product_tag","embeddable":true,"href":"https:\/\/www.claret.cat\/es\/wp-json\/wp\/v2\/product_tag?post=341153"}],"curies":[{"name":"wp","href":"https:\/\/api.w.org\/{rel}","templated":true}]}}