{"id":341293,"date":"2023-01-13T13:46:12","date_gmt":"2023-01-13T12:46:12","guid":{"rendered":"https:\/\/www.claret.cat\/llibre\/con-la-mirada-de-jesus-9788419240057\/"},"modified":"2023-10-06T07:11:22","modified_gmt":"2023-10-06T05:11:22","slug":"con-la-mirada-de-jesus-9788419240057","status":"publish","type":"product","link":"https:\/\/www.claret.cat\/es\/libro\/con-la-mirada-de-jesus-9788419240057\/","title":{"rendered":"CON LA MIRADA DE JES\u00daS"},"content":{"rendered":"<p>\u201cCon la mirada de Jes\u00fas\u201d del Papa Francisco es el nuevo libro que Romana presenta con Libreria Editrice Vaticana (L.E.V.), con texto in\u00e9dito del Papa acerca de las relaciones humanas, entre la unidad y la diversidad, bajo la mirada de amor de Dios.<br \/> En las 208 p\u00e1ginas de este volumen se contiene el pensamiento del Papa Francisco acerca de las relaciones humanas, a trav\u00e9s del conjunto de reflexiones, citas y discursos, as\u00ed como de la catequesis del Papa en las Audiencias generales de los mi\u00e9rcoles y en los textos magisteriales como la Carta enc\u00edclica Fratelli tutti.<br \/> En particular, el Papa se refiere a las relaciones humanas, siendo las m\u00e1s bellas y fruct\u00edferas las que se basan en el amor de Dios por nosotros. Los muchos encuentros de Jes\u00fas a lo largo de su camino por las calles de Palestina est\u00e1n iluminados por la misma mirada, llena de amor hacia cada hombre. En esta mirada de Jes\u00fas se puede ver \u201cla fe cristiana\u201d, que se basa en esta afirmaci\u00f3n: \u201cJes\u00fas -se\u00f1ala el Papa- es de naturaleza divina y Dios es amor\u201d. Este fundamento, escribe el Pont\u00edfice, \u201cdetermina una serie de consecuencias y cambia toda la forma de estar en el mundo del cristiano\u201d.<br \/> En palabras de Francisco: \u201cSin esa mirada de amor, la comunicaci\u00f3n humana, el di\u00e1logo entre las personas puede f\u00e1cilmente convertirse s\u00f3lo en un duelo dial\u00e9ctico, esa mirada revela en cambio que hay otra cuesti\u00f3n en juego, vertiginosa, que no tiene en su centro el m\u00e9rito de la discusi\u00f3n sino mucho m\u00e1s, el sentido mismo de la existencia, la m\u00eda y la de mi interlocutor\u201d.<br \/> \u201cJes\u00fas no mira al otro como un \u2018espect\u00e1culo&#8221;, sino como una persona, como un don, como un ser que Dios quiso crear libremente (por amor) y poner en su camino. En su mirada de amor ya est\u00e1 insertada la dimensi\u00f3n de la libertad. Se ama s\u00f3lo en la libertad y s\u00f3lo el amor verdadero hace y deja a los dem\u00e1s libres\u201d.<br \/> El comentario in\u00e9dito del Papa Francisco sobre las relaciones humanas en clave del amor de Dios por los hombres, con la mirada de Jes\u00fas, para lograr el di\u00e1logo y la comuni\u00f3n.<\/p>\n","protected":false},"excerpt":{"rendered":"<p>PAPA FRANCISCO<\/p>\n","protected":false},"featured_media":391964,"template":"","meta":{"_acf_changed":false,"om_disable_all_campaigns":false,"rs_blank_template":"","rs_page_bg_color":"","slide_template_v7":"","inline_featured_image":false,"_monsterinsights_skip_tracking":false,"_monsterinsights_sitenote_active":false,"_monsterinsights_sitenote_note":"","_monsterinsights_sitenote_category":0},"product_brand":[],"product_cat":[543,409],"product_tag":[],"class_list":{"0":"post-341293","1":"product","2":"type-product","3":"status-publish","4":"has-post-thumbnail","6":"product_cat-eclesiologia-es","7":"product_cat-en-general-pastoral-1_espiritualidad","9":"first","10":"instock","11":"taxable","12":"shipping-taxable","13":"purchasable","14":"product-type-simple"},"acf":{"editorial":[{"ID":148758,"post_author":"3","post_date":"2022-10-14 12:00:45","post_date_gmt":"2022-10-14 10:00:45","post_content":"","post_title":"ROMANA","post_excerpt":"","post_status":"publish","comment_status":"closed","ping_status":"closed","post_password":"","post_name":"romana","to_ping":"","pinged":"","post_modified":"2022-10-14 12:00:45","post_modified_gmt":"2022-10-14 10:00:45","post_content_filtered":"","post_parent":0,"guid":"http:\/\/dev.claret.cat\/editorial\/romana\/","menu_order":0,"post_type":"editorial","post_mime_type":"","comment_count":"0","filter":"raw"}],"autor":"PAPA FRANCISCO","codart":"841924005","libros-coleccion":"Espiritualidad","ediciones":"1","encuadernacion":"","fecha_de_publicacion":"01\/11\/2022","novedad":"1","paginas":"208","subtitulo":"LAS RELACIONES HUMANAS ENTRE UNIDAD Y DIVERSIDAD","orden":"0","portada":"0","idioma":"spa","autores-libros":[{"ID":5919,"post_author":"3","post_date":"2022-07-28 17:34:18","post_date_gmt":"2022-07-28 15:34:18","post_content":"","post_title":"PAPA FRANCISCO","post_excerpt":"","post_status":"publish","comment_status":"closed","ping_status":"closed","post_password":"","post_name":"papa-francisco","to_ping":"","pinged":"","post_modified":"2022-07-28 17:34:18","post_modified_gmt":"2022-07-28 15:34:18","post_content_filtered":"","post_parent":0,"guid":"http:\/\/dev.claret.cat\/autor\/papa-francisco\/","menu_order":0,"post_type":"autor","post_mime_type":"","comment_count":"0","filter":"raw"}]},"aioseo_notices":[],"_links":{"self":[{"href":"https:\/\/www.claret.cat\/es\/wp-json\/wp\/v2\/product\/341293","targetHints":{"allow":["GET"]}}],"collection":[{"href":"https:\/\/www.claret.cat\/es\/wp-json\/wp\/v2\/product"}],"about":[{"href":"https:\/\/www.claret.cat\/es\/wp-json\/wp\/v2\/types\/product"}],"wp:featuredmedia":[{"embeddable":true,"href":"https:\/\/www.claret.cat\/es\/wp-json\/wp\/v2\/media\/391964"}],"wp:attachment":[{"href":"https:\/\/www.claret.cat\/es\/wp-json\/wp\/v2\/media?parent=341293"}],"wp:term":[{"taxonomy":"product_brand","embeddable":true,"href":"https:\/\/www.claret.cat\/es\/wp-json\/wp\/v2\/product_brand?post=341293"},{"taxonomy":"product_cat","embeddable":true,"href":"https:\/\/www.claret.cat\/es\/wp-json\/wp\/v2\/product_cat?post=341293"},{"taxonomy":"product_tag","embeddable":true,"href":"https:\/\/www.claret.cat\/es\/wp-json\/wp\/v2\/product_tag?post=341293"}],"curies":[{"name":"wp","href":"https:\/\/api.w.org\/{rel}","templated":true}]}}