{"id":341609,"date":"2023-01-13T14:24:13","date_gmt":"2023-01-13T13:24:13","guid":{"rendered":"https:\/\/www.claret.cat\/llibre\/el-sentido-9788430115259\/"},"modified":"2024-05-24T07:10:54","modified_gmt":"2024-05-24T05:10:54","slug":"el-sentido-9788430115259","status":"publish","type":"product","link":"https:\/\/www.claret.cat\/es\/libro\/el-sentido-9788430115259\/","title":{"rendered":"EL SENTIDO"},"content":{"rendered":"<p>\u00ab\u00bfSigue siendo \u00fatil la teolog\u00eda para el hombre de hoy? \u00bfPuede ayudarle a buscar \u2018sentido\u2019 a su existencia? No, si trata de hacer de Dios la condici\u00f3n del sentido y convertirlo en su \u00fanica fuente. S\u00ed, si la teolog\u00eda ofrece una iluminaci\u00f3n propia, la de la actualizaci\u00f3n de un exceso, de una gratuidad y de unos confines que permiten al sentido surgir de s\u00ed mismo en cada hombre. La teolog\u00eda se convierte as\u00ed en necesaria para el tiempo presente y ofrece la posibilidad de hacer brotar el sentido.<br \/>En el presente libro intentaremos descubrir el sentido precisamente all\u00ed donde \u00e9l se vive, es decir, en aquellos que yo llamo los lugares de sentido: la libertad (\u00bfse puede imaginar la aparici\u00f3n del sentido sin que exista libertad?); la identidad (\u00bfqui\u00e9n soy yo?, \u00bftengo sentido?); el destino (\u00bfqu\u00e9 puedo hacer de mi vida?); la esperanza (\u00bfal final de la vida se encuentra el sentido o es la esperanza s\u00f3lo la \u00faltima ilusi\u00f3n de la caja de Pandora?); en fin, lo imaginario (lugar de leyendas, mitos y ficciones, fuente casi inagotable donde intentamos renovar el sentido).<br \/>Abrir el sentido hasta sus confines es abrir posibilidades, es contar una aventura posible, es procurar que cada cosa y cada acontecimiento pueda comprenderse de la mano de una visitaci\u00f3n, de un cambio de perspectiva, de una trasgresi\u00f3n de lo que parece que debe ser siempre. Ah\u00ed est\u00e1 sin duda la clave del sentido\u00bb (A. Gesch\u00e9).<\/p>\n","protected":false},"excerpt":{"rendered":"<p>GESCHE,ADOLPHE<\/p>\n","protected":false},"featured_media":341709,"template":"","meta":{"_acf_changed":false,"om_disable_all_campaigns":false,"rs_blank_template":"","rs_page_bg_color":"","slide_template_v7":"","inline_featured_image":false,"_monsterinsights_skip_tracking":false,"_monsterinsights_sitenote_active":false,"_monsterinsights_sitenote_note":"","_monsterinsights_sitenote_category":0},"product_brand":[],"product_cat":[90,540],"product_tag":[],"class_list":{"0":"post-341609","1":"product","2":"type-product","3":"status-publish","4":"has-post-thumbnail","6":"product_cat-altres","7":"product_cat-otros","9":"first","10":"instock","11":"taxable","12":"shipping-taxable","13":"purchasable","14":"product-type-simple"},"acf":{"editorial":[{"ID":6364,"post_author":"3","post_date":"2022-07-28 17:50:36","post_date_gmt":"2022-07-28 15:50:36","post_content":"","post_title":"S\u00edgueme","post_excerpt":"","post_status":"publish","comment_status":"closed","ping_status":"closed","post_password":"","post_name":"sigueme","to_ping":"","pinged":"","post_modified":"2022-07-28 17:50:36","post_modified_gmt":"2022-07-28 15:50:36","post_content_filtered":"","post_parent":0,"guid":"http:\/\/dev.claret.cat\/editorial\/sigueme\/","menu_order":0,"post_type":"editorial","post_mime_type":"","comment_count":"0","filter":"raw"}],"autores-libros":[{"ID":262775,"post_author":"3","post_date":"2022-12-01 11:08:20","post_date_gmt":"2022-12-01 10:08:20","post_content":"","post_title":"ADOLPHE GESCHE","post_excerpt":"","post_status":"publish","comment_status":"closed","ping_status":"closed","post_password":"","post_name":"adolphe-gesche","to_ping":"","pinged":"","post_modified":"2022-12-01 11:08:20","post_modified_gmt":"2022-12-01 10:08:20","post_content_filtered":"","post_parent":0,"guid":"http:\/\/dev.claret.cat\/autor\/adolphe-gesche\/","menu_order":0,"post_type":"autor","post_mime_type":"","comment_count":"0","filter":"raw"}],"autor":"GESCHE,ADOLPHE","codart":"843011525","libros-coleccion":"FORA DE COL.LECCI\u00d3","ediciones":"1","encuadernacion":"[Vac\u00edo]","fecha_de_publicacion":"01\/03\/2004","novedad":"0","paginas":"204","subtitulo":"","orden":"999","portada":"0","idioma":"spa"},"aioseo_notices":[],"_links":{"self":[{"href":"https:\/\/www.claret.cat\/es\/wp-json\/wp\/v2\/product\/341609","targetHints":{"allow":["GET"]}}],"collection":[{"href":"https:\/\/www.claret.cat\/es\/wp-json\/wp\/v2\/product"}],"about":[{"href":"https:\/\/www.claret.cat\/es\/wp-json\/wp\/v2\/types\/product"}],"wp:featuredmedia":[{"embeddable":true,"href":"https:\/\/www.claret.cat\/es\/wp-json\/wp\/v2\/media\/341709"}],"wp:attachment":[{"href":"https:\/\/www.claret.cat\/es\/wp-json\/wp\/v2\/media?parent=341609"}],"wp:term":[{"taxonomy":"product_brand","embeddable":true,"href":"https:\/\/www.claret.cat\/es\/wp-json\/wp\/v2\/product_brand?post=341609"},{"taxonomy":"product_cat","embeddable":true,"href":"https:\/\/www.claret.cat\/es\/wp-json\/wp\/v2\/product_cat?post=341609"},{"taxonomy":"product_tag","embeddable":true,"href":"https:\/\/www.claret.cat\/es\/wp-json\/wp\/v2\/product_tag?post=341609"}],"curies":[{"name":"wp","href":"https:\/\/api.w.org\/{rel}","templated":true}]}}