{"id":341640,"date":"2023-01-13T14:28:10","date_gmt":"2023-01-13T13:28:10","guid":{"rendered":"https:\/\/www.claret.cat\/llibre\/la-sal-de-la-tierra-9788430115235\/"},"modified":"2025-09-19T20:14:58","modified_gmt":"2025-09-19T18:14:58","slug":"la-sal-de-la-tierra-9788430115235","status":"publish","type":"product","link":"https:\/\/www.claret.cat\/es\/libro\/la-sal-de-la-tierra-9788430115235\/","title":{"rendered":"LA SAL DE LA TIERRA"},"content":{"rendered":"<p>La sencilla biograf\u00eda de Abba Isidor, monje del Monasterio de la Trinidad de San Sergio y padre espiritual, encierra entre sus p\u00e1ginas una certeza sorprendente: la existencia objetiva de la vida espiritual. Cuando el cient\u00edfico y pensador Pavel Florenskij entr\u00f3 personalmente en contacto con Abba Isidor, experiment\u00f3 en profundidad que Dios es la fuente de la belleza, el sentido y fundamento de la existencia. Una persona verdaderamente espiritual es la prueba emp\u00edrica irrefutable de la imagen y semejanza divinas que todo hombre atesora.pavel florenskij (1882-1937) pertenece al grupo de grandes figuras que conforman la edad de pla t a rusa. a su formaci\u00f3n cient\u00edfica de primer orden a\u00f1adesus profundos conocimientos filos\u00f3ficos y teol\u00f3gicos. tras colaborar profesionalmente con el r\u00e9gimen sovi\u00e9tico como ingeniero y f\u00edsico, este singularsacerdote ortodoxo fue acusado de contrarrevolucionario y ajusticiado en 1937 en el campo de prisioneros de las islas solovki.<\/p>\n","protected":false},"excerpt":{"rendered":"<p>FLORENSKIJ,PAVEL<\/p>\n","protected":false},"featured_media":0,"template":"","meta":{"_acf_changed":false,"om_disable_all_campaigns":false,"rs_blank_template":"","rs_page_bg_color":"","slide_template_v7":"","inline_featured_image":false,"_monsterinsights_skip_tracking":false,"_monsterinsights_sitenote_active":false,"_monsterinsights_sitenote_note":"","_monsterinsights_sitenote_category":0},"product_brand":[],"product_cat":[90,540],"product_tag":[],"class_list":{"0":"post-341640","1":"product","2":"type-product","3":"status-publish","5":"product_cat-altres","6":"product_cat-otros","8":"first","9":"outofstock","10":"taxable","11":"shipping-taxable","12":"purchasable","13":"product-type-simple"},"acf":{"editorial":[{"ID":6364,"post_author":"3","post_date":"2022-07-28 17:50:36","post_date_gmt":"2022-07-28 15:50:36","post_content":"","post_title":"S\u00edgueme","post_excerpt":"","post_status":"publish","comment_status":"closed","ping_status":"closed","post_password":"","post_name":"sigueme","to_ping":"","pinged":"","post_modified":"2022-07-28 17:50:36","post_modified_gmt":"2022-07-28 15:50:36","post_content_filtered":"","post_parent":0,"guid":"http:\/\/dev.claret.cat\/editorial\/sigueme\/","menu_order":0,"post_type":"editorial","post_mime_type":"","comment_count":"0","filter":"raw"}],"autores-libros":[{"ID":292550,"post_author":"3","post_date":"2022-12-11 01:12:59","post_date_gmt":"2022-12-11 00:12:59","post_content":"","post_title":"PAVEL FLORENSKIJ","post_excerpt":"","post_status":"publish","comment_status":"closed","ping_status":"closed","post_password":"","post_name":"pavel-florenskij","to_ping":"","pinged":"","post_modified":"2022-12-11 01:12:59","post_modified_gmt":"2022-12-11 00:12:59","post_content_filtered":"","post_parent":0,"guid":"http:\/\/dev.claret.cat\/autor\/pavel-florenskij\/","menu_order":0,"post_type":"autor","post_mime_type":"","comment_count":"0","filter":"raw"}],"autor":"FLORENSKIJ,PAVEL","codart":"843011523","libros-coleccion":"ICTHYS","ediciones":"1","encuadernacion":"R\u00fastica","fecha_de_publicacion":"24\/10\/2005","novedad":"0","paginas":"140","subtitulo":"RELATO DE LA VIDA DEL STARETZ HIEROMONJE ISIDOR, DEL SKIT DE GETSEMAN\u00cd, COMPILADO Y EXPUESTO ORDENADAMENTE POR SU INDIGNO HIJO E","orden":"999","portada":"0","idioma":"spa","booktrailer":"","resenas":""},"aioseo_notices":[],"_links":{"self":[{"href":"https:\/\/www.claret.cat\/es\/wp-json\/wp\/v2\/product\/341640","targetHints":{"allow":["GET"]}}],"collection":[{"href":"https:\/\/www.claret.cat\/es\/wp-json\/wp\/v2\/product"}],"about":[{"href":"https:\/\/www.claret.cat\/es\/wp-json\/wp\/v2\/types\/product"}],"wp:attachment":[{"href":"https:\/\/www.claret.cat\/es\/wp-json\/wp\/v2\/media?parent=341640"}],"wp:term":[{"taxonomy":"product_brand","embeddable":true,"href":"https:\/\/www.claret.cat\/es\/wp-json\/wp\/v2\/product_brand?post=341640"},{"taxonomy":"product_cat","embeddable":true,"href":"https:\/\/www.claret.cat\/es\/wp-json\/wp\/v2\/product_cat?post=341640"},{"taxonomy":"product_tag","embeddable":true,"href":"https:\/\/www.claret.cat\/es\/wp-json\/wp\/v2\/product_tag?post=341640"}],"curies":[{"name":"wp","href":"https:\/\/api.w.org\/{rel}","templated":true}]}}