{"id":341706,"date":"2023-01-13T14:33:41","date_gmt":"2023-01-13T13:33:41","guid":{"rendered":"https:\/\/www.claret.cat\/llibre\/antropologia-biblica-9788430116188\/"},"modified":"2024-05-24T07:05:34","modified_gmt":"2024-05-24T05:05:34","slug":"antropologia-biblica-9788430116188","status":"publish","type":"product","link":"https:\/\/www.claret.cat\/es\/libro\/antropologia-biblica-9788430116188\/","title":{"rendered":"ANTROPOLOG\u00cdA B\u00cdBLICA"},"content":{"rendered":"<p>A la luz de la Biblia, podemos concebir la vida humana como una historia de gracia por ser creaci\u00f3n, regalo divino que recibimos sin merecerlo ni procurarlo; vida que se crea a s\u00ed misma, tarea o responsabilidad arriesgada y gozosa; y esperanza, camino abierto que viene sustentado por la promesa de Dios.<br \/>Con este trasfondo, Xabier Pikaza ha querido recoger los elementos m\u00e1s significativos de la antropolog\u00eda b\u00edblica, es decir, la forma como la Escritura judeocristiana entiende la existencia. Para ello recorre los tiempos de gracia que jalonan la andadura humana, desde el \u00e1rbol del juicio, pasando por las fascinantes propuestas de los apocal\u00edpticos y el ideal de justicia de los sabios, hasta Jes\u00fas de Nazaret, en cuya muerte se concentra toda la violencia de la historia y cuya resurrecci\u00f3n lleva a plenitud esa misma historia.<br \/>Ciertamente existen distintas fuentes para entender e interpretar al ser humano (la filosof\u00eda, la ciencia, las religiones\u2026), pero sin duda una de las m\u00e1s significativas en Occidente ha sido y seguir\u00e1 siendo la Biblia, de modo que conocer lo que ella afirma sobre el hombre resulta imprescindible para comprender nuestra cultura.<\/p>\n","protected":false},"excerpt":{"rendered":"<p>PIKAZA, XABIER<\/p>\n","protected":false},"featured_media":341759,"template":"","meta":{"_acf_changed":false,"om_disable_all_campaigns":false,"rs_blank_template":"","rs_page_bg_color":"","slide_template_v7":"","inline_featured_image":false,"_monsterinsights_skip_tracking":false,"_monsterinsights_sitenote_active":false,"_monsterinsights_sitenote_note":"","_monsterinsights_sitenote_category":0},"product_brand":[],"product_cat":[174,375,509,279,412,274],"product_tag":[],"class_list":{"0":"post-341706","1":"product","2":"type-product","3":"status-publish","4":"has-post-thumbnail","6":"product_cat-antropologia","7":"product_cat-antropologia-filosofia-2_humanidades","8":"product_cat-antropologia-teologica-teologia-1_espiritualidad","9":"product_cat-antropologia-teologica","10":"product_cat-estudios-sagrada-escritura","11":"product_cat-estudis-sagrada-escriptura","13":"first","14":"instock","15":"taxable","16":"shipping-taxable","17":"purchasable","18":"product-type-simple"},"acf":{"editorial":[{"ID":6364,"post_author":"3","post_date":"2022-07-28 17:50:36","post_date_gmt":"2022-07-28 15:50:36","post_content":"","post_title":"S\u00edgueme","post_excerpt":"","post_status":"publish","comment_status":"closed","ping_status":"closed","post_password":"","post_name":"sigueme","to_ping":"","pinged":"","post_modified":"2022-07-28 17:50:36","post_modified_gmt":"2022-07-28 15:50:36","post_content_filtered":"","post_parent":0,"guid":"http:\/\/dev.claret.cat\/editorial\/sigueme\/","menu_order":0,"post_type":"editorial","post_mime_type":"","comment_count":"0","filter":"raw"}],"autores-libros":[{"ID":171376,"post_author":"3","post_date":"2022-10-14 22:42:54","post_date_gmt":"2022-10-14 20:42:54","post_content":"","post_title":"XABIER PIKAZA","post_excerpt":"","post_status":"publish","comment_status":"closed","ping_status":"closed","post_password":"","post_name":"xabier-pikaza","to_ping":"","pinged":"","post_modified":"2022-10-14 22:42:54","post_modified_gmt":"2022-10-14 20:42:54","post_content_filtered":"","post_parent":0,"guid":"http:\/\/dev.claret.cat\/autor\/xabier-pikaza\/","menu_order":0,"post_type":"autor","post_mime_type":"","comment_count":"0","filter":"raw"}],"autor":"PIKAZA, XABIER","codart":"843011618","libros-coleccion":"BIBLIOTECA DE ESTUDIOS B\u00cdBLICOS","ediciones":"1","encuadernacion":"R\u00fastica","fecha_de_publicacion":"09\/11\/2006","novedad":"0","paginas":"464","subtitulo":"TIEMPOS DE GRACIA","orden":"999","portada":"0","idioma":"spa"},"aioseo_notices":[],"_links":{"self":[{"href":"https:\/\/www.claret.cat\/es\/wp-json\/wp\/v2\/product\/341706","targetHints":{"allow":["GET"]}}],"collection":[{"href":"https:\/\/www.claret.cat\/es\/wp-json\/wp\/v2\/product"}],"about":[{"href":"https:\/\/www.claret.cat\/es\/wp-json\/wp\/v2\/types\/product"}],"wp:featuredmedia":[{"embeddable":true,"href":"https:\/\/www.claret.cat\/es\/wp-json\/wp\/v2\/media\/341759"}],"wp:attachment":[{"href":"https:\/\/www.claret.cat\/es\/wp-json\/wp\/v2\/media?parent=341706"}],"wp:term":[{"taxonomy":"product_brand","embeddable":true,"href":"https:\/\/www.claret.cat\/es\/wp-json\/wp\/v2\/product_brand?post=341706"},{"taxonomy":"product_cat","embeddable":true,"href":"https:\/\/www.claret.cat\/es\/wp-json\/wp\/v2\/product_cat?post=341706"},{"taxonomy":"product_tag","embeddable":true,"href":"https:\/\/www.claret.cat\/es\/wp-json\/wp\/v2\/product_tag?post=341706"}],"curies":[{"name":"wp","href":"https:\/\/api.w.org\/{rel}","templated":true}]}}