{"id":341732,"date":"2023-01-13T14:37:36","date_gmt":"2023-01-13T13:37:36","guid":{"rendered":"https:\/\/www.claret.cat\/llibre\/tras-las-huellas-de-dios-9788430115716\/"},"modified":"2024-11-18T10:10:11","modified_gmt":"2024-11-18T09:10:11","slug":"tras-las-huellas-de-dios-9788430115716","status":"publish","type":"product","link":"https:\/\/www.claret.cat\/es\/libro\/tras-las-huellas-de-dios-9788430115716\/","title":{"rendered":"TRAS LAS HUELLAS DE DIOS"},"content":{"rendered":"<p>Toda la obra de Klaus Hemmerle est\u00e1 orientada hacia la reflexi\u00f3n sobre el Dios divino, entendida como prehistoria (filosof\u00eda) de la fe y paso previo para abordar el gran tema del Dios trinitario, que en Jesucristo se ha revelado en el tiempo y en el espacio como absoluta novedad. &#8216;Tras las huellas de Dios&#8217; re\u00fane dos de sus textos m\u00e1s interesantes en torno a la Trinidad. En primer lugar, &#8216;Tesis para una ontolog\u00eda trinitaria&#8217; (1976) y, en segundo lugar, &#8216;Lo uno diferenciante. Observaciones sobre la comprensi\u00f3n cristiana de la unidad&#8217; (1994). Ambos pretenden aportar algunos elementos esenciales para integrar en una misma teolog\u00eda la experiencia del mundo, la experiencia espiritual y la reflexi\u00f3n teol\u00f3gica bajo la mirada amorosa del Dios vivo, itinerario que en definitiva s\u00f3lo es posible realizar en su compa\u00f1\u00eda. Klaus Hemmerle (1929-1994) es uno de los te\u00f3logos cat\u00f3licos alemanes m\u00e1s originales en la nueva orientaci\u00f3n de los estudios trinitarios.<\/p>\n","protected":false},"excerpt":{"rendered":"<p>HEMMERLE, KLAUS<\/p>\n","protected":false},"featured_media":0,"template":"","meta":{"_acf_changed":false,"om_disable_all_campaigns":false,"rs_blank_template":"","rs_page_bg_color":"","slide_template_v7":"","inline_featured_image":false,"_monsterinsights_skip_tracking":false,"_monsterinsights_sitenote_active":false,"_monsterinsights_sitenote_note":"","_monsterinsights_sitenote_category":0},"product_brand":[],"product_cat":[375,174,279,509,415,277],"product_tag":[],"class_list":{"0":"post-341732","1":"product","2":"type-product","3":"status-publish","5":"product_cat-antropologia-filosofia-2_humanidades","6":"product_cat-antropologia","7":"product_cat-antropologia-teologica","8":"product_cat-antropologia-teologica-teologia-1_espiritualidad","9":"product_cat-dogmatica-teologia-1_espiritualidad","10":"product_cat-dogmatica","12":"first","13":"instock","14":"taxable","15":"shipping-taxable","16":"purchasable","17":"product-type-simple"},"acf":{"editorial":[{"ID":6364,"post_author":"3","post_date":"2022-07-28 17:50:36","post_date_gmt":"2022-07-28 15:50:36","post_content":"","post_title":"S\u00edgueme","post_excerpt":"","post_status":"publish","comment_status":"closed","ping_status":"closed","post_password":"","post_name":"sigueme","to_ping":"","pinged":"","post_modified":"2022-07-28 17:50:36","post_modified_gmt":"2022-07-28 15:50:36","post_content_filtered":"","post_parent":0,"guid":"http:\/\/dev.claret.cat\/editorial\/sigueme\/","menu_order":0,"post_type":"editorial","post_mime_type":"","comment_count":"0","filter":"raw"}],"autores-libros":[{"ID":292605,"post_author":"3","post_date":"2022-12-11 01:21:58","post_date_gmt":"2022-12-11 00:21:58","post_content":"","post_title":"KLAUS HEMMERLE","post_excerpt":"","post_status":"publish","comment_status":"closed","ping_status":"closed","post_password":"","post_name":"klaus-hemmerle","to_ping":"","pinged":"","post_modified":"2022-12-11 01:21:58","post_modified_gmt":"2022-12-11 00:21:58","post_content_filtered":"","post_parent":0,"guid":"http:\/\/dev.claret.cat\/autor\/klaus-hemmerle\/","menu_order":0,"post_type":"autor","post_mime_type":"","comment_count":"0","filter":"raw"}],"autor":"HEMMERLE, KLAUS","codart":"843011571","libros-coleccion":"Verdad e Imagen minor","ediciones":"1","encuadernacion":"R\u00fastica","fecha_de_publicacion":"18\/11\/2005","novedad":"0","paginas":"116","subtitulo":"ONTOLOG\u00cdA TRINITARIA Y UNIDAD RELACIONAL","orden":"999","portada":"0","idioma":"spa"},"aioseo_notices":[],"_links":{"self":[{"href":"https:\/\/www.claret.cat\/es\/wp-json\/wp\/v2\/product\/341732","targetHints":{"allow":["GET"]}}],"collection":[{"href":"https:\/\/www.claret.cat\/es\/wp-json\/wp\/v2\/product"}],"about":[{"href":"https:\/\/www.claret.cat\/es\/wp-json\/wp\/v2\/types\/product"}],"wp:attachment":[{"href":"https:\/\/www.claret.cat\/es\/wp-json\/wp\/v2\/media?parent=341732"}],"wp:term":[{"taxonomy":"product_brand","embeddable":true,"href":"https:\/\/www.claret.cat\/es\/wp-json\/wp\/v2\/product_brand?post=341732"},{"taxonomy":"product_cat","embeddable":true,"href":"https:\/\/www.claret.cat\/es\/wp-json\/wp\/v2\/product_cat?post=341732"},{"taxonomy":"product_tag","embeddable":true,"href":"https:\/\/www.claret.cat\/es\/wp-json\/wp\/v2\/product_tag?post=341732"}],"curies":[{"name":"wp","href":"https:\/\/api.w.org\/{rel}","templated":true}]}}