{"id":34174,"date":"2022-10-02T17:43:57","date_gmt":"2022-10-02T15:43:57","guid":{"rendered":"http:\/\/dev.claret.cat\/producte\/som-hi-basic-3-catala-per-a-adults-a2\/"},"modified":"2025-04-03T13:00:44","modified_gmt":"2025-04-03T11:00:44","slug":"somhi-basic-3-catala-per-a-adults-a2-9788448949228","status":"publish","type":"product","link":"https:\/\/www.claret.cat\/es\/libro\/somhi-basic-3-catala-per-a-adults-a2-9788448949228\/","title":{"rendered":"SOM-HI! B\u00c0SIC 3. CATAL\u00c0 PER A ADULTS A2"},"content":{"rendered":"","protected":false},"excerpt":{"rendered":"<p>BERNAD\u00d3, CRISTINA \/ ESCART\u00cdN, MARTA \/ PUJOL, ANTONINA<\/p>\n","protected":false},"featured_media":944386,"template":"","meta":{"_acf_changed":false,"om_disable_all_campaigns":false,"rs_blank_template":"","rs_page_bg_color":"","slide_template_v7":"","inline_featured_image":false,"_monsterinsights_skip_tracking":false,"_monsterinsights_sitenote_active":false,"_monsterinsights_sitenote_note":"","_monsterinsights_sitenote_category":0},"product_brand":[],"product_cat":[90,540],"product_tag":[],"class_list":{"0":"post-34174","1":"product","2":"type-product","3":"status-publish","4":"has-post-thumbnail","6":"product_cat-altres","7":"product_cat-otros","9":"first","10":"instock","11":"taxable","12":"shipping-taxable","13":"purchasable","14":"product-type-simple"},"acf":{"autor":"BERNAD\u00d3, CRISTINA \/ ESCART\u00cdN, MARTA \/ PUJOL, ANTONINA","codart":"844894922","libros-coleccion":"FORA DE COL.LECCI\u00d3","ediciones":"1","encuadernacion":"R\u00fastica","fecha_de_publicacion":"01\/09\/2019","novedad":"1","paginas":"96","subtitulo":"","orden":"0","portada":"0","idioma":"cat","editorial":[{"ID":147525,"post_author":"3","post_date":"2022-10-14 11:51:14","post_date_gmt":"2022-10-14 09:51:14","post_content":"","post_title":"BARCANOVA","post_excerpt":"","post_status":"publish","comment_status":"closed","ping_status":"closed","post_password":"","post_name":"barcanova","to_ping":"","pinged":"","post_modified":"2022-10-14 11:51:14","post_modified_gmt":"2022-10-14 09:51:14","post_content_filtered":"","post_parent":0,"guid":"http:\/\/dev.claret.cat\/editorial\/barcanova\/","menu_order":0,"post_type":"editorial","post_mime_type":"","comment_count":"0","filter":"raw"}],"autores-libros":[{"ID":153316,"post_author":"3","post_date":"2022-10-14 14:55:48","post_date_gmt":"2022-10-14 12:55:48","post_content":"","post_title":"CRISTINA BERNAD\u00d3","post_excerpt":"","post_status":"publish","comment_status":"closed","ping_status":"closed","post_password":"","post_name":"cristina-bernado","to_ping":"","pinged":"","post_modified":"2022-10-14 14:55:48","post_modified_gmt":"2022-10-14 12:55:48","post_content_filtered":"","post_parent":0,"guid":"http:\/\/dev.claret.cat\/autor\/cristina-bernado\/","menu_order":0,"post_type":"autor","post_mime_type":"","comment_count":"0","filter":"raw"},{"ID":164150,"post_author":"3","post_date":"2022-10-14 17:44:45","post_date_gmt":"2022-10-14 15:44:45","post_content":"","post_title":"MARTA ESCART\u00cdN","post_excerpt":"","post_status":"publish","comment_status":"closed","ping_status":"closed","post_password":"","post_name":"marta-escartin","to_ping":"","pinged":"","post_modified":"2022-10-14 17:44:45","post_modified_gmt":"2022-10-14 15:44:45","post_content_filtered":"","post_parent":0,"guid":"http:\/\/dev.claret.cat\/autor\/marta-escartin\/","menu_order":0,"post_type":"autor","post_mime_type":"","comment_count":"0","filter":"raw"},{"ID":150868,"post_author":"3","post_date":"2022-10-14 14:36:22","post_date_gmt":"2022-10-14 12:36:22","post_content":"","post_title":"ANTONINA PUJOL","post_excerpt":"","post_status":"publish","comment_status":"closed","ping_status":"closed","post_password":"","post_name":"antonina-pujol","to_ping":"","pinged":"","post_modified":"2022-10-14 14:36:22","post_modified_gmt":"2022-10-14 12:36:22","post_content_filtered":"","post_parent":0,"guid":"http:\/\/dev.claret.cat\/autor\/antonina-pujol\/","menu_order":0,"post_type":"autor","post_mime_type":"","comment_count":"0","filter":"raw"}]},"aioseo_notices":[],"_links":{"self":[{"href":"https:\/\/www.claret.cat\/es\/wp-json\/wp\/v2\/product\/34174","targetHints":{"allow":["GET"]}}],"collection":[{"href":"https:\/\/www.claret.cat\/es\/wp-json\/wp\/v2\/product"}],"about":[{"href":"https:\/\/www.claret.cat\/es\/wp-json\/wp\/v2\/types\/product"}],"wp:featuredmedia":[{"embeddable":true,"href":"https:\/\/www.claret.cat\/es\/wp-json\/wp\/v2\/media\/944386"}],"wp:attachment":[{"href":"https:\/\/www.claret.cat\/es\/wp-json\/wp\/v2\/media?parent=34174"}],"wp:term":[{"taxonomy":"product_brand","embeddable":true,"href":"https:\/\/www.claret.cat\/es\/wp-json\/wp\/v2\/product_brand?post=34174"},{"taxonomy":"product_cat","embeddable":true,"href":"https:\/\/www.claret.cat\/es\/wp-json\/wp\/v2\/product_cat?post=34174"},{"taxonomy":"product_tag","embeddable":true,"href":"https:\/\/www.claret.cat\/es\/wp-json\/wp\/v2\/product_tag?post=34174"}],"curies":[{"name":"wp","href":"https:\/\/api.w.org\/{rel}","templated":true}]}}