{"id":34180,"date":"2022-10-02T17:44:03","date_gmt":"2022-10-02T15:44:03","guid":{"rendered":"http:\/\/dev.claret.cat\/producte\/calendario-montessori-2023\/"},"modified":"2025-07-02T18:01:06","modified_gmt":"2025-07-02T16:01:06","slug":"calendario-montessori-2023-9788408261025","status":"publish","type":"product","link":"https:\/\/www.claret.cat\/es\/libro\/calendario-montessori-2023-9788408261025\/","title":{"rendered":"CALENDARIO MONTESSORI 2023"},"content":{"rendered":"<p>El v\u00ednculo con la naturaleza y el paso del tiempo son muy importantes para el desarrollo los ni\u00f1os y las ni\u00f1as. Este calendario ser\u00e1 la mejor compa\u00f1\u00eda para que conecten con el entorno y las diferentes estaciones.<br \/> Cuando Maria Montessori nos aconseja \u00abdar el mundo\u00bb a nuestros hijos e hijas se refiere a que los acompa\u00f1emos en el descubrimiento del mundo que los rodea: las nubes, los \u00e1rboles, la flores, la nieve\u2026 y los cambios de la naturaleza a lo largo del a\u00f1o.<br \/> Cada mes contiene:<br \/> -Una actividad Montessori para fomentar la autonom\u00eda y el desarrollo de los ni\u00f1os y las ni\u00f1as.<br \/> -Consejos para adultos.<br \/> -Las fechas m\u00e1s se\u00f1aladas.<br \/> -Un d\u00eda para mirar la luna y elegir el adhesivo m\u00e1s parecido.<br \/> Tambi\u00e9n encontrar\u00e1s:<br \/> -C\u00f3mo fabricar un molinillo de viento y una mesa de observaci\u00f3n.<br \/> Pegatinas para destacar los d\u00edas m\u00e1s especiales para ti.<br \/> Realizado con el asesoramiento de una gu\u00eda Montessori.<\/p>\n","protected":false},"excerpt":{"rendered":"<p>FLORSDEFUM, ANNA<\/p>\n","protected":false},"featured_media":1037166,"template":"","meta":{"_acf_changed":false,"om_disable_all_campaigns":false,"rs_blank_template":"","rs_page_bg_color":"","slide_template_v7":"","inline_featured_image":false,"_monsterinsights_skip_tracking":false,"_monsterinsights_sitenote_active":false,"_monsterinsights_sitenote_note":"","_monsterinsights_sitenote_category":0},"product_brand":[],"product_cat":[552,102],"product_tag":[],"class_list":{"0":"post-34180","1":"product","2":"type-product","3":"status-publish","4":"has-post-thumbnail","6":"product_cat-calendarios-y-agendas","7":"product_cat-calendaris-i-agendes","9":"first","10":"outofstock","11":"taxable","12":"shipping-taxable","13":"purchasable","14":"product-type-simple"},"acf":{"autor":"FLORSDEFUM, ANNA","codart":"840826102","libros-coleccion":"Montessori","ediciones":"1","encuadernacion":"Carpeta","fecha_de_publicacion":"01\/09\/2022","novedad":"0","paginas":"0","subtitulo":"","orden":"0","portada":"0","idioma":"spa","editorial":[{"ID":6233,"post_author":"3","post_date":"2022-07-28 17:47:48","post_date_gmt":"2022-07-28 15:47:48","post_content":"","post_title":"EDITORIAL PLANETA","post_excerpt":"","post_status":"publish","comment_status":"closed","ping_status":"closed","post_password":"","post_name":"editorial-planeta","to_ping":"","pinged":"","post_modified":"2022-07-28 17:47:48","post_modified_gmt":"2022-07-28 15:47:48","post_content_filtered":"","post_parent":0,"guid":"http:\/\/dev.claret.cat\/editorial\/editorial-planeta\/","menu_order":0,"post_type":"editorial","post_mime_type":"","comment_count":"0","filter":"raw"}],"autores-libros":[{"ID":150568,"post_author":"3","post_date":"2022-10-14 14:34:00","post_date_gmt":"2022-10-14 12:34:00","post_content":"","post_title":"ANNA FLORSDEFUM","post_excerpt":"","post_status":"publish","comment_status":"closed","ping_status":"closed","post_password":"","post_name":"anna-florsdefum","to_ping":"","pinged":"","post_modified":"2022-10-14 14:34:00","post_modified_gmt":"2022-10-14 12:34:00","post_content_filtered":"","post_parent":0,"guid":"http:\/\/dev.claret.cat\/autor\/anna-florsdefum\/","menu_order":0,"post_type":"autor","post_mime_type":"","comment_count":"0","filter":"raw"}],"booktrailer":"","resenas":""},"aioseo_notices":[],"_links":{"self":[{"href":"https:\/\/www.claret.cat\/es\/wp-json\/wp\/v2\/product\/34180","targetHints":{"allow":["GET"]}}],"collection":[{"href":"https:\/\/www.claret.cat\/es\/wp-json\/wp\/v2\/product"}],"about":[{"href":"https:\/\/www.claret.cat\/es\/wp-json\/wp\/v2\/types\/product"}],"wp:featuredmedia":[{"embeddable":true,"href":"https:\/\/www.claret.cat\/es\/wp-json\/wp\/v2\/media\/1037166"}],"wp:attachment":[{"href":"https:\/\/www.claret.cat\/es\/wp-json\/wp\/v2\/media?parent=34180"}],"wp:term":[{"taxonomy":"product_brand","embeddable":true,"href":"https:\/\/www.claret.cat\/es\/wp-json\/wp\/v2\/product_brand?post=34180"},{"taxonomy":"product_cat","embeddable":true,"href":"https:\/\/www.claret.cat\/es\/wp-json\/wp\/v2\/product_cat?post=34180"},{"taxonomy":"product_tag","embeddable":true,"href":"https:\/\/www.claret.cat\/es\/wp-json\/wp\/v2\/product_tag?post=34180"}],"curies":[{"name":"wp","href":"https:\/\/api.w.org\/{rel}","templated":true}]}}