{"id":34195,"date":"2022-10-02T17:44:19","date_gmt":"2022-10-02T15:44:19","guid":{"rendered":"http:\/\/dev.claret.cat\/producte\/un-ano-y-tres-meses\/"},"modified":"2023-10-06T08:16:41","modified_gmt":"2023-10-06T06:16:41","slug":"un-ano-y-tres-meses-9788411071475","status":"publish","type":"product","link":"https:\/\/www.claret.cat\/es\/libro\/un-ano-y-tres-meses-9788411071475\/","title":{"rendered":"UN A\u00d1O Y TRES MESES"},"content":{"rendered":"<p>\u00bfEs la tristeza, la devastaci\u00f3n \u00edntima, lo que nos da la medida de nuestro amor cuando perdemos al ser amado? \u00bfO ser\u00e1 tal vez la intimidad de la convalecencia una extra\u00f1a forma de ternura, el \u00faltimo asidero de la felicidad compartida?<br \/> \u00a0\u00a0 Un a\u00f1o y tres meses re\u00fane los poemas escritos por Luis Garc\u00eda Montero a ra\u00edz de la p\u00e9rdida de su mujer, Almudena Grandes. Son poemas que evocan con delicadeza y emoci\u00f3n contenida a veces, desatada otras, la enfermedad y la convalecencia de ella, la vivencia y la emoci\u00f3n de lo vivido. En sus versos se despliega el argumento del \u00faltimo paseo en verano, el diagn\u00f3stico inesperado, los cuidados, la noche de Fin de A\u00f1o en el hospital, el desgarro del dolor, la casa vac\u00eda, los recuerdos convocados por la ausencia, los momentos de una larga historia de amor que aqu\u00ed cobra todo su sentido.<br \/> \u00a0\u00a0 Tal vez el libro m\u00e1s conmovedor de Luis Garc\u00eda Montero, por la contenci\u00f3n, la evocaci\u00f3n serena de momentos angustiosos, la inmensa ternura evocando la complicidad y el recuerdo de la que ya no est\u00e1. Tal vez por ello, y sin propon\u00e9rselo, uno de los m\u00e1s hermosos libros de amor de la literatura reciente.<\/p>\n<p> \u00abUna de las voces m\u00e1s personales e importantes de la nueva poes\u00eda espa\u00f1ola.\u00bb \u00c1ngel Gonz\u00e1lez<br \/> \u00abTono sostenido, poderosa nostalgia, emoci\u00f3n delicada que no alza la voz, poes\u00eda escueta, ce\u00f1ida&#8230;\u00bb Octavio Paz<br \/> \u00abUn joven maestro.\u00bb Jos\u00e9 Manuel Caballero Bonald<\/p>\n","protected":false},"excerpt":{"rendered":"<p>GARC\u00cdA MONTERO, LUIS<\/p>\n","protected":false},"featured_media":51345,"template":"","meta":{"_acf_changed":false,"om_disable_all_campaigns":false,"rs_blank_template":"","rs_page_bg_color":"","slide_template_v7":"","inline_featured_image":false,"_monsterinsights_skip_tracking":false,"_monsterinsights_sitenote_active":false,"_monsterinsights_sitenote_note":"","_monsterinsights_sitenote_category":0},"product_brand":[],"product_cat":[340,358],"product_tag":[],"class_list":{"0":"post-34195","1":"product","2":"type-product","3":"status-publish","4":"has-post-thumbnail","6":"product_cat-poesia-5_otras","7":"product_cat-poesia-contemporanea","9":"first","10":"instock","11":"taxable","12":"shipping-taxable","13":"purchasable","14":"product-type-simple"},"acf":{"autor":"GARC\u00cdA MONTERO, LUIS","codart":"841107147","libros-coleccion":"","ediciones":"1","encuadernacion":"Carton\u00e9","fecha_de_publicacion":"01\/09\/2022","novedad":"1","paginas":"80","subtitulo":"","orden":"0","portada":"0","idioma":"spa","editorial":[{"ID":8271,"post_author":"3","post_date":"2022-09-30 09:21:39","post_date_gmt":"2022-09-30 07:21:39","post_content":"","post_title":"TUSQUETS EDITORES","post_excerpt":"","post_status":"publish","comment_status":"closed","ping_status":"closed","post_password":"","post_name":"tusquets-editores","to_ping":"","pinged":"","post_modified":"2022-09-30 09:21:39","post_modified_gmt":"2022-09-30 07:21:39","post_content_filtered":"","post_parent":0,"guid":"http:\/\/dev.claret.cat\/editorial\/tusquets-editores\/","menu_order":0,"post_type":"editorial","post_mime_type":"","comment_count":"0","filter":"raw"}],"autores-libros":[{"ID":162719,"post_author":"3","post_date":"2022-10-14 17:33:15","post_date_gmt":"2022-10-14 15:33:15","post_content":"","post_title":"LUIS GARC\u00cdA MONTERO","post_excerpt":"","post_status":"publish","comment_status":"closed","ping_status":"closed","post_password":"","post_name":"luis-garcia-montero","to_ping":"","pinged":"","post_modified":"2022-10-14 17:33:15","post_modified_gmt":"2022-10-14 15:33:15","post_content_filtered":"","post_parent":0,"guid":"http:\/\/dev.claret.cat\/autor\/luis-garcia-montero\/","menu_order":0,"post_type":"autor","post_mime_type":"","comment_count":"0","filter":"raw"}]},"aioseo_notices":[],"_links":{"self":[{"href":"https:\/\/www.claret.cat\/es\/wp-json\/wp\/v2\/product\/34195","targetHints":{"allow":["GET"]}}],"collection":[{"href":"https:\/\/www.claret.cat\/es\/wp-json\/wp\/v2\/product"}],"about":[{"href":"https:\/\/www.claret.cat\/es\/wp-json\/wp\/v2\/types\/product"}],"wp:featuredmedia":[{"embeddable":true,"href":"https:\/\/www.claret.cat\/es\/wp-json\/wp\/v2\/media\/51345"}],"wp:attachment":[{"href":"https:\/\/www.claret.cat\/es\/wp-json\/wp\/v2\/media?parent=34195"}],"wp:term":[{"taxonomy":"product_brand","embeddable":true,"href":"https:\/\/www.claret.cat\/es\/wp-json\/wp\/v2\/product_brand?post=34195"},{"taxonomy":"product_cat","embeddable":true,"href":"https:\/\/www.claret.cat\/es\/wp-json\/wp\/v2\/product_cat?post=34195"},{"taxonomy":"product_tag","embeddable":true,"href":"https:\/\/www.claret.cat\/es\/wp-json\/wp\/v2\/product_tag?post=34195"}],"curies":[{"name":"wp","href":"https:\/\/api.w.org\/{rel}","templated":true}]}}