{"id":342,"date":"2022-07-27T15:13:38","date_gmt":"2022-07-27T13:13:38","guid":{"rendered":"http:\/\/dev.claret.cat\/producto\/eucaristia-9788417185916\/"},"modified":"2023-10-06T08:52:04","modified_gmt":"2023-10-06T06:52:04","slug":"eucaristia-9788417185916","status":"publish","type":"product","link":"https:\/\/www.claret.cat\/es\/libro\/eucaristia-9788417185916\/","title":{"rendered":"EUCARIST\u00cdA"},"content":{"rendered":"","protected":false},"excerpt":{"rendered":"<p>GRANADOS GARC\u00cdA, JOS\u00c9<\/p>\n","protected":false},"featured_media":53143,"template":"","meta":{"_acf_changed":false,"om_disable_all_campaigns":false,"rs_blank_template":"","rs_page_bg_color":"","slide_template_v7":"","inline_featured_image":false,"_monsterinsights_skip_tracking":false,"_monsterinsights_sitenote_active":false,"_monsterinsights_sitenote_note":"","_monsterinsights_sitenote_category":0},"product_brand":[],"product_cat":[399,400,502],"product_tag":[],"class_list":{"0":"post-342","1":"product","2":"type-product","3":"status-publish","4":"has-post-thumbnail","6":"product_cat-any-liturgic-liturgia-1_espiritualidad","7":"product_cat-leccionarios","8":"product_cat-obras-generales-liturgia-1_espiritualidad","10":"first","11":"instock","12":"taxable","13":"shipping-taxable","14":"purchasable","15":"product-type-simple"},"acf":{"autor":"GRANADOS GARC\u00cdA, JOS\u00c9","codart":"841718591","ediciones":"1","encuadernacion":"R\u00fastica","fecha_de_publicacion":"01\/06\/2022","novedad":"0","paginas":"52","subtitulo":"MANANTIAL DE CONCORDIA","orden":"0","portada":"0","idioma":"spa","libros-coleccion":"Didaskalos","autores-libros":[{"ID":5639,"post_author":"3","post_date":"2022-07-28 17:28:18","post_date_gmt":"2022-07-28 15:28:18","post_content":"","post_title":"JOS\u00c9 GRANADOS GARC\u00cdA","post_excerpt":"","post_status":"publish","comment_status":"closed","ping_status":"closed","post_password":"","post_name":"jose-granados-garcia","to_ping":"","pinged":"","post_modified":"2022-07-28 17:28:18","post_modified_gmt":"2022-07-28 15:28:18","post_content_filtered":"","post_parent":0,"guid":"http:\/\/dev.claret.cat\/autor\/jose-granados-garcia\/","menu_order":0,"post_type":"autor","post_mime_type":"","comment_count":"0","filter":"raw"}],"editorial":[{"ID":6184,"post_author":"3","post_date":"2022-07-28 17:46:42","post_date_gmt":"2022-07-28 15:46:42","post_content":"","post_title":"Didaskalos","post_excerpt":"","post_status":"publish","comment_status":"closed","ping_status":"closed","post_password":"","post_name":"didaskalos","to_ping":"","pinged":"","post_modified":"2022-07-28 17:46:42","post_modified_gmt":"2022-07-28 15:46:42","post_content_filtered":"","post_parent":0,"guid":"http:\/\/dev.claret.cat\/editorial\/didaskalos\/","menu_order":0,"post_type":"editorial","post_mime_type":"","comment_count":"0","filter":"raw"}]},"aioseo_notices":[],"_links":{"self":[{"href":"https:\/\/www.claret.cat\/es\/wp-json\/wp\/v2\/product\/342","targetHints":{"allow":["GET"]}}],"collection":[{"href":"https:\/\/www.claret.cat\/es\/wp-json\/wp\/v2\/product"}],"about":[{"href":"https:\/\/www.claret.cat\/es\/wp-json\/wp\/v2\/types\/product"}],"wp:featuredmedia":[{"embeddable":true,"href":"https:\/\/www.claret.cat\/es\/wp-json\/wp\/v2\/media\/53143"}],"wp:attachment":[{"href":"https:\/\/www.claret.cat\/es\/wp-json\/wp\/v2\/media?parent=342"}],"wp:term":[{"taxonomy":"product_brand","embeddable":true,"href":"https:\/\/www.claret.cat\/es\/wp-json\/wp\/v2\/product_brand?post=342"},{"taxonomy":"product_cat","embeddable":true,"href":"https:\/\/www.claret.cat\/es\/wp-json\/wp\/v2\/product_cat?post=342"},{"taxonomy":"product_tag","embeddable":true,"href":"https:\/\/www.claret.cat\/es\/wp-json\/wp\/v2\/product_tag?post=342"}],"curies":[{"name":"wp","href":"https:\/\/api.w.org\/{rel}","templated":true}]}}