{"id":34222,"date":"2022-10-02T17:44:48","date_gmt":"2022-10-02T15:44:48","guid":{"rendered":"http:\/\/dev.claret.cat\/producte\/julio-camba-una-leccion-de-periodismo\/"},"modified":"2023-10-06T08:19:04","modified_gmt":"2023-10-06T06:19:04","slug":"julio-camba-una-leccion-de-periodismo-9788419132024","status":"publish","type":"product","link":"https:\/\/www.claret.cat\/es\/libro\/julio-camba-una-leccion-de-periodismo-9788419132024\/","title":{"rendered":"JULIO CAMBA. UNA LECCI\u00d3N DE PERIODISMO"},"content":{"rendered":"<p>Existe cierto consenso en considerar a Julio Camba (1884-1962) uno de los mejores periodistas espa\u00f1oles del siglo XX y, probablemente, el mejor corresponsal en el extranjero durante las primeras d\u00e9cadas de la pasada centuria. A pesar de esa certeza, su car\u00e1cter huidizo y reservado nos ha impedido acceder a su intimidad, a ese ego perecedero que \u00e9l mismo se esforz\u00f3 en esconder, bajo la m\u00e1scara de su archiconocido personaje. Al margen de los datos autobiogr\u00e1ficos que aportan las breves memorias de su juventud argentina y de otros dispersos en los varios miles de art\u00edculos que public\u00f3, carecemos de otros testimonios que nos ayuden a adentrarnos en su esquiva personalidad. Esta biograf\u00eda reconstruye el itinerario de Camba a trav\u00e9s de un relato \u00e1gil y fluido, pero excelentemente documentado, en el que Francisco Fuster ha abordado, de manera conjunta y equilibrada, la narraci\u00f3n de la peripecia vital del protagonista y el an\u00e1lisis pormenorizado de su obra. En a\u00f1os convulsos, la virtuosa pluma de Camba emergi\u00f3, por encima del resto, para convertirlo no en un simple articulista, sino en un excepcional cronista de su tiempo: un maestro del oficio que contribuy\u00f3 a pintar, en negro sobre blanco, el verdadero retrato de su \u00e9poca.<\/p>\n","protected":false},"excerpt":{"rendered":"<p>FUSTER, FRANCISCO<\/p>\n","protected":false},"featured_media":51363,"template":"","meta":{"_acf_changed":false,"om_disable_all_campaigns":false,"rs_blank_template":"","rs_page_bg_color":"","slide_template_v7":"","inline_featured_image":false,"_monsterinsights_skip_tracking":false,"_monsterinsights_sitenote_active":false,"_monsterinsights_sitenote_note":"","_monsterinsights_sitenote_category":0},"product_brand":[],"product_cat":[549],"product_tag":[],"class_list":{"0":"post-34222","1":"product","2":"type-product","3":"status-publish","4":"has-post-thumbnail","6":"product_cat-biografias","8":"first","9":"instock","10":"taxable","11":"shipping-taxable","12":"purchasable","13":"product-type-simple"},"acf":{"autor":"FUSTER, FRANCISCO","codart":"841913202","libros-coleccion":"BIOGRAFIAS","ediciones":"1","encuadernacion":"Carton\u00e9","fecha_de_publicacion":"01\/09\/2022","novedad":"1","paginas":"178","subtitulo":"PREMIO ANTONIO DOM\u00cdNGUEZ ORTIZ DE BIOGRAF\u00cdAS 2022","orden":"0","portada":"0","idioma":"spa","editorial":[{"ID":148179,"post_author":"3","post_date":"2022-10-14 11:56:15","post_date_gmt":"2022-10-14 09:56:15","post_content":"","post_title":"FUNDACI\u00d3N JOS\u00c9 MANUEL LARA","post_excerpt":"","post_status":"publish","comment_status":"closed","ping_status":"closed","post_password":"","post_name":"fundacion-jose-manuel-lara","to_ping":"","pinged":"","post_modified":"2022-10-14 11:56:15","post_modified_gmt":"2022-10-14 09:56:15","post_content_filtered":"","post_parent":0,"guid":"http:\/\/dev.claret.cat\/editorial\/fundacion-jose-manuel-lara\/","menu_order":0,"post_type":"editorial","post_mime_type":"","comment_count":"0","filter":"raw"}],"autores-libros":[{"ID":156241,"post_author":"3","post_date":"2022-10-14 15:19:14","post_date_gmt":"2022-10-14 13:19:14","post_content":"","post_title":"FRANCISCO FUSTER","post_excerpt":"","post_status":"publish","comment_status":"closed","ping_status":"closed","post_password":"","post_name":"francisco-fuster","to_ping":"","pinged":"","post_modified":"2022-10-14 15:19:14","post_modified_gmt":"2022-10-14 13:19:14","post_content_filtered":"","post_parent":0,"guid":"http:\/\/dev.claret.cat\/autor\/francisco-fuster\/","menu_order":0,"post_type":"autor","post_mime_type":"","comment_count":"0","filter":"raw"}]},"aioseo_notices":[],"_links":{"self":[{"href":"https:\/\/www.claret.cat\/es\/wp-json\/wp\/v2\/product\/34222","targetHints":{"allow":["GET"]}}],"collection":[{"href":"https:\/\/www.claret.cat\/es\/wp-json\/wp\/v2\/product"}],"about":[{"href":"https:\/\/www.claret.cat\/es\/wp-json\/wp\/v2\/types\/product"}],"wp:featuredmedia":[{"embeddable":true,"href":"https:\/\/www.claret.cat\/es\/wp-json\/wp\/v2\/media\/51363"}],"wp:attachment":[{"href":"https:\/\/www.claret.cat\/es\/wp-json\/wp\/v2\/media?parent=34222"}],"wp:term":[{"taxonomy":"product_brand","embeddable":true,"href":"https:\/\/www.claret.cat\/es\/wp-json\/wp\/v2\/product_brand?post=34222"},{"taxonomy":"product_cat","embeddable":true,"href":"https:\/\/www.claret.cat\/es\/wp-json\/wp\/v2\/product_cat?post=34222"},{"taxonomy":"product_tag","embeddable":true,"href":"https:\/\/www.claret.cat\/es\/wp-json\/wp\/v2\/product_tag?post=34222"}],"curies":[{"name":"wp","href":"https:\/\/api.w.org\/{rel}","templated":true}]}}