{"id":34246,"date":"2022-10-02T17:45:12","date_gmt":"2022-10-02T15:45:12","guid":{"rendered":"http:\/\/dev.claret.cat\/producte\/namaste-2\/"},"modified":"2023-10-06T08:06:43","modified_gmt":"2023-10-06T06:06:43","slug":"namaste-a-via-india-a-la-felicidad-la-realizacion-y-el-exito-9788417694760","status":"publish","type":"product","link":"https:\/\/www.claret.cat\/es\/libro\/namaste-a-via-india-a-la-felicidad-la-realizacion-y-el-exito-9788417694760\/","title":{"rendered":"NAMAST\u00c9. A V\u00cdA INDIA A LA FELICIDAD, LA REALIZACI\u00d3N Y EL \u00c9XITO"},"content":{"rendered":"<p>H\u00e9ctor Garc\u00eda (Kirai) y Francesc Miralles, dos brillantes comunicadores e impulsores del fen\u00f3meno Ikigai en nuestro pa\u00eds, vuelven la vista a la India, esa cuna que acoge al mundo entero y que marca tambi\u00e9n el devenir, para explorar la cultura, la filosof\u00eda y la pr\u00e1ctica de la felicidad desde su espiritualidad.Con un estilo fresco que ha conquistado a los lectores, exploran los conceptos b\u00e1sicos de esta poderosa tradici\u00f3n y los reflejan en sugerencias pr\u00e1cticas que aportar\u00e1n inspiraci\u00f3n, belleza y paz a nuestro d\u00eda a d\u00eda. Entre constantes gui\u00f1os al universo del lector occidental, podremos experimentar el poder sanador del mantra OM, practicar el desapego para superar el ego, ajustar el karma para provocar maravillosos cambios en la propia vida, potenciar la salud con el ayurveda, atenuar el estr\u00e9s y la ansiedad a trav\u00e9s del masaje de cabeza champissage, experimentar encuentros sagrados mediante el tantra. Un libro repleto de sorpresas, que aporta un camino luminoso desde el que afrontar los desaf\u00edos individuales y colectivos que nos plantea este mundo convulso.<\/p>\n","protected":false},"excerpt":{"rendered":"<p>MIRALLES, FRANCESC \/ GARC\u00cdA, H\u00c9CTOR<\/p>\n","protected":false},"featured_media":326370,"template":"","meta":{"_acf_changed":false,"om_disable_all_campaigns":false,"rs_blank_template":"","rs_page_bg_color":"","slide_template_v7":"","inline_featured_image":false,"_monsterinsights_skip_tracking":false,"_monsterinsights_sitenote_active":false,"_monsterinsights_sitenote_note":"","_monsterinsights_sitenote_category":0},"product_brand":[],"product_cat":[377],"product_tag":[],"class_list":{"0":"post-34246","1":"product","2":"type-product","3":"status-publish","4":"has-post-thumbnail","6":"product_cat-autoayuda-y-salud-mental","8":"first","9":"instock","10":"taxable","11":"shipping-taxable","12":"purchasable","13":"product-type-simple"},"acf":{"autor":"MIRALLES, FRANCESC \/ GARC\u00cdA, H\u00c9CTOR","codart":"841769476","libros-coleccion":"Crecimiento personal","ediciones":"1","encuadernacion":"R\u00fastica","fecha_de_publicacion":"01\/09\/2022","novedad":"1","paginas":"224","subtitulo":"LA V\u00cdA INDIA A LA FELICIDAD, LA REALIZACI\u00d3N Y EL \u00c9XITO","orden":"0","portada":"0","idioma":"spa","editorial":[{"ID":148935,"post_author":"3","post_date":"2022-10-14 12:02:09","post_date_gmt":"2022-10-14 10:02:09","post_content":"","post_title":"Urano","post_excerpt":"","post_status":"publish","comment_status":"closed","ping_status":"closed","post_password":"","post_name":"urano","to_ping":"","pinged":"","post_modified":"2022-10-14 12:02:09","post_modified_gmt":"2022-10-14 10:02:09","post_content_filtered":"","post_parent":0,"guid":"http:\/\/dev.claret.cat\/editorial\/urano\/","menu_order":0,"post_type":"editorial","post_mime_type":"","comment_count":"0","filter":"raw"}],"autores-libros":[{"ID":157425,"post_author":"3","post_date":"2022-10-14 15:28:43","post_date_gmt":"2022-10-14 13:28:43","post_content":"","post_title":"H\u00c9CTOR GARC\u00cdA","post_excerpt":"","post_status":"publish","comment_status":"closed","ping_status":"closed","post_password":"","post_name":"hector-garcia-2","to_ping":"","pinged":"","post_modified":"2022-10-14 15:28:43","post_modified_gmt":"2022-10-14 13:28:43","post_content_filtered":"","post_parent":0,"guid":"http:\/\/dev.claret.cat\/autor\/hector-garcia-2\/","menu_order":0,"post_type":"autor","post_mime_type":"","comment_count":"0","filter":"raw"},{"ID":156108,"post_author":"3","post_date":"2022-10-14 15:18:10","post_date_gmt":"2022-10-14 13:18:10","post_content":"","post_title":"FRANCESC MIRALLES","post_excerpt":"","post_status":"publish","comment_status":"closed","ping_status":"closed","post_password":"","post_name":"francesc-miralles-2","to_ping":"","pinged":"","post_modified":"2022-10-14 15:18:10","post_modified_gmt":"2022-10-14 13:18:10","post_content_filtered":"","post_parent":0,"guid":"http:\/\/dev.claret.cat\/autor\/francesc-miralles-2\/","menu_order":0,"post_type":"autor","post_mime_type":"","comment_count":"0","filter":"raw"}]},"aioseo_notices":[],"_links":{"self":[{"href":"https:\/\/www.claret.cat\/es\/wp-json\/wp\/v2\/product\/34246","targetHints":{"allow":["GET"]}}],"collection":[{"href":"https:\/\/www.claret.cat\/es\/wp-json\/wp\/v2\/product"}],"about":[{"href":"https:\/\/www.claret.cat\/es\/wp-json\/wp\/v2\/types\/product"}],"wp:featuredmedia":[{"embeddable":true,"href":"https:\/\/www.claret.cat\/es\/wp-json\/wp\/v2\/media\/326370"}],"wp:attachment":[{"href":"https:\/\/www.claret.cat\/es\/wp-json\/wp\/v2\/media?parent=34246"}],"wp:term":[{"taxonomy":"product_brand","embeddable":true,"href":"https:\/\/www.claret.cat\/es\/wp-json\/wp\/v2\/product_brand?post=34246"},{"taxonomy":"product_cat","embeddable":true,"href":"https:\/\/www.claret.cat\/es\/wp-json\/wp\/v2\/product_cat?post=34246"},{"taxonomy":"product_tag","embeddable":true,"href":"https:\/\/www.claret.cat\/es\/wp-json\/wp\/v2\/product_tag?post=34246"}],"curies":[{"name":"wp","href":"https:\/\/api.w.org\/{rel}","templated":true}]}}