{"id":342477,"date":"2023-01-13T16:10:22","date_gmt":"2023-01-13T15:10:22","guid":{"rendered":"https:\/\/www.claret.cat\/llibre\/una-palabra-hecha-silencio-9788430116867\/"},"modified":"2024-05-24T07:02:19","modified_gmt":"2024-05-24T05:02:19","slug":"una-palabra-hecha-silencio-9788430116867","status":"publish","type":"product","link":"https:\/\/www.claret.cat\/es\/libro\/una-palabra-hecha-silencio-9788430116867\/","title":{"rendered":"UNA PALABRA HECHA SILENCIO"},"content":{"rendered":"<p>La idea de que los cristianos est\u00e1n llamados a orar no es nueva. Sin embargo, el verdadero desaf\u00edo se halla en la recuperaci\u00f3n de un modo de oraci\u00f3n profunda que conduzca a la experiencia de la comuni\u00f3n con Dios, lejos de las distracciones superficiales y de la autocompasi\u00f3n.<br \/>La tradici\u00f3n de la meditaci\u00f3n cristiana, enraizada en Jes\u00fas, la Iglesia Apost\u00f3lica y los Padres, ofrece un m\u00e9todo y una disciplina sencillos que han servido a millares de personas a lo largo de la historia. Tal vez por desconocimiento, muchos creyentes buscan en Oriente formas importadas de oraci\u00f3n, olvidando los caminos que atesora la meditaci\u00f3n cristiana de todos los tiempos.<\/p>\n","protected":false},"excerpt":{"rendered":"<p>MAIN, JOHN<\/p>\n","protected":false},"featured_media":0,"template":"","meta":{"_acf_changed":false,"om_disable_all_campaigns":false,"rs_blank_template":"","rs_page_bg_color":"","slide_template_v7":"","inline_featured_image":false,"_monsterinsights_skip_tracking":false,"_monsterinsights_sitenote_active":false,"_monsterinsights_sitenote_note":"","_monsterinsights_sitenote_category":0},"product_brand":[],"product_cat":[497,248,396,247],"product_tag":[],"class_list":{"0":"post-342477","1":"product","2":"type-product","3":"status-publish","5":"product_cat-meditaciones","6":"product_cat-meditacions","7":"product_cat-oracion","8":"product_cat-pregaria","10":"first","11":"outofstock","12":"taxable","13":"shipping-taxable","14":"purchasable","15":"product-type-simple"},"acf":{"editorial":[{"ID":6364,"post_author":"3","post_date":"2022-07-28 17:50:36","post_date_gmt":"2022-07-28 15:50:36","post_content":"","post_title":"S\u00edgueme","post_excerpt":"","post_status":"publish","comment_status":"closed","ping_status":"closed","post_password":"","post_name":"sigueme","to_ping":"","pinged":"","post_modified":"2022-07-28 17:50:36","post_modified_gmt":"2022-07-28 15:50:36","post_content_filtered":"","post_parent":0,"guid":"http:\/\/dev.claret.cat\/editorial\/sigueme\/","menu_order":0,"post_type":"editorial","post_mime_type":"","comment_count":"0","filter":"raw"}],"autores-libros":[{"ID":292766,"post_author":"3","post_date":"2022-12-11 02:02:19","post_date_gmt":"2022-12-11 01:02:19","post_content":"","post_title":"JOHN MAIN","post_excerpt":"","post_status":"publish","comment_status":"closed","ping_status":"closed","post_password":"","post_name":"john-main","to_ping":"","pinged":"","post_modified":"2022-12-11 02:02:19","post_modified_gmt":"2022-12-11 01:02:19","post_content_filtered":"","post_parent":0,"guid":"http:\/\/dev.claret.cat\/autor\/john-main\/","menu_order":0,"post_type":"autor","post_mime_type":"","comment_count":"0","filter":"raw"}],"autor":"MAIN, JOHN","codart":"843011686","libros-coleccion":"Nueva Alianza Minor","ediciones":"1","encuadernacion":"R\u00fastica","fecha_de_publicacion":"08\/09\/2008","novedad":"0","paginas":"128","subtitulo":"GU\u00cdA PARA LA PR\u00c1CTICA CRISTIANA DE LA MEDITACI\u00d3N","orden":"999","portada":"0","idioma":"spa"},"aioseo_notices":[],"_links":{"self":[{"href":"https:\/\/www.claret.cat\/es\/wp-json\/wp\/v2\/product\/342477","targetHints":{"allow":["GET"]}}],"collection":[{"href":"https:\/\/www.claret.cat\/es\/wp-json\/wp\/v2\/product"}],"about":[{"href":"https:\/\/www.claret.cat\/es\/wp-json\/wp\/v2\/types\/product"}],"wp:attachment":[{"href":"https:\/\/www.claret.cat\/es\/wp-json\/wp\/v2\/media?parent=342477"}],"wp:term":[{"taxonomy":"product_brand","embeddable":true,"href":"https:\/\/www.claret.cat\/es\/wp-json\/wp\/v2\/product_brand?post=342477"},{"taxonomy":"product_cat","embeddable":true,"href":"https:\/\/www.claret.cat\/es\/wp-json\/wp\/v2\/product_cat?post=342477"},{"taxonomy":"product_tag","embeddable":true,"href":"https:\/\/www.claret.cat\/es\/wp-json\/wp\/v2\/product_tag?post=342477"}],"curies":[{"name":"wp","href":"https:\/\/api.w.org\/{rel}","templated":true}]}}