{"id":342609,"date":"2023-01-13T16:26:08","date_gmt":"2023-01-13T15:26:08","guid":{"rendered":"https:\/\/www.claret.cat\/llibre\/el-protagoras-9788430977895\/"},"modified":"2023-02-09T12:16:57","modified_gmt":"2023-02-09T11:16:57","slug":"el-protagoras-9788430977895","status":"publish","type":"product","link":"https:\/\/www.claret.cat\/es\/libro\/el-protagoras-9788430977895\/","title":{"rendered":"EL PROT\u00c1GORAS"},"content":{"rendered":"<p>El Prot\u00e1goras pertenece al grupo de di\u00e1logos frecuentemente llamados socr\u00e1ticos, que datan de la juventud de Plat\u00f3n y presentan las caracter\u00edsticas m\u00e1s sobresalientes del socratismo: determinaci\u00f3n de los conceptos de orden pr\u00e1ctico. S\u00f3crates, en efecto, se ha limitado siempre al estudio de las cosas humanas, la ciencia relativa a la conducta de la vida. El m\u00e9todo de S\u00f3crates consiste precisamente en examinar, en poner a prueba (basanidsein, exetasein, skeptesthai, skopein) las ideas de otros, es decir, las definiciones puestas por otros, pero no en proponer \u00e9l ideas o definiciones. La tesis principal de S\u00f3crates es la identidad entre saber y virtud: para ser virtuoso es necesario saber; y es suficiente poseer la sabidur\u00eda para ser virtuoso.<\/p>\n","protected":false},"excerpt":{"rendered":"<p>PLAT\u00d3N<\/p>\n","protected":false},"featured_media":370486,"template":"","meta":{"_acf_changed":false,"om_disable_all_campaigns":false,"rs_blank_template":"","rs_page_bg_color":"","slide_template_v7":"","inline_featured_image":false,"_monsterinsights_skip_tracking":false,"_monsterinsights_sitenote_active":false,"_monsterinsights_sitenote_note":"","_monsterinsights_sitenote_category":0},"product_brand":[],"product_cat":[173,444],"product_tag":[],"class_list":{"0":"post-342609","1":"product","2":"type-product","3":"status-publish","4":"has-post-thumbnail","6":"product_cat-logica","7":"product_cat-logica-filosofia-2_humanidades","9":"first","10":"instock","11":"taxable","12":"shipping-taxable","13":"purchasable","14":"product-type-simple"},"acf":{"editorial":[{"ID":6373,"post_author":"3","post_date":"2022-07-28 17:50:48","post_date_gmt":"2022-07-28 15:50:48","post_content":"","post_title":"Tecnos","post_excerpt":"","post_status":"publish","comment_status":"closed","ping_status":"closed","post_password":"","post_name":"tecnos","to_ping":"","pinged":"","post_modified":"2022-07-28 17:50:48","post_modified_gmt":"2022-07-28 15:50:48","post_content_filtered":"","post_parent":0,"guid":"http:\/\/dev.claret.cat\/editorial\/tecnos\/","menu_order":0,"post_type":"editorial","post_mime_type":"","comment_count":"0","filter":"raw"}],"autor":"PLAT\u00d3N","codart":"843097789","libros-coleccion":"Filosof\u00eda - Los Esenciales De La Filosof","ediciones":"1","encuadernacion":"R\u00fastica","fecha_de_publicacion":"01\/10\/2019","novedad":"1","paginas":"136","subtitulo":"","orden":"0","portada":"0","idioma":"spa","autores-libros":[{"ID":167367,"post_author":"3","post_date":"2022-10-14 18:10:38","post_date_gmt":"2022-10-14 16:10:38","post_content":"","post_title":"PLATON","post_excerpt":"","post_status":"publish","comment_status":"closed","ping_status":"closed","post_password":"","post_name":"platon","to_ping":"","pinged":"","post_modified":"2022-10-14 18:10:38","post_modified_gmt":"2022-10-14 16:10:38","post_content_filtered":"","post_parent":0,"guid":"http:\/\/dev.claret.cat\/autor\/platon\/","menu_order":0,"post_type":"autor","post_mime_type":"","comment_count":"0","filter":"raw"}]},"aioseo_notices":[],"_links":{"self":[{"href":"https:\/\/www.claret.cat\/es\/wp-json\/wp\/v2\/product\/342609","targetHints":{"allow":["GET"]}}],"collection":[{"href":"https:\/\/www.claret.cat\/es\/wp-json\/wp\/v2\/product"}],"about":[{"href":"https:\/\/www.claret.cat\/es\/wp-json\/wp\/v2\/types\/product"}],"wp:featuredmedia":[{"embeddable":true,"href":"https:\/\/www.claret.cat\/es\/wp-json\/wp\/v2\/media\/370486"}],"wp:attachment":[{"href":"https:\/\/www.claret.cat\/es\/wp-json\/wp\/v2\/media?parent=342609"}],"wp:term":[{"taxonomy":"product_brand","embeddable":true,"href":"https:\/\/www.claret.cat\/es\/wp-json\/wp\/v2\/product_brand?post=342609"},{"taxonomy":"product_cat","embeddable":true,"href":"https:\/\/www.claret.cat\/es\/wp-json\/wp\/v2\/product_cat?post=342609"},{"taxonomy":"product_tag","embeddable":true,"href":"https:\/\/www.claret.cat\/es\/wp-json\/wp\/v2\/product_tag?post=342609"}],"curies":[{"name":"wp","href":"https:\/\/api.w.org\/{rel}","templated":true}]}}