{"id":34273,"date":"2022-10-02T17:45:37","date_gmt":"2022-10-02T15:45:37","guid":{"rendered":"http:\/\/dev.claret.cat\/producte\/veins-especials\/"},"modified":"2024-01-31T21:29:21","modified_gmt":"2024-01-31T20:29:21","slug":"veins-especials-9788419150233","status":"publish","type":"product","link":"https:\/\/www.claret.cat\/es\/libro\/veins-especials-9788419150233\/","title":{"rendered":"VE\u00cfNS ESPECIALS"},"content":{"rendered":"<p>Ve\u00efns especials narra la hist\u00f2ria del Biel, un noi de quinze anys que voldria tenir n\u00f2via, com alguns dels seus companys de l&#8217;esplai dels pirates per\u00f2 no sap com fer-ho perqu\u00e8 \u00e9s \u201cespecial\u201d. Quan comen\u00e7a a agradar-li la S\u00f2nia, una jove presentadora d&#8217;un programa de cuina de la tele i, a m\u00e9s, ve\u00efna de la seva escala, les coses es compliquen&#8230;<br \/> Padilla i Monta\u00f1\u00e0 ens permeten veure el m\u00f3n a trav\u00e9s dels ulls del Biel d&#8217;una manera simp\u00e0tica i sense caure en victimismes. El que m\u00e9s destaca en aquesta hist\u00f2ria d&#8217;innoc\u00e8ncia, temors i malentesos s\u00f3n la profunditat i la psicologia dels sentiments dels personatges. Ve\u00efns especials ens recorda que la vida t\u00e9 sempre dos punts de vista i que no ens hem d&#8217;oblidar que, encara que semblem molt diferents, tots som especials a la nostra manera. Una novel\u00b7la que far\u00e0 riure el lector i l&#8217;emocionar\u00e0 a cada p\u00e0gina.<\/p>\n","protected":false},"excerpt":{"rendered":"<p>PADILLA DE JUAN, ARTURO \/ MONTA\u00d1\u00c1 ROS, RUB\u00c8N<\/p>\n","protected":false},"featured_media":51401,"template":"","meta":{"_acf_changed":false,"om_disable_all_campaigns":false,"rs_blank_template":"","rs_page_bg_color":"","slide_template_v7":"","inline_featured_image":false,"_monsterinsights_skip_tracking":false,"_monsterinsights_sitenote_active":false,"_monsterinsights_sitenote_note":"","_monsterinsights_sitenote_category":0},"product_brand":[],"product_cat":[132,362],"product_tag":[],"class_list":{"0":"post-34273","1":"product","2":"type-product","3":"status-publish","4":"has-post-thumbnail","6":"product_cat-lectures-per-preadolescents-6-12-anys","7":"product_cat-libros-preadolescentes-6-12-anos","9":"first","10":"instock","11":"taxable","12":"shipping-taxable","13":"purchasable","14":"product-type-simple"},"acf":{"autor":"PADILLA DE JUAN, ARTURO \/ MONTA\u00d1\u00c1 ROS, RUB\u00c8N","codart":"841915023","libros-coleccion":"FICCI\u00d3","ediciones":"1","encuadernacion":"R\u00fastica","fecha_de_publicacion":"01\/09\/2022","novedad":"1","paginas":"160","subtitulo":"PREMI RAMON MUNTANER 2022","orden":"0","portada":"0","idioma":"cat","editorial":[{"ID":6254,"post_author":"3","post_date":"2022-07-28 17:48:15","post_date_gmt":"2022-07-28 15:48:15","post_content":"","post_title":"FANBOOKS","post_excerpt":"","post_status":"publish","comment_status":"closed","ping_status":"closed","post_password":"","post_name":"fanbooks","to_ping":"","pinged":"","post_modified":"2022-07-28 17:48:15","post_modified_gmt":"2022-07-28 15:48:15","post_content_filtered":"","post_parent":0,"guid":"http:\/\/dev.claret.cat\/editorial\/fanbooks\/","menu_order":0,"post_type":"editorial","post_mime_type":"","comment_count":"0","filter":"raw"}],"autores-libros":[{"ID":151163,"post_author":"3","post_date":"2022-10-14 14:38:42","post_date_gmt":"2022-10-14 12:38:42","post_content":"","post_title":"ARTURO PADILLA DE JUAN","post_excerpt":"","post_status":"publish","comment_status":"closed","ping_status":"closed","post_password":"","post_name":"arturo-padilla-de-juan","to_ping":"","pinged":"","post_modified":"2022-10-14 14:38:42","post_modified_gmt":"2022-10-14 12:38:42","post_content_filtered":"","post_parent":0,"guid":"http:\/\/dev.claret.cat\/autor\/arturo-padilla-de-juan\/","menu_order":0,"post_type":"autor","post_mime_type":"","comment_count":"0","filter":"raw"},{"ID":168646,"post_author":"3","post_date":"2022-10-14 22:20:47","post_date_gmt":"2022-10-14 20:20:47","post_content":"","post_title":"RUB\u00c8N MONTA\u00d1\u00c1 ROS","post_excerpt":"","post_status":"publish","comment_status":"closed","ping_status":"closed","post_password":"","post_name":"ruben-montana-ros","to_ping":"","pinged":"","post_modified":"2022-10-14 22:20:47","post_modified_gmt":"2022-10-14 20:20:47","post_content_filtered":"","post_parent":0,"guid":"http:\/\/dev.claret.cat\/autor\/ruben-montana-ros\/","menu_order":0,"post_type":"autor","post_mime_type":"","comment_count":"0","filter":"raw"}]},"aioseo_notices":[],"_links":{"self":[{"href":"https:\/\/www.claret.cat\/es\/wp-json\/wp\/v2\/product\/34273","targetHints":{"allow":["GET"]}}],"collection":[{"href":"https:\/\/www.claret.cat\/es\/wp-json\/wp\/v2\/product"}],"about":[{"href":"https:\/\/www.claret.cat\/es\/wp-json\/wp\/v2\/types\/product"}],"wp:featuredmedia":[{"embeddable":true,"href":"https:\/\/www.claret.cat\/es\/wp-json\/wp\/v2\/media\/51401"}],"wp:attachment":[{"href":"https:\/\/www.claret.cat\/es\/wp-json\/wp\/v2\/media?parent=34273"}],"wp:term":[{"taxonomy":"product_brand","embeddable":true,"href":"https:\/\/www.claret.cat\/es\/wp-json\/wp\/v2\/product_brand?post=34273"},{"taxonomy":"product_cat","embeddable":true,"href":"https:\/\/www.claret.cat\/es\/wp-json\/wp\/v2\/product_cat?post=34273"},{"taxonomy":"product_tag","embeddable":true,"href":"https:\/\/www.claret.cat\/es\/wp-json\/wp\/v2\/product_tag?post=34273"}],"curies":[{"name":"wp","href":"https:\/\/api.w.org\/{rel}","templated":true}]}}