{"id":34312,"date":"2022-10-02T17:46:12","date_gmt":"2022-10-02T15:46:12","guid":{"rendered":"http:\/\/dev.claret.cat\/producte\/coneixem-leducacio-viaria\/"},"modified":"2025-09-16T11:56:08","modified_gmt":"2025-09-16T09:56:08","slug":"coneixem-leducacio-viaria-9788448938819","status":"publish","type":"product","link":"https:\/\/www.claret.cat\/es\/libro\/coneixem-leducacio-viaria-9788448938819\/","title":{"rendered":"CONEIXEM L&#8221;EDUCACI\u00d3 VI\u00c0RIA"},"content":{"rendered":"<p>Per moure&#8221;s amb bici, en cotxe o a peu, \u00e9s molt importar estar al cas, ja des de ben petis, dels  h\u00e0bits i de les pr\u00e0ctiques segures. Aquest llibre, protagonitzat per una fam\u00edlia de gossets, ajudar\u00e0 els m\u00e9s petits a donar import\u00e0ncia a la mobilitat segura. <br \/> Per afavorir la lectura aut\u00f2noma dels petits lectors, cada doble p\u00e0gina presenta el text de manera breu i escrit amb dues modalitats de lletra: de pal i lligada.<\/p>\n","protected":false},"excerpt":{"rendered":"<p>BALD\u00d3, ESTEL \/ GIL, ROSA \/ SOLIVA, MARIA<\/p>\n","protected":false},"featured_media":979042,"template":"","meta":{"_acf_changed":false,"om_disable_all_campaigns":false,"rs_blank_template":"","rs_page_bg_color":"","slide_template_v7":"","inline_featured_image":false,"_monsterinsights_skip_tracking":false,"_monsterinsights_sitenote_active":false,"_monsterinsights_sitenote_note":"","_monsterinsights_sitenote_category":0},"product_brand":[],"product_cat":[131,361],"product_tag":[],"class_list":{"0":"post-34312","1":"product","2":"type-product","3":"status-publish","4":"has-post-thumbnail","6":"product_cat-contes-per-infants-0-6-anys","7":"product_cat-cuentos-para-ninos-0-6-anos","9":"first","10":"instock","11":"taxable","12":"shipping-taxable","13":"purchasable","14":"product-type-simple"},"acf":{"autor":"BALD\u00d3, ESTEL \/ GIL, ROSA \/ SOLIVA, MARIA","codart":"844893881","libros-coleccion":"FORA DE COL.LECCI\u00d3","ediciones":"1","encuadernacion":"R\u00fastica","fecha_de_publicacion":"01\/09\/2016","novedad":"1","paginas":"24","subtitulo":"","orden":"0","portada":"0","idioma":"cat","editorial":[{"ID":147525,"post_author":"3","post_date":"2022-10-14 11:51:14","post_date_gmt":"2022-10-14 09:51:14","post_content":"","post_title":"BARCANOVA","post_excerpt":"","post_status":"publish","comment_status":"closed","ping_status":"closed","post_password":"","post_name":"barcanova","to_ping":"","pinged":"","post_modified":"2022-10-14 11:51:14","post_modified_gmt":"2022-10-14 09:51:14","post_content_filtered":"","post_parent":0,"guid":"http:\/\/dev.claret.cat\/editorial\/barcanova\/","menu_order":0,"post_type":"editorial","post_mime_type":"","comment_count":"0","filter":"raw"}],"autores-libros":[{"ID":155389,"post_author":"3","post_date":"2022-10-14 15:12:26","post_date_gmt":"2022-10-14 13:12:26","post_content":"","post_title":"ESTEL BALD\u00d3","post_excerpt":"","post_status":"publish","comment_status":"closed","ping_status":"closed","post_password":"","post_name":"estel-baldo","to_ping":"","pinged":"","post_modified":"2022-10-14 15:12:26","post_modified_gmt":"2022-10-14 13:12:26","post_content_filtered":"","post_parent":0,"guid":"http:\/\/dev.claret.cat\/autor\/estel-baldo\/","menu_order":0,"post_type":"autor","post_mime_type":"","comment_count":"0","filter":"raw"},{"ID":168488,"post_author":"3","post_date":"2022-10-14 22:19:31","post_date_gmt":"2022-10-14 20:19:31","post_content":"","post_title":"ROSA GIL","post_excerpt":"","post_status":"publish","comment_status":"closed","ping_status":"closed","post_password":"","post_name":"rosa-gil","to_ping":"","pinged":"","post_modified":"2022-10-14 22:19:31","post_modified_gmt":"2022-10-14 20:19:31","post_content_filtered":"","post_parent":0,"guid":"http:\/\/dev.claret.cat\/autor\/rosa-gil\/","menu_order":0,"post_type":"autor","post_mime_type":"","comment_count":"0","filter":"raw"},{"ID":163780,"post_author":"3","post_date":"2022-10-14 17:41:48","post_date_gmt":"2022-10-14 15:41:48","post_content":"","post_title":"MARIA SOLIVA","post_excerpt":"","post_status":"publish","comment_status":"closed","ping_status":"closed","post_password":"","post_name":"maria-soliva","to_ping":"","pinged":"","post_modified":"2022-10-14 17:41:48","post_modified_gmt":"2022-10-14 15:41:48","post_content_filtered":"","post_parent":0,"guid":"http:\/\/dev.claret.cat\/autor\/maria-soliva\/","menu_order":0,"post_type":"autor","post_mime_type":"","comment_count":"0","filter":"raw"}],"booktrailer":"","resenas":""},"aioseo_notices":[],"_links":{"self":[{"href":"https:\/\/www.claret.cat\/es\/wp-json\/wp\/v2\/product\/34312","targetHints":{"allow":["GET"]}}],"collection":[{"href":"https:\/\/www.claret.cat\/es\/wp-json\/wp\/v2\/product"}],"about":[{"href":"https:\/\/www.claret.cat\/es\/wp-json\/wp\/v2\/types\/product"}],"wp:featuredmedia":[{"embeddable":true,"href":"https:\/\/www.claret.cat\/es\/wp-json\/wp\/v2\/media\/979042"}],"wp:attachment":[{"href":"https:\/\/www.claret.cat\/es\/wp-json\/wp\/v2\/media?parent=34312"}],"wp:term":[{"taxonomy":"product_brand","embeddable":true,"href":"https:\/\/www.claret.cat\/es\/wp-json\/wp\/v2\/product_brand?post=34312"},{"taxonomy":"product_cat","embeddable":true,"href":"https:\/\/www.claret.cat\/es\/wp-json\/wp\/v2\/product_cat?post=34312"},{"taxonomy":"product_tag","embeddable":true,"href":"https:\/\/www.claret.cat\/es\/wp-json\/wp\/v2\/product_tag?post=34312"}],"curies":[{"name":"wp","href":"https:\/\/api.w.org\/{rel}","templated":true}]}}