{"id":343336,"date":"2023-01-13T17:36:12","date_gmt":"2023-01-13T16:36:12","guid":{"rendered":"https:\/\/www.claret.cat\/llibre\/calido-viento-del-norte-9788432146022\/"},"modified":"2024-05-24T05:14:45","modified_gmt":"2024-05-24T03:14:45","slug":"calido-viento-del-norte-9788432146022","status":"publish","type":"product","link":"https:\/\/www.claret.cat\/es\/libro\/calido-viento-del-norte-9788432146022\/","title":{"rendered":"C\u00c1LIDO VIENTO DEL NORTE"},"content":{"rendered":"<p>Cuarenta relatos de historiadores, m\u00e9dicos, fil\u00f3sofos y sacerdotes, m\u00fasicos o cantantes de rap, todos ellos disidentes de la ideolog\u00eda dominante en los pa\u00edses del Norte de Europa y con estilos de vida que constituyen un canto a la esperanza.<\/p>\n","protected":false},"excerpt":{"rendered":"<p>CEJAS, JOS\u00c9 MIGUEL<\/p>\n","protected":false},"featured_media":343337,"template":"","meta":{"_acf_changed":false,"om_disable_all_campaigns":false,"rs_blank_template":"","rs_page_bg_color":"","slide_template_v7":"","inline_featured_image":false,"_monsterinsights_skip_tracking":false,"_monsterinsights_sitenote_active":false,"_monsterinsights_sitenote_note":"","_monsterinsights_sitenote_category":0},"product_brand":[],"product_cat":[85,351],"product_tag":[],"class_list":{"0":"post-343336","1":"product","2":"type-product","3":"status-publish","4":"has-post-thumbnail","6":"product_cat-historia","7":"product_cat-historia-2_humanidades","9":"first","10":"instock","11":"taxable","12":"shipping-taxable","13":"purchasable","14":"product-type-simple"},"acf":{"editorial":[{"ID":6348,"post_author":"3","post_date":"2022-07-28 17:50:16","post_date_gmt":"2022-07-28 15:50:16","post_content":"","post_title":"Rialp","post_excerpt":"","post_status":"publish","comment_status":"closed","ping_status":"closed","post_password":"","post_name":"rialp","to_ping":"","pinged":"","post_modified":"2022-07-28 17:50:16","post_modified_gmt":"2022-07-28 15:50:16","post_content_filtered":"","post_parent":0,"guid":"http:\/\/dev.claret.cat\/editorial\/rialp\/","menu_order":0,"post_type":"editorial","post_mime_type":"","comment_count":"0","filter":"raw"}],"autores-libros":[{"ID":160508,"post_author":"3","post_date":"2022-10-14 15:53:38","post_date_gmt":"2022-10-14 13:53:38","post_content":"","post_title":"JOS\u00c9 MIGUEL CEJAS","post_excerpt":"","post_status":"publish","comment_status":"closed","ping_status":"closed","post_password":"","post_name":"jose-miguel-cejas","to_ping":"","pinged":"","post_modified":"2022-10-14 15:53:38","post_modified_gmt":"2022-10-14 13:53:38","post_content_filtered":"","post_parent":0,"guid":"http:\/\/dev.claret.cat\/autor\/jose-miguel-cejas\/","menu_order":0,"post_type":"autor","post_mime_type":"","comment_count":"0","filter":"raw"}],"autor":"CEJAS, JOS\u00c9 MIGUEL","codart":"843214602","libros-coleccion":"","ediciones":"1","encuadernacion":"R\u00fastica","fecha_de_publicacion":"16\/02\/2016","novedad":"0","paginas":"352","subtitulo":"RELATOS DE DISIDENTES DE LAS IDEOLOG\u00cdAS DOMINANTES EN SUECIA, NORUEGA, DINAMARCA","orden":"999","portada":"0","idioma":"spa"},"aioseo_notices":[],"_links":{"self":[{"href":"https:\/\/www.claret.cat\/es\/wp-json\/wp\/v2\/product\/343336","targetHints":{"allow":["GET"]}}],"collection":[{"href":"https:\/\/www.claret.cat\/es\/wp-json\/wp\/v2\/product"}],"about":[{"href":"https:\/\/www.claret.cat\/es\/wp-json\/wp\/v2\/types\/product"}],"wp:featuredmedia":[{"embeddable":true,"href":"https:\/\/www.claret.cat\/es\/wp-json\/wp\/v2\/media\/343337"}],"wp:attachment":[{"href":"https:\/\/www.claret.cat\/es\/wp-json\/wp\/v2\/media?parent=343336"}],"wp:term":[{"taxonomy":"product_brand","embeddable":true,"href":"https:\/\/www.claret.cat\/es\/wp-json\/wp\/v2\/product_brand?post=343336"},{"taxonomy":"product_cat","embeddable":true,"href":"https:\/\/www.claret.cat\/es\/wp-json\/wp\/v2\/product_cat?post=343336"},{"taxonomy":"product_tag","embeddable":true,"href":"https:\/\/www.claret.cat\/es\/wp-json\/wp\/v2\/product_tag?post=343336"}],"curies":[{"name":"wp","href":"https:\/\/api.w.org\/{rel}","templated":true}]}}