{"id":343372,"date":"2023-01-13T17:45:25","date_gmt":"2023-01-13T16:45:25","guid":{"rendered":"https:\/\/www.claret.cat\/llibre\/aprendre-a-parlar-amb-les-plantes-9788419332219\/"},"modified":"2026-03-03T16:40:50","modified_gmt":"2026-03-03T15:40:50","slug":"aprendre-a-parlar-amb-les-plantes-9788419332219","status":"publish","type":"product","link":"https:\/\/www.claret.cat\/es\/libro\/aprendre-a-parlar-amb-les-plantes-9788419332219\/","title":{"rendered":"APRENDRE A PARLAR AMB LES PLANTES"},"content":{"rendered":"<p>La Paula t\u00e9 quaranta anys, \u00e9s neonat\u00f2loga i est\u00e0 viva. Quan una revelaci\u00f3 i una p\u00e8rdua sobtada la porten a submergir-se en ella mateixa, empr\u00e8n un cam\u00ed que l&#8217;endinsar\u00e0 en la r\u00e0bia, la por, el desig i la reconstrucci\u00f3 personal, i que li despertar\u00e0 l&#8217;instint de superviv\u00e8ncia. Desorientada, s&#8217;haur\u00e0 d&#8217;enfrontar fins i tot a ella mateixa per reorganitzar una geografia emocional que sent extingida. Aprendre a parlar amb les plantes \u00e9s una novel\u00b7la delicada escrita des del punt de vista d&#8217;una dona que haur\u00e0 de reconciliar-se amb un m\u00f3n que ja no reconeix. La narrativa de Marta Orriols, emotiva, intensa i reflexiva, ens convida a quedar-nos amb el que \u00e9s essencial. Un llibre \u00edntim que teixeix un relat proper capa\u00e7 d&#8217;enfrontar-se al dolor m\u00e9s punyent amb una maduresa estil\u00edstica molt poc habitual.<\/p>\n","protected":false},"excerpt":{"rendered":"<p>ORRIOLS BALAGUER, MARTA<\/p>\n","protected":false},"featured_media":1087340,"template":"","meta":{"_acf_changed":false,"om_disable_all_campaigns":false,"rs_blank_template":"","rs_page_bg_color":"","slide_template_v7":"","inline_featured_image":false,"_monsterinsights_skip_tracking":false,"_monsterinsights_sitenote_active":false,"_monsterinsights_sitenote_note":"","_monsterinsights_sitenote_category":0},"product_brand":[],"product_cat":[127,357],"product_tag":[],"class_list":{"0":"post-343372","1":"product","2":"type-product","3":"status-publish","4":"has-post-thumbnail","6":"product_cat-novella-contemporania","7":"product_cat-novela-contemporanea","9":"first","10":"outofstock","11":"taxable","12":"shipping-taxable","13":"purchasable","14":"product-type-simple"},"acf":{"editorial":[{"ID":6213,"post_author":"3","post_date":"2022-07-28 17:47:17","post_date_gmt":"2022-07-28 15:47:17","post_content":"","post_title":"EDICIONS DEL PERISCOPI","post_excerpt":"","post_status":"publish","comment_status":"closed","ping_status":"closed","post_password":"","post_name":"edicions-del-periscopi","to_ping":"","pinged":"","post_modified":"2022-07-28 17:47:17","post_modified_gmt":"2022-07-28 15:47:17","post_content_filtered":"","post_parent":0,"guid":"http:\/\/dev.claret.cat\/editorial\/edicions-del-periscopi\/","menu_order":0,"post_type":"editorial","post_mime_type":"","comment_count":"0","filter":"raw"}],"autor":"ORRIOLS BALAGUER, MARTA","codart":"841933221","libros-coleccion":"Escafandre","ediciones":"1","encuadernacion":"R\u00fastica","fecha_de_publicacion":"01\/01\/2023","novedad":"0","paginas":"256","subtitulo":"","orden":"0","portada":"0","idioma":"cat","autores-libros":[{"ID":164190,"post_author":"3","post_date":"2022-10-14 17:45:05","post_date_gmt":"2022-10-14 15:45:05","post_content":"","post_title":"MARTA ORRIOLS BALAGUER","post_excerpt":"","post_status":"publish","comment_status":"closed","ping_status":"closed","post_password":"","post_name":"marta-orriols-balaguer","to_ping":"","pinged":"","post_modified":"2022-10-14 17:45:05","post_modified_gmt":"2022-10-14 15:45:05","post_content_filtered":"","post_parent":0,"guid":"http:\/\/dev.claret.cat\/autor\/marta-orriols-balaguer\/","menu_order":0,"post_type":"autor","post_mime_type":"","comment_count":"0","filter":"raw"}],"booktrailer":"","resenas":""},"aioseo_notices":[],"_links":{"self":[{"href":"https:\/\/www.claret.cat\/es\/wp-json\/wp\/v2\/product\/343372","targetHints":{"allow":["GET"]}}],"collection":[{"href":"https:\/\/www.claret.cat\/es\/wp-json\/wp\/v2\/product"}],"about":[{"href":"https:\/\/www.claret.cat\/es\/wp-json\/wp\/v2\/types\/product"}],"wp:featuredmedia":[{"embeddable":true,"href":"https:\/\/www.claret.cat\/es\/wp-json\/wp\/v2\/media\/1087340"}],"wp:attachment":[{"href":"https:\/\/www.claret.cat\/es\/wp-json\/wp\/v2\/media?parent=343372"}],"wp:term":[{"taxonomy":"product_brand","embeddable":true,"href":"https:\/\/www.claret.cat\/es\/wp-json\/wp\/v2\/product_brand?post=343372"},{"taxonomy":"product_cat","embeddable":true,"href":"https:\/\/www.claret.cat\/es\/wp-json\/wp\/v2\/product_cat?post=343372"},{"taxonomy":"product_tag","embeddable":true,"href":"https:\/\/www.claret.cat\/es\/wp-json\/wp\/v2\/product_tag?post=343372"}],"curies":[{"name":"wp","href":"https:\/\/api.w.org\/{rel}","templated":true}]}}