{"id":343375,"date":"2023-01-13T17:45:32","date_gmt":"2023-01-13T16:45:32","guid":{"rendered":"https:\/\/www.claret.cat\/llibre\/anatomia-de-les-distancies-curtes-9788419332226\/"},"modified":"2023-10-06T06:36:48","modified_gmt":"2023-10-06T04:36:48","slug":"anatomia-de-les-distancies-curtes-9788419332226","status":"publish","type":"product","link":"https:\/\/www.claret.cat\/es\/libro\/anatomia-de-les-distancies-curtes-9788419332226\/","title":{"rendered":"ANATOMIA DE LES DIST\u00c0NCIES CURTES"},"content":{"rendered":"<p>A trav\u00e9s de personatges fuga\u00e7os i d&#8217;imatges senzilles que condensen grans emocions en petits gestos, aquest recull de contes retrata la infinitat de relacions a qu\u00e8 ens condueix l&#8217;amor. L&#8217;estima, el dolor, les ren\u00fancies impl\u00edcites, els oblits o les p\u00e8rdues es relacionen \u00edntimament en uns textos en qu\u00e8 els protagonistes s&#8217;enfronten de manera quasi imperceptible amb l&#8217;exterior mentre proven d&#8217;oblidar els somnis, els desitjos laborals i sexuals i, fins i tot, el dret a enfadar-se. Un calidoscopi proper i emp\u00e0tic que ens aproxima de manera natural als sentiments que maquillem per por d&#8217;alterar el curs de les nostres vides. Anatomia de les dist\u00e0ncies curtes \u00e9s un paisatge l\u00facid i emocional reblert dels silencis que protegim.<\/p>\n","protected":false},"excerpt":{"rendered":"<p>ORRIOLS BALAGUER, MARTA<\/p>\n","protected":false},"featured_media":344193,"template":"","meta":{"_acf_changed":false,"om_disable_all_campaigns":false,"rs_blank_template":"","rs_page_bg_color":"","slide_template_v7":"","inline_featured_image":false,"_monsterinsights_skip_tracking":false,"_monsterinsights_sitenote_active":false,"_monsterinsights_sitenote_note":"","_monsterinsights_sitenote_category":0},"product_brand":[],"product_cat":[127],"product_tag":[],"class_list":{"0":"post-343375","1":"product","2":"type-product","3":"status-publish","4":"has-post-thumbnail","6":"product_cat-novella-contemporania","8":"first","9":"instock","10":"taxable","11":"shipping-taxable","12":"purchasable","13":"product-type-simple"},"acf":{"editorial":[{"ID":6213,"post_author":"3","post_date":"2022-07-28 17:47:17","post_date_gmt":"2022-07-28 15:47:17","post_content":"","post_title":"EDICIONS DEL PERISCOPI","post_excerpt":"","post_status":"publish","comment_status":"closed","ping_status":"closed","post_password":"","post_name":"edicions-del-periscopi","to_ping":"","pinged":"","post_modified":"2022-07-28 17:47:17","post_modified_gmt":"2022-07-28 15:47:17","post_content_filtered":"","post_parent":0,"guid":"http:\/\/dev.claret.cat\/editorial\/edicions-del-periscopi\/","menu_order":0,"post_type":"editorial","post_mime_type":"","comment_count":"0","filter":"raw"}],"autor":"ORRIOLS BALAGUER, MARTA","codart":"841933222","libros-coleccion":"Escafandre","ediciones":"1","encuadernacion":"R\u00fastica","fecha_de_publicacion":"01\/01\/2023","novedad":"1","paginas":"184","subtitulo":"","orden":"0","portada":"0","idioma":"cat","autores-libros":[{"ID":164190,"post_author":"3","post_date":"2022-10-14 17:45:05","post_date_gmt":"2022-10-14 15:45:05","post_content":"","post_title":"MARTA ORRIOLS BALAGUER","post_excerpt":"","post_status":"publish","comment_status":"closed","ping_status":"closed","post_password":"","post_name":"marta-orriols-balaguer","to_ping":"","pinged":"","post_modified":"2022-10-14 17:45:05","post_modified_gmt":"2022-10-14 15:45:05","post_content_filtered":"","post_parent":0,"guid":"http:\/\/dev.claret.cat\/autor\/marta-orriols-balaguer\/","menu_order":0,"post_type":"autor","post_mime_type":"","comment_count":"0","filter":"raw"}]},"aioseo_notices":[],"_links":{"self":[{"href":"https:\/\/www.claret.cat\/es\/wp-json\/wp\/v2\/product\/343375","targetHints":{"allow":["GET"]}}],"collection":[{"href":"https:\/\/www.claret.cat\/es\/wp-json\/wp\/v2\/product"}],"about":[{"href":"https:\/\/www.claret.cat\/es\/wp-json\/wp\/v2\/types\/product"}],"wp:featuredmedia":[{"embeddable":true,"href":"https:\/\/www.claret.cat\/es\/wp-json\/wp\/v2\/media\/344193"}],"wp:attachment":[{"href":"https:\/\/www.claret.cat\/es\/wp-json\/wp\/v2\/media?parent=343375"}],"wp:term":[{"taxonomy":"product_brand","embeddable":true,"href":"https:\/\/www.claret.cat\/es\/wp-json\/wp\/v2\/product_brand?post=343375"},{"taxonomy":"product_cat","embeddable":true,"href":"https:\/\/www.claret.cat\/es\/wp-json\/wp\/v2\/product_cat?post=343375"},{"taxonomy":"product_tag","embeddable":true,"href":"https:\/\/www.claret.cat\/es\/wp-json\/wp\/v2\/product_tag?post=343375"}],"curies":[{"name":"wp","href":"https:\/\/api.w.org\/{rel}","templated":true}]}}