{"id":343435,"date":"2023-01-13T17:56:00","date_gmt":"2023-01-13T16:56:00","guid":{"rendered":"https:\/\/www.claret.cat\/llibre\/historia-de-las-ideas-contemporaneas-9788432136139\/"},"modified":"2024-05-24T05:49:29","modified_gmt":"2024-05-24T03:49:29","slug":"historia-de-las-ideas-contemporaneas-9788432136139","status":"publish","type":"product","link":"https:\/\/www.claret.cat\/es\/libro\/historia-de-las-ideas-contemporaneas-9788432136139\/","title":{"rendered":"HISTORIA DE LAS IDEAS CONTEMPOR\u00c1NEAS"},"content":{"rendered":"<p>Un estudio de las ideas de los dos \u00faltimos siglos que tiene como hilo conductor la secularizaci\u00f3n como proceso caracter\u00edstico de la cultura occidental, y que el autor afronta desde la perspectiva de la visi\u00f3n cristiana del hombre y de la historia. Se analizan las principales ideolog\u00edas contempor\u00e1neas, la crisis de la cultura de la Modernidad en el siglo XX, y la relaci\u00f3n entre la Iglesia Cat\u00f3lica y el mundo contempor\u00e1neo.<\/p>\n","protected":false},"excerpt":{"rendered":"<p>FAZIO FERN\u00c1NDEZ, MARIANO<\/p>\n","protected":false},"featured_media":0,"template":"","meta":{"_acf_changed":false,"om_disable_all_campaigns":false,"rs_blank_template":"","rs_page_bg_color":"","slide_template_v7":"","inline_featured_image":false,"_monsterinsights_skip_tracking":false,"_monsterinsights_sitenote_active":false,"_monsterinsights_sitenote_note":"","_monsterinsights_sitenote_category":0},"product_brand":[],"product_cat":[273,411,176,446,437,163],"product_tag":[],"class_list":{"0":"post-343435","1":"product","2":"type-product","3":"status-publish","5":"product_cat-frontera","6":"product_cat-frontera-pastoral-1_espiritualidad","7":"product_cat-historia-i-corrents-psicologia-2_humanitats","8":"product_cat-historia-y-corrientes-psicologia-2_humanidades","9":"product_cat-valores-y-convivencia","10":"product_cat-valors-i-convivencia","12":"first","13":"instock","14":"taxable","15":"shipping-taxable","16":"purchasable","17":"product-type-simple"},"acf":{"editorial":[{"ID":6348,"post_author":"3","post_date":"2022-07-28 17:50:16","post_date_gmt":"2022-07-28 15:50:16","post_content":"","post_title":"Rialp","post_excerpt":"","post_status":"publish","comment_status":"closed","ping_status":"closed","post_password":"","post_name":"rialp","to_ping":"","pinged":"","post_modified":"2022-07-28 17:50:16","post_modified_gmt":"2022-07-28 15:50:16","post_content_filtered":"","post_parent":0,"guid":"http:\/\/dev.claret.cat\/editorial\/rialp\/","menu_order":0,"post_type":"editorial","post_mime_type":"","comment_count":"0","filter":"raw"}],"autores-libros":[{"ID":163853,"post_author":"3","post_date":"2022-10-14 17:42:23","post_date_gmt":"2022-10-14 15:42:23","post_content":"","post_title":"MARIANO FAZIO FERN\u00c1NDEZ","post_excerpt":"","post_status":"publish","comment_status":"closed","ping_status":"closed","post_password":"","post_name":"mariano-fazio-fernandez","to_ping":"","pinged":"","post_modified":"2022-10-14 17:42:23","post_modified_gmt":"2022-10-14 15:42:23","post_content_filtered":"","post_parent":0,"guid":"http:\/\/dev.claret.cat\/autor\/mariano-fazio-fernandez\/","menu_order":0,"post_type":"autor","post_mime_type":"","comment_count":"0","filter":"raw"}],"autor":"FAZIO FERN\u00c1NDEZ, MARIANO","codart":"843213613","libros-coleccion":"","ediciones":"1","encuadernacion":"R\u00fastica","fecha_de_publicacion":"04\/01\/2007","novedad":"0","paginas":"432","subtitulo":"UNA LECTURA DEL PROCESO DE SECULARIZACI\u00d3N","orden":"999","portada":"0","idioma":"spa"},"aioseo_notices":[],"_links":{"self":[{"href":"https:\/\/www.claret.cat\/es\/wp-json\/wp\/v2\/product\/343435","targetHints":{"allow":["GET"]}}],"collection":[{"href":"https:\/\/www.claret.cat\/es\/wp-json\/wp\/v2\/product"}],"about":[{"href":"https:\/\/www.claret.cat\/es\/wp-json\/wp\/v2\/types\/product"}],"wp:attachment":[{"href":"https:\/\/www.claret.cat\/es\/wp-json\/wp\/v2\/media?parent=343435"}],"wp:term":[{"taxonomy":"product_brand","embeddable":true,"href":"https:\/\/www.claret.cat\/es\/wp-json\/wp\/v2\/product_brand?post=343435"},{"taxonomy":"product_cat","embeddable":true,"href":"https:\/\/www.claret.cat\/es\/wp-json\/wp\/v2\/product_cat?post=343435"},{"taxonomy":"product_tag","embeddable":true,"href":"https:\/\/www.claret.cat\/es\/wp-json\/wp\/v2\/product_tag?post=343435"}],"curies":[{"name":"wp","href":"https:\/\/api.w.org\/{rel}","templated":true}]}}