{"id":343436,"date":"2023-01-13T17:56:06","date_gmt":"2023-01-13T16:56:06","guid":{"rendered":"https:\/\/www.claret.cat\/llibre\/sed-de-dios-9788432136290\/"},"modified":"2024-05-24T05:49:14","modified_gmt":"2024-05-24T03:49:14","slug":"sed-de-dios-9788432136290","status":"publish","type":"product","link":"https:\/\/www.claret.cat\/es\/libro\/sed-de-dios-9788432136290\/","title":{"rendered":"SED DE DIOS"},"content":{"rendered":"<p>\u00abCuando publiqu\u00e9 Con ojos nuevos, cre\u00ed que tan s\u00f3lo iba a tratarse de un libro. Contaba all\u00ed de qu\u00e9 modo entr\u00f3 la fe en mi vida y c\u00f3mo la ha cambiado. Confiaba naturalmente en que alguien lo leyese, pero no me esperaba lo que sucedi\u00f3: continuas peticiones de citas para ampliar en coloquios personales lo que hab\u00eda escrito; miles<br \/>de cartas de gente que deseaba hacerme preguntas, o solamente agradecerme o compartir conmigo su propia experiencia de conversi\u00f3n.<br \/>El enorme caudal de an\u00e9cdotas y vivencias resultante de ese largo periplo, que tanto me ha hecho reflexionar, compone la trama de este nuevo libro, a lo que sumo mis recuerdos de dos importantes acontecimientos: la muerte del querid\u00edsimo Juan Pablo II y la elecci\u00f3n a la sede pontificia de un cardenal amigo, Benedicto XVI.\u00bb<\/p>\n","protected":false},"excerpt":{"rendered":"<p>BORGHESE, ALESSANDRA<\/p>\n","protected":false},"featured_media":0,"template":"","meta":{"_acf_changed":false,"om_disable_all_campaigns":false,"rs_blank_template":"","rs_page_bg_color":"","slide_template_v7":"","inline_featured_image":false,"_monsterinsights_skip_tracking":false,"_monsterinsights_sitenote_active":false,"_monsterinsights_sitenote_note":"","_monsterinsights_sitenote_category":0},"product_brand":[],"product_cat":[90,540],"product_tag":[],"class_list":{"0":"post-343436","1":"product","2":"type-product","3":"status-publish","5":"product_cat-altres","6":"product_cat-otros","8":"first","9":"instock","10":"taxable","11":"shipping-taxable","12":"purchasable","13":"product-type-simple"},"acf":{"editorial":[{"ID":6348,"post_author":"3","post_date":"2022-07-28 17:50:16","post_date_gmt":"2022-07-28 15:50:16","post_content":"","post_title":"Rialp","post_excerpt":"","post_status":"publish","comment_status":"closed","ping_status":"closed","post_password":"","post_name":"rialp","to_ping":"","pinged":"","post_modified":"2022-07-28 17:50:16","post_modified_gmt":"2022-07-28 15:50:16","post_content_filtered":"","post_parent":0,"guid":"http:\/\/dev.claret.cat\/editorial\/rialp\/","menu_order":0,"post_type":"editorial","post_mime_type":"","comment_count":"0","filter":"raw"}],"autores-libros":[{"ID":293857,"post_author":"3","post_date":"2022-12-11 03:14:17","post_date_gmt":"2022-12-11 02:14:17","post_content":"","post_title":"ALESSANDRA BORGHESE","post_excerpt":"","post_status":"publish","comment_status":"closed","ping_status":"closed","post_password":"","post_name":"alessandra-borghese","to_ping":"","pinged":"","post_modified":"2022-12-11 03:14:17","post_modified_gmt":"2022-12-11 02:14:17","post_content_filtered":"","post_parent":0,"guid":"http:\/\/dev.claret.cat\/autor\/alessandra-borghese\/","menu_order":0,"post_type":"autor","post_mime_type":"","comment_count":"0","filter":"raw"}],"autor":"BORGHESE, ALESSANDRA","codart":"843213629","libros-coleccion":"Biograf\u00edas y Testimonios","ediciones":"1","encuadernacion":"R\u00fastica","fecha_de_publicacion":"10\/05\/2007","novedad":"0","paginas":"192","subtitulo":"","orden":"999","portada":"0","idioma":"spa"},"aioseo_notices":[],"_links":{"self":[{"href":"https:\/\/www.claret.cat\/es\/wp-json\/wp\/v2\/product\/343436","targetHints":{"allow":["GET"]}}],"collection":[{"href":"https:\/\/www.claret.cat\/es\/wp-json\/wp\/v2\/product"}],"about":[{"href":"https:\/\/www.claret.cat\/es\/wp-json\/wp\/v2\/types\/product"}],"wp:attachment":[{"href":"https:\/\/www.claret.cat\/es\/wp-json\/wp\/v2\/media?parent=343436"}],"wp:term":[{"taxonomy":"product_brand","embeddable":true,"href":"https:\/\/www.claret.cat\/es\/wp-json\/wp\/v2\/product_brand?post=343436"},{"taxonomy":"product_cat","embeddable":true,"href":"https:\/\/www.claret.cat\/es\/wp-json\/wp\/v2\/product_cat?post=343436"},{"taxonomy":"product_tag","embeddable":true,"href":"https:\/\/www.claret.cat\/es\/wp-json\/wp\/v2\/product_tag?post=343436"}],"curies":[{"name":"wp","href":"https:\/\/api.w.org\/{rel}","templated":true}]}}