{"id":343437,"date":"2023-01-13T17:56:13","date_gmt":"2023-01-13T16:56:13","guid":{"rendered":"https:\/\/www.claret.cat\/llibre\/sexualidad-amor-santa-pureza-9788432136399\/"},"modified":"2024-05-24T05:49:22","modified_gmt":"2024-05-24T03:49:22","slug":"sexualidad-amor-santa-pureza-9788432136399","status":"publish","type":"product","link":"https:\/\/www.claret.cat\/es\/libro\/sexualidad-amor-santa-pureza-9788432136399\/","title":{"rendered":"SEXUALIDAD, AMOR, SANTA PUREZA"},"content":{"rendered":"<p>La castidad \u2013\u201csanta pureza\u201d\u2013 es la virtud por la que gobernamos nuestra facultad sexual seg\u00fan la raz\u00f3n y la fe. Con ella defendemos el amor de los riesgos del ego\u00edsmo y de la mera animalidad, y alcanzamos la armon\u00eda y la paz interior. \u201cLa pureza \u2013afirma Juan Pablo II\u2013 es la gloria de Dios en el cuerpo humano, y de ella brota una belleza singular que impregna toda la convivencia humana.\u201d<br \/>Este libro pretende dar a conocer un poco mejor esa espl\u00e9ndida virtud y facilitar su recto ejercicio.<\/p>\n","protected":false},"excerpt":{"rendered":"<p>IB\u00c1\u00d1EZ LANGLOIS, JOS\u00c9 MIGUEL<\/p>\n","protected":false},"featured_media":0,"template":"","meta":{"_acf_changed":false,"om_disable_all_campaigns":false,"rs_blank_template":"","rs_page_bg_color":"","slide_template_v7":"","inline_featured_image":false,"_monsterinsights_skip_tracking":false,"_monsterinsights_sitenote_active":false,"_monsterinsights_sitenote_note":"","_monsterinsights_sitenote_category":0},"product_brand":[],"product_cat":[90,540],"product_tag":[],"class_list":{"0":"post-343437","1":"product","2":"type-product","3":"status-publish","5":"product_cat-altres","6":"product_cat-otros","8":"first","9":"instock","10":"taxable","11":"shipping-taxable","12":"purchasable","13":"product-type-simple"},"acf":{"editorial":[{"ID":6348,"post_author":"3","post_date":"2022-07-28 17:50:16","post_date_gmt":"2022-07-28 15:50:16","post_content":"","post_title":"Rialp","post_excerpt":"","post_status":"publish","comment_status":"closed","ping_status":"closed","post_password":"","post_name":"rialp","to_ping":"","pinged":"","post_modified":"2022-07-28 17:50:16","post_modified_gmt":"2022-07-28 15:50:16","post_content_filtered":"","post_parent":0,"guid":"http:\/\/dev.claret.cat\/editorial\/rialp\/","menu_order":0,"post_type":"editorial","post_mime_type":"","comment_count":"0","filter":"raw"}],"autores-libros":[{"ID":160512,"post_author":"3","post_date":"2022-10-14 15:53:40","post_date_gmt":"2022-10-14 13:53:40","post_content":"","post_title":"JOS\u00c9 MIGUEL IB\u00c1\u00d1EZ LANGLOIS","post_excerpt":"","post_status":"publish","comment_status":"closed","ping_status":"closed","post_password":"","post_name":"jose-miguel-ibanez-langlois","to_ping":"","pinged":"","post_modified":"2022-10-14 15:53:40","post_modified_gmt":"2022-10-14 13:53:40","post_content_filtered":"","post_parent":0,"guid":"http:\/\/dev.claret.cat\/autor\/jose-miguel-ibanez-langlois\/","menu_order":0,"post_type":"autor","post_mime_type":"","comment_count":"0","filter":"raw"}],"autor":"IB\u00c1\u00d1EZ LANGLOIS, JOS\u00c9 MIGUEL","codart":"843213639","libros-coleccion":"BOLSILLO","ediciones":"1","encuadernacion":"R\u00fastica","fecha_de_publicacion":"10\/05\/2007","novedad":"0","paginas":"160","subtitulo":"","orden":"999","portada":"0","idioma":"spa"},"aioseo_notices":[],"_links":{"self":[{"href":"https:\/\/www.claret.cat\/es\/wp-json\/wp\/v2\/product\/343437","targetHints":{"allow":["GET"]}}],"collection":[{"href":"https:\/\/www.claret.cat\/es\/wp-json\/wp\/v2\/product"}],"about":[{"href":"https:\/\/www.claret.cat\/es\/wp-json\/wp\/v2\/types\/product"}],"wp:attachment":[{"href":"https:\/\/www.claret.cat\/es\/wp-json\/wp\/v2\/media?parent=343437"}],"wp:term":[{"taxonomy":"product_brand","embeddable":true,"href":"https:\/\/www.claret.cat\/es\/wp-json\/wp\/v2\/product_brand?post=343437"},{"taxonomy":"product_cat","embeddable":true,"href":"https:\/\/www.claret.cat\/es\/wp-json\/wp\/v2\/product_cat?post=343437"},{"taxonomy":"product_tag","embeddable":true,"href":"https:\/\/www.claret.cat\/es\/wp-json\/wp\/v2\/product_tag?post=343437"}],"curies":[{"name":"wp","href":"https:\/\/api.w.org\/{rel}","templated":true}]}}