{"id":343520,"date":"2023-01-13T18:05:22","date_gmt":"2023-01-13T17:05:22","guid":{"rendered":"https:\/\/www.claret.cat\/llibre\/tomas-moro-9788432142222\/"},"modified":"2024-05-24T05:33:58","modified_gmt":"2024-05-24T03:33:58","slug":"tomas-moro-9788432142222","status":"publish","type":"product","link":"https:\/\/www.claret.cat\/es\/libro\/tomas-moro-9788432142222\/","title":{"rendered":"TOM\u00c1S MORO"},"content":{"rendered":"","protected":false},"excerpt":{"rendered":"<p>RICE DERQUI, AURORA; GARC\u00cdA-M\u00c1IQUEZ, ENRIQUE<\/p>\n","protected":false},"featured_media":0,"template":"","meta":{"_acf_changed":false,"om_disable_all_campaigns":false,"rs_blank_template":"","rs_page_bg_color":"","slide_template_v7":"","inline_featured_image":false,"_monsterinsights_skip_tracking":false,"_monsterinsights_sitenote_active":false,"_monsterinsights_sitenote_note":"","_monsterinsights_sitenote_category":0},"product_brand":[],"product_cat":[87,353],"product_tag":[],"class_list":{"0":"post-343520","1":"product","2":"type-product","3":"status-publish","5":"product_cat-literatura","6":"product_cat-literatura-2_humanidades","8":"first","9":"instock","10":"taxable","11":"shipping-taxable","12":"purchasable","13":"product-type-simple"},"acf":{"editorial":[{"ID":6348,"post_author":"3","post_date":"2022-07-28 17:50:16","post_date_gmt":"2022-07-28 15:50:16","post_content":"","post_title":"Rialp","post_excerpt":"","post_status":"publish","comment_status":"closed","ping_status":"closed","post_password":"","post_name":"rialp","to_ping":"","pinged":"","post_modified":"2022-07-28 17:50:16","post_modified_gmt":"2022-07-28 15:50:16","post_content_filtered":"","post_parent":0,"guid":"http:\/\/dev.claret.cat\/editorial\/rialp\/","menu_order":0,"post_type":"editorial","post_mime_type":"","comment_count":"0","filter":"raw"}],"autores-libros":[{"ID":294139,"post_author":"3","post_date":"2022-12-11 03:24:52","post_date_gmt":"2022-12-11 02:24:52","post_content":"","post_title":"AURORA RICE DERQUI","post_excerpt":"","post_status":"publish","comment_status":"closed","ping_status":"closed","post_password":"","post_name":"aurora-rice-derqui","to_ping":"","pinged":"","post_modified":"2022-12-11 03:24:52","post_modified_gmt":"2022-12-11 02:24:52","post_content_filtered":"","post_parent":0,"guid":"http:\/\/dev.claret.cat\/autor\/aurora-rice-derqui\/","menu_order":0,"post_type":"autor","post_mime_type":"","comment_count":"0","filter":"raw"},{"ID":155163,"post_author":"3","post_date":"2022-10-14 15:10:40","post_date_gmt":"2022-10-14 13:10:40","post_content":"","post_title":"ENRIQUE GARC\u00cdA-M\u00c1IQUEZ","post_excerpt":"","post_status":"publish","comment_status":"closed","ping_status":"closed","post_password":"","post_name":"enrique-garcia-maiquez","to_ping":"","pinged":"","post_modified":"2022-10-14 15:10:40","post_modified_gmt":"2022-10-14 13:10:40","post_content_filtered":"","post_parent":0,"guid":"http:\/\/dev.claret.cat\/autor\/enrique-garcia-maiquez\/","menu_order":0,"post_type":"autor","post_mime_type":"","comment_count":"0","filter":"raw"}],"autor":"RICE DERQUI, AURORA; GARC\u00cdA-M\u00c1IQUEZ, ENRIQUE","codart":"843214222","libros-coleccion":"","ediciones":"1","encuadernacion":"R\u00fastica","fecha_de_publicacion":"09\/10\/2012","novedad":"0","paginas":"176","subtitulo":"","orden":"999","portada":"0","idioma":"spa"},"aioseo_notices":[],"_links":{"self":[{"href":"https:\/\/www.claret.cat\/es\/wp-json\/wp\/v2\/product\/343520","targetHints":{"allow":["GET"]}}],"collection":[{"href":"https:\/\/www.claret.cat\/es\/wp-json\/wp\/v2\/product"}],"about":[{"href":"https:\/\/www.claret.cat\/es\/wp-json\/wp\/v2\/types\/product"}],"wp:attachment":[{"href":"https:\/\/www.claret.cat\/es\/wp-json\/wp\/v2\/media?parent=343520"}],"wp:term":[{"taxonomy":"product_brand","embeddable":true,"href":"https:\/\/www.claret.cat\/es\/wp-json\/wp\/v2\/product_brand?post=343520"},{"taxonomy":"product_cat","embeddable":true,"href":"https:\/\/www.claret.cat\/es\/wp-json\/wp\/v2\/product_cat?post=343520"},{"taxonomy":"product_tag","embeddable":true,"href":"https:\/\/www.claret.cat\/es\/wp-json\/wp\/v2\/product_tag?post=343520"}],"curies":[{"name":"wp","href":"https:\/\/api.w.org\/{rel}","templated":true}]}}