{"id":34354,"date":"2022-10-02T17:46:48","date_gmt":"2022-10-02T15:46:48","guid":{"rendered":"http:\/\/dev.claret.cat\/producte\/diferentes\/"},"modified":"2023-10-06T08:16:48","modified_gmt":"2023-10-06T06:16:48","slug":"diferentes-9788411071574","status":"publish","type":"product","link":"https:\/\/www.claret.cat\/es\/libro\/diferentes-9788411071574\/","title":{"rendered":"DIFERENTES"},"content":{"rendered":"<p>El gran estudioso de los primates Frans de Waal aborda en Diferentes la actual y debatida prevalencia del g\u00e9nero (la divisi\u00f3n cultural entre lo masculino y lo femenino) sobre el sexo (la divisi\u00f3n biol\u00f3gica entre machos y hembras). Explora tambi\u00e9n los condicionantes tanto gen\u00e9ticos como culturales que subyacen a la conducta humana y a las diferencias respecto a la agresividad, la cooperaci\u00f3n o la competencia entre machos y hembras de chimpanc\u00e9s y bonobos, y su reflejo en las relaciones de hombres y mujeres. Rebatiendo las teor\u00edas que postulan que toda conducta viene dictada por la herencia gen\u00e9tica, el autor subraya lo que monos y primates pueden ense\u00f1arnos acerca de la identidad y la actividad sexual. Es hora de abandonar mitos como el de la mayor impulsividad sexual masculina frente a la femenina o los referidos a la homosexualidad (presente en m\u00e1s de cuatrocientas especies animales) o el mundo trans (una condici\u00f3n que tambi\u00e9n existe en el reino animal). De Waal ilustra sus a menudo pol\u00e9micos argumentos con deliciosas historias an\u00e9cdotas sobre los animales que ha estudiado a lo largo de su dilatada carrera.<br \/> \u00abUn libro brillante y fascinante, una aproximaci\u00f3n comprensiva y equilibrada a las m\u00e1s candentes controversias sobre sexo y g\u00e9nero.\u00bb Yuval Noah Harari<br \/> \u00a0<br \/> \u00abLas reflexiones que Frans de Waal nos brinda en Diferentes nos proporcionan la serena evaluaci\u00f3n biol\u00f3gica que el actual debate sobre la cuesti\u00f3n de las diferencias de g\u00e9nero requiere.\u00bb Desmond Morris, autor de El mono desnudo<br \/> \u00a0<br \/> \u00abSe requiere mucho valor para que un hombre se aventure hoy en d\u00eda en el campo minado de las diferencias de g\u00e9nero. Pero Frans de Waal conf\u00eda en sus dotes de narrador, en su sincero respeto por la cultura y su estrecho conocimiento de las sociedades de bonobos y chimpanc\u00e9s para vencer con elegancia en esta trinchera.\u00bb Sarah Blaffer Hrdy<br \/> \u00a0<br \/> \u00abTras leer un libro de Frans de Waal, es imposible ver a nuestra propia especie como antes.\u00bb Tamara Mendelson, The Washington Post<br \/> \u00a0<br \/> \u00abComprometido, iluminador y profundamente informativo.\u00bb Kirkus Review<\/p>\n","protected":false},"excerpt":{"rendered":"<p>WAAL, FRANS DE<\/p>\n","protected":false},"featured_media":51455,"template":"","meta":{"_acf_changed":false,"om_disable_all_campaigns":false,"rs_blank_template":"","rs_page_bg_color":"","slide_template_v7":"","inline_featured_image":false,"_monsterinsights_skip_tracking":false,"_monsterinsights_sitenote_active":false,"_monsterinsights_sitenote_note":"","_monsterinsights_sitenote_category":0},"product_brand":[],"product_cat":[540],"product_tag":[],"class_list":{"0":"post-34354","1":"product","2":"type-product","3":"status-publish","4":"has-post-thumbnail","6":"product_cat-otros","8":"first","9":"instock","10":"taxable","11":"shipping-taxable","12":"purchasable","13":"product-type-simple"},"acf":{"autor":"WAAL, FRANS DE","codart":"841107157","libros-coleccion":"Metatemas","ediciones":"1","encuadernacion":"R\u00fastica","fecha_de_publicacion":"01\/09\/2022","novedad":"1","paginas":"440","subtitulo":"LO QUE LOS PRIMATES NOS ENSE\u00d1AN SOBRE EL G\u00c9NERO","orden":"0","portada":"0","idioma":"spa","editorial":[{"ID":8271,"post_author":"3","post_date":"2022-09-30 09:21:39","post_date_gmt":"2022-09-30 07:21:39","post_content":"","post_title":"TUSQUETS EDITORES","post_excerpt":"","post_status":"publish","comment_status":"closed","ping_status":"closed","post_password":"","post_name":"tusquets-editores","to_ping":"","pinged":"","post_modified":"2022-09-30 09:21:39","post_modified_gmt":"2022-09-30 07:21:39","post_content_filtered":"","post_parent":0,"guid":"http:\/\/dev.claret.cat\/editorial\/tusquets-editores\/","menu_order":0,"post_type":"editorial","post_mime_type":"","comment_count":"0","filter":"raw"}],"autores-libros":[{"ID":8331,"post_author":"3","post_date":"2022-09-30 09:47:46","post_date_gmt":"2022-09-30 07:47:46","post_content":"","post_title":"FRANS DE WAAL","post_excerpt":"","post_status":"publish","comment_status":"closed","ping_status":"closed","post_password":"","post_name":"frans-de-waal","to_ping":"","pinged":"","post_modified":"2022-09-30 09:47:46","post_modified_gmt":"2022-09-30 07:47:46","post_content_filtered":"","post_parent":0,"guid":"http:\/\/dev.claret.cat\/autor\/frans-de-waal\/","menu_order":0,"post_type":"autor","post_mime_type":"","comment_count":"0","filter":"raw"}]},"aioseo_notices":[],"_links":{"self":[{"href":"https:\/\/www.claret.cat\/es\/wp-json\/wp\/v2\/product\/34354","targetHints":{"allow":["GET"]}}],"collection":[{"href":"https:\/\/www.claret.cat\/es\/wp-json\/wp\/v2\/product"}],"about":[{"href":"https:\/\/www.claret.cat\/es\/wp-json\/wp\/v2\/types\/product"}],"wp:featuredmedia":[{"embeddable":true,"href":"https:\/\/www.claret.cat\/es\/wp-json\/wp\/v2\/media\/51455"}],"wp:attachment":[{"href":"https:\/\/www.claret.cat\/es\/wp-json\/wp\/v2\/media?parent=34354"}],"wp:term":[{"taxonomy":"product_brand","embeddable":true,"href":"https:\/\/www.claret.cat\/es\/wp-json\/wp\/v2\/product_brand?post=34354"},{"taxonomy":"product_cat","embeddable":true,"href":"https:\/\/www.claret.cat\/es\/wp-json\/wp\/v2\/product_cat?post=34354"},{"taxonomy":"product_tag","embeddable":true,"href":"https:\/\/www.claret.cat\/es\/wp-json\/wp\/v2\/product_tag?post=34354"}],"curies":[{"name":"wp","href":"https:\/\/api.w.org\/{rel}","templated":true}]}}