{"id":343610,"date":"2023-01-13T18:15:03","date_gmt":"2023-01-13T17:15:03","guid":{"rendered":"https:\/\/www.claret.cat\/llibre\/el-matrimonio-vocacion-cristiana-9788432145230\/"},"modified":"2026-02-06T13:00:42","modified_gmt":"2026-02-06T12:00:42","slug":"el-matrimonio-vocacion-cristiana-9788432145230","status":"publish","type":"product","link":"https:\/\/www.claret.cat\/es\/libro\/el-matrimonio-vocacion-cristiana-9788432145230\/","title":{"rendered":"EL MATRIMONIO VOCACI\u00d3N CRISTIANA"},"content":{"rendered":"","protected":false},"excerpt":{"rendered":"<p>ESCRIV\u00c1 DE BALAGUER, JOSEMAR\u00cdA<\/p>\n","protected":false},"featured_media":1081831,"template":"","meta":{"_acf_changed":false,"om_disable_all_campaigns":false,"rs_blank_template":"","rs_page_bg_color":"","slide_template_v7":"","inline_featured_image":false,"_monsterinsights_skip_tracking":false,"_monsterinsights_sitenote_active":false,"_monsterinsights_sitenote_note":"","_monsterinsights_sitenote_category":0},"product_brand":[],"product_cat":[485,232],"product_tag":[],"class_list":{"0":"post-343610","1":"product","2":"type-product","3":"status-publish","4":"has-post-thumbnail","6":"product_cat-autores-espiritualidad-1_espiritualidad","7":"product_cat-autors-espiritualitat","9":"first","10":"outofstock","11":"taxable","12":"shipping-taxable","13":"purchasable","14":"product-type-simple"},"acf":{"editorial":[{"ID":6348,"post_author":"3","post_date":"2022-07-28 17:50:16","post_date_gmt":"2022-07-28 15:50:16","post_content":"","post_title":"Rialp","post_excerpt":"","post_status":"publish","comment_status":"closed","ping_status":"closed","post_password":"","post_name":"rialp","to_ping":"","pinged":"","post_modified":"2022-07-28 17:50:16","post_modified_gmt":"2022-07-28 15:50:16","post_content_filtered":"","post_parent":0,"guid":"http:\/\/dev.claret.cat\/editorial\/rialp\/","menu_order":0,"post_type":"editorial","post_mime_type":"","comment_count":"0","filter":"raw"}],"autores-libros":[{"ID":160616,"post_author":"3","post_date":"2022-10-14 15:54:31","post_date_gmt":"2022-10-14 13:54:31","post_content":"","post_title":"JOSEMARIA ESCRIVA DE BALAGUER","post_excerpt":"","post_status":"publish","comment_status":"closed","ping_status":"closed","post_password":"","post_name":"josemaria-escriva-de-balaguer","to_ping":"","pinged":"","post_modified":"2022-10-14 15:54:31","post_modified_gmt":"2022-10-14 13:54:31","post_content_filtered":"","post_parent":0,"guid":"http:\/\/dev.claret.cat\/autor\/josemaria-escriva-de-balaguer\/","menu_order":0,"post_type":"autor","post_mime_type":"","comment_count":"0","filter":"raw"}],"autor":"ESCRIV\u00c1 DE BALAGUER, JOSEMAR\u00cdA","codart":"843214523","libros-coleccion":"","ediciones":"1","encuadernacion":"R\u00fastica","fecha_de_publicacion":"08\/04\/2015","novedad":"0","paginas":"64","subtitulo":"Y OTROS TEXTOS SOBRE LA FAMILIA","orden":"999","portada":"0","idioma":"spa","booktrailer":"","resenas":""},"aioseo_notices":[],"_links":{"self":[{"href":"https:\/\/www.claret.cat\/es\/wp-json\/wp\/v2\/product\/343610","targetHints":{"allow":["GET"]}}],"collection":[{"href":"https:\/\/www.claret.cat\/es\/wp-json\/wp\/v2\/product"}],"about":[{"href":"https:\/\/www.claret.cat\/es\/wp-json\/wp\/v2\/types\/product"}],"wp:featuredmedia":[{"embeddable":true,"href":"https:\/\/www.claret.cat\/es\/wp-json\/wp\/v2\/media\/1081831"}],"wp:attachment":[{"href":"https:\/\/www.claret.cat\/es\/wp-json\/wp\/v2\/media?parent=343610"}],"wp:term":[{"taxonomy":"product_brand","embeddable":true,"href":"https:\/\/www.claret.cat\/es\/wp-json\/wp\/v2\/product_brand?post=343610"},{"taxonomy":"product_cat","embeddable":true,"href":"https:\/\/www.claret.cat\/es\/wp-json\/wp\/v2\/product_cat?post=343610"},{"taxonomy":"product_tag","embeddable":true,"href":"https:\/\/www.claret.cat\/es\/wp-json\/wp\/v2\/product_tag?post=343610"}],"curies":[{"name":"wp","href":"https:\/\/api.w.org\/{rel}","templated":true}]}}