{"id":34393,"date":"2022-10-02T17:47:24","date_gmt":"2022-10-02T15:47:24","guid":{"rendered":"http:\/\/dev.claret.cat\/producte\/101-plantes-medicinals-i-aromatiques-silvestres-de-catalunya\/"},"modified":"2025-01-22T12:15:56","modified_gmt":"2025-01-22T11:15:56","slug":"101-plantes-medicinals-i-aromatiques-silvestres-de-catalunya-9788413562209","status":"publish","type":"product","link":"https:\/\/www.claret.cat\/es\/libro\/101-plantes-medicinals-i-aromatiques-silvestres-de-catalunya-9788413562209\/","title":{"rendered":"101 PLANTES MEDICINALS I AROM\u00c0TIQUES SILVESTRES DE CATALUNYA"},"content":{"rendered":"<p>IL\u00b7LUSTRACIONS DE TONI LLOBET MINIGUIA COMPLETA I IL\u00b7LUSTRATIVA SOBRE PLANTES MEDICINALS I AROM\u00c0TIQUES SILVESTRES QUE ES PODEN TROBAR A CATALUNYA  Les plantes remeieres, amb aplicacions medicinals i tot sovint tamb\u00e9 amb qualitats arom\u00e0tiques i usos gastron\u00f2mics, formen part del nostre patrimoni natural i etnogr\u00e0fic. El nombre i varietat d&#8217;esp\u00e8cies amb aquestes qualitats \u00e9s enorme en un pa\u00eds com el nostre, amb una gran diversitat d&#8217;ambients, des de la terra baixa mediterr\u00e0nia fins al Pirineu. En aquesta guia s&#8217;hi han recollit 101 esp\u00e8cies silvestres que cal con\u00e8ixer, d&#8217;entre les que creixen espont\u00e0niament al camp i al bosc. Una eina per iniciar-se, saber quines s\u00f3n i recon\u00e8ixer-les, amb una aproximaci\u00f3 molt sint\u00e8tica. S&#8217;han prioritzat les m\u00e9s f\u00e0cils d&#8217;identificar, les m\u00e9s populars i aquelles sense contraindicacions per toxicitat severa. Tot i aix\u00f2, els seus usos varien geogr\u00e0ficament i segons la cultura popular de cada indret.   * Cada esp\u00e8cie va acompanyada d&#8221;informaci\u00f3 precisa i senzilla per facilitar-ne el reconeixement al camp.<\/p>\n","protected":false},"excerpt":{"rendered":"<p>ESPEL, IMMA \/ LLOBET FRAN\u00c7OIS, TONI<\/p>\n","protected":false},"featured_media":341044,"template":"","meta":{"_acf_changed":false,"om_disable_all_campaigns":false,"rs_blank_template":"","rs_page_bg_color":"","slide_template_v7":"","inline_featured_image":false,"_monsterinsights_skip_tracking":false,"_monsterinsights_sitenote_active":false,"_monsterinsights_sitenote_note":"","_monsterinsights_sitenote_category":0},"product_brand":[],"product_cat":[105,555],"product_tag":[],"class_list":{"0":"post-34393","1":"product","2":"type-product","3":"status-publish","4":"has-post-thumbnail","6":"product_cat-regal","7":"product_cat-regalo","9":"first","10":"instock","11":"taxable","12":"shipping-taxable","13":"purchasable","14":"product-type-simple"},"acf":{"autor":"ESPEL, IMMA \/ LLOBET FRAN\u00c7OIS, TONI","codart":"841356220","libros-coleccion":"Miniguia de camp","ediciones":"1","encuadernacion":"R\u00fastica","fecha_de_publicacion":"01\/09\/2022","novedad":"1","paginas":"1","subtitulo":"QUE CAL CON\u00c8IXER","orden":"0","portada":"0","idioma":"cat","editorial":[{"ID":6171,"post_author":"3","post_date":"2022-07-28 17:46:25","post_date_gmt":"2022-07-28 15:46:25","post_content":"","post_title":"COSSETANIA EDICIONS","post_excerpt":"","post_status":"publish","comment_status":"closed","ping_status":"closed","post_password":"","post_name":"cossetania-edicions","to_ping":"","pinged":"","post_modified":"2022-07-28 17:46:25","post_modified_gmt":"2022-07-28 15:46:25","post_content_filtered":"","post_parent":0,"guid":"http:\/\/dev.claret.cat\/editorial\/cossetania-edicions\/","menu_order":0,"post_type":"editorial","post_mime_type":"","comment_count":"0","filter":"raw"}],"autores-libros":[{"ID":170546,"post_author":"3","post_date":"2022-10-14 22:36:13","post_date_gmt":"2022-10-14 20:36:13","post_content":"","post_title":"TONI LLOBET FRAN\u00c7OIS","post_excerpt":"","post_status":"publish","comment_status":"closed","ping_status":"closed","post_password":"","post_name":"toni-llobet-francois","to_ping":"","pinged":"","post_modified":"2022-10-14 22:36:13","post_modified_gmt":"2022-10-14 20:36:13","post_content_filtered":"","post_parent":0,"guid":"http:\/\/dev.claret.cat\/autor\/toni-llobet-francois\/","menu_order":0,"post_type":"autor","post_mime_type":"","comment_count":"0","filter":"raw"},{"ID":157859,"post_author":"3","post_date":"2022-10-14 15:32:12","post_date_gmt":"2022-10-14 13:32:12","post_content":"","post_title":"IMMA ESPEL","post_excerpt":"","post_status":"publish","comment_status":"closed","ping_status":"closed","post_password":"","post_name":"imma-espel","to_ping":"","pinged":"","post_modified":"2022-10-14 15:32:12","post_modified_gmt":"2022-10-14 13:32:12","post_content_filtered":"","post_parent":0,"guid":"http:\/\/dev.claret.cat\/autor\/imma-espel\/","menu_order":0,"post_type":"autor","post_mime_type":"","comment_count":"0","filter":"raw"}]},"aioseo_notices":[],"_links":{"self":[{"href":"https:\/\/www.claret.cat\/es\/wp-json\/wp\/v2\/product\/34393","targetHints":{"allow":["GET"]}}],"collection":[{"href":"https:\/\/www.claret.cat\/es\/wp-json\/wp\/v2\/product"}],"about":[{"href":"https:\/\/www.claret.cat\/es\/wp-json\/wp\/v2\/types\/product"}],"wp:featuredmedia":[{"embeddable":true,"href":"https:\/\/www.claret.cat\/es\/wp-json\/wp\/v2\/media\/341044"}],"wp:attachment":[{"href":"https:\/\/www.claret.cat\/es\/wp-json\/wp\/v2\/media?parent=34393"}],"wp:term":[{"taxonomy":"product_brand","embeddable":true,"href":"https:\/\/www.claret.cat\/es\/wp-json\/wp\/v2\/product_brand?post=34393"},{"taxonomy":"product_cat","embeddable":true,"href":"https:\/\/www.claret.cat\/es\/wp-json\/wp\/v2\/product_cat?post=34393"},{"taxonomy":"product_tag","embeddable":true,"href":"https:\/\/www.claret.cat\/es\/wp-json\/wp\/v2\/product_tag?post=34393"}],"curies":[{"name":"wp","href":"https:\/\/api.w.org\/{rel}","templated":true}]}}