{"id":34423,"date":"2022-10-02T17:47:54","date_gmt":"2022-10-02T15:47:54","guid":{"rendered":"http:\/\/dev.claret.cat\/producte\/ablandar-el-corazon\/"},"modified":"2026-04-01T07:12:06","modified_gmt":"2026-04-01T05:12:06","slug":"ablandar-el-corazon-9788429330748","status":"publish","type":"product","link":"https:\/\/www.claret.cat\/es\/libro\/ablandar-el-corazon-9788429330748\/","title":{"rendered":"ABLANDAR EL CORAZ\u00d3N"},"content":{"rendered":"<p>Escribir sobre la muerte es escribir sobre la vida porque es el Amor quien tiene la \u00faltima palabra. En este libro Maribel Oliver reflexiona sobre el final de la vida, poniendo en di\u00e1logo el saber de los dem\u00e1s con su propia experiencia acompa\u00f1ando a su hermano.   Un apasionado itinerario existencial y espiritual que aborda el diagn\u00f3stico de la enfermedad grave, pasando por el acompa\u00f1amiento en la muerte y el duelo hasta el despertar que deviene de la experiencia de la p\u00e9rdida. Un recorrido en el que, con la perspectiva del tiempo, la herida se transforma en luz.<\/p>\n","protected":false},"excerpt":{"rendered":"<p>OLIVER RECHE, M. ISABEL<\/p>\n","protected":false},"featured_media":340957,"template":"","meta":{"_acf_changed":false,"om_disable_all_campaigns":false,"rs_blank_template":"","rs_page_bg_color":"","slide_template_v7":"","inline_featured_image":false,"_monsterinsights_skip_tracking":false,"_monsterinsights_sitenote_active":false,"_monsterinsights_sitenote_note":"","_monsterinsights_sitenote_category":0},"product_brand":[],"product_cat":[485,232,495,245],"product_tag":[],"class_list":{"0":"post-34423","1":"product","2":"type-product","3":"status-publish","4":"has-post-thumbnail","6":"product_cat-autores-espiritualidad-1_espiritualidad","7":"product_cat-autors-espiritualitat","8":"product_cat-diversa-espiritualidad-1_espiritualidad","9":"product_cat-diversa","11":"first","12":"instock","13":"taxable","14":"shipping-taxable","15":"purchasable","16":"product-type-simple"},"acf":{"autor":"OLIVER RECHE, M. ISABEL","codart":"842933074","libros-coleccion":"El pozo de Siquen","ediciones":"1","encuadernacion":"R\u00fastica","fecha_de_publicacion":"05\/09\/2022","novedad":"1","paginas":"280","subtitulo":"LA MUERTE COMO CAMINO DE TRANSFORMACI\u00d3N","orden":"0","portada":"0","idioma":"spa","editorial":[{"ID":6351,"post_author":"3","post_date":"2022-07-28 17:50:19","post_date_gmt":"2022-07-28 15:50:19","post_content":"","post_title":"Sal Terrae","post_excerpt":"","post_status":"publish","comment_status":"closed","ping_status":"closed","post_password":"","post_name":"sal-terrae","to_ping":"","pinged":"","post_modified":"2022-07-28 17:50:19","post_modified_gmt":"2022-07-28 15:50:19","post_content_filtered":"","post_parent":0,"guid":"http:\/\/dev.claret.cat\/editorial\/sal-terrae\/","menu_order":0,"post_type":"editorial","post_mime_type":"","comment_count":"0","filter":"raw"}],"autores-libros":[{"ID":162917,"post_author":"3","post_date":"2022-10-14 17:34:51","post_date_gmt":"2022-10-14 15:34:51","post_content":"","post_title":"M\u00aa ISABEL OLIVER RECHE","post_excerpt":"","post_status":"publish","comment_status":"closed","ping_status":"closed","post_password":"","post_name":"ma-isabel-oliver-reche","to_ping":"","pinged":"","post_modified":"2022-10-14 17:34:51","post_modified_gmt":"2022-10-14 15:34:51","post_content_filtered":"","post_parent":0,"guid":"http:\/\/dev.claret.cat\/autor\/ma-isabel-oliver-reche\/","menu_order":0,"post_type":"autor","post_mime_type":"","comment_count":"0","filter":"raw"}],"booktrailer":"","resenas":""},"aioseo_notices":[],"_links":{"self":[{"href":"https:\/\/www.claret.cat\/es\/wp-json\/wp\/v2\/product\/34423","targetHints":{"allow":["GET"]}}],"collection":[{"href":"https:\/\/www.claret.cat\/es\/wp-json\/wp\/v2\/product"}],"about":[{"href":"https:\/\/www.claret.cat\/es\/wp-json\/wp\/v2\/types\/product"}],"wp:featuredmedia":[{"embeddable":true,"href":"https:\/\/www.claret.cat\/es\/wp-json\/wp\/v2\/media\/340957"}],"wp:attachment":[{"href":"https:\/\/www.claret.cat\/es\/wp-json\/wp\/v2\/media?parent=34423"}],"wp:term":[{"taxonomy":"product_brand","embeddable":true,"href":"https:\/\/www.claret.cat\/es\/wp-json\/wp\/v2\/product_brand?post=34423"},{"taxonomy":"product_cat","embeddable":true,"href":"https:\/\/www.claret.cat\/es\/wp-json\/wp\/v2\/product_cat?post=34423"},{"taxonomy":"product_tag","embeddable":true,"href":"https:\/\/www.claret.cat\/es\/wp-json\/wp\/v2\/product_tag?post=34423"}],"curies":[{"name":"wp","href":"https:\/\/api.w.org\/{rel}","templated":true}]}}