{"id":34438,"date":"2022-10-02T17:48:05","date_gmt":"2022-10-02T15:48:05","guid":{"rendered":"http:\/\/dev.claret.cat\/producte\/quien-soy\/"},"modified":"2025-09-19T18:21:43","modified_gmt":"2025-09-19T16:21:43","slug":"quien-soy-de-la-disociacion-a-la-integracion-9788433031891","status":"publish","type":"product","link":"https:\/\/www.claret.cat\/es\/libro\/quien-soy-de-la-disociacion-a-la-integracion-9788433031891\/","title":{"rendered":"\u00bfQUI\u00c9N SOY? DE LA DISOCIACI\u00d3N A LA INTEGRACI\u00d3N"},"content":{"rendered":"<p>La pregunta \u00bfqui\u00e9n soy? refleja que en alg\u00fan momento de nuestro desarrollo perdimos el contacto con nuestra vivencia de que somos quienes somos y dejamos de sentir la conexi\u00f3n interna con nuestro mundo experiencial de sensaciones, emociones, anhelos, fantas\u00edas e ilusiones para, quiz\u00e1s, perdernos en el de alg\u00fan otro.<br \/> El presente libro trata de la disociaci\u00f3n como mecanismo de desconexi\u00f3n de aspectos m\u00e1s o menos masivos de nuestra experiencia. Todos conocemos una disociaci\u00f3n cotidiana en la que nuestra mente puede estar en lugares diferentes de los que est\u00e1 nuestro cuerpo, pero cuando hemos tenido historias cr\u00f3nicamente traum\u00e1ticas (por negligencia, malos tratos, abandono, falta de conexi\u00f3n humana&#8230;) nuestra vida interna puede fragmentarse y ser experimentada como diferentes estados de nuestro yo. En esta obra se ofrecen modelos descriptivos para entender c\u00f3mo nos hemos construido en los entornos de supervivencia y c\u00f3mo se organiza nuestro sistema interno en una especie de comunidad habitada por distintos aspectos de nuestro yo. Asimismo, se exponen cap\u00edtulos en los que puede entenderse las metodolog\u00edas de trabajo con an\u00e1lisis de casos pr\u00e1cticos para promover la integraci\u00f3n y armonizaci\u00f3n de la vida interna, ilustrando el camino de vuelta a casa de nuestro Ser.<br \/> Peter Bourquin, de origen alem\u00e1n, reside desde 1998 cerca de Barcelona, y es uno de los consteladores pioneros en Espa\u00f1a. Fundador del instituto ECOS &#8211; Escuela de Constelaciones Sist\u00e9micas. Terapeuta de enfoque humanista, formado en Terapia Gestalt, en Brainspotting con David Grand y Mario Salvador, y en Integrative Psychotherapy con Richard Erskine, entre otros. Docente en diversos institutos terap\u00e9uticos en Europa y Latinoam\u00e9rica. Es autor de nueve libros, publicados en cinco idiomas.<br \/> Mario C. Salvador, psic\u00f3logo especialista en psicolog\u00eda cl\u00ednica, es co-director de ALECES, y de Brainspotting Espa\u00f1a, cocreador del Modelo Aleceia de Terapia del Trauma. Es Formador Internacional en Psicoterapia Integrativa, Analista Transaccional Docente y Supervisor Prov., Formador y supervisor en Brainspotting. Actual presidente de la Asociaci\u00f3n Espa\u00f1ola de Brainspotting y Vicepresidente de la Asociaci\u00f3n Iberoamericana de Psicotrauma (AIBAPT). Autor de M\u00e1s All\u00e1 del Yo, ed. Eleftheria.<\/p>\n","protected":false},"excerpt":{"rendered":"<p>SALVADOR, MARIO C., BOURQUIN, PETER<\/p>\n","protected":false},"featured_media":347337,"template":"","meta":{"_acf_changed":false,"om_disable_all_campaigns":false,"rs_blank_template":"","rs_page_bg_color":"","slide_template_v7":"","inline_featured_image":false,"_monsterinsights_skip_tracking":false,"_monsterinsights_sitenote_active":false,"_monsterinsights_sitenote_note":"","_monsterinsights_sitenote_category":0},"product_brand":[],"product_cat":[179,377],"product_tag":[],"class_list":{"0":"post-34438","1":"product","2":"type-product","3":"status-publish","4":"has-post-thumbnail","6":"product_cat-autoajuda-i-salut-mental","7":"product_cat-autoayuda-y-salud-mental","9":"first","10":"instock","11":"taxable","12":"shipping-taxable","13":"purchasable","14":"product-type-simple"},"acf":{"autor":"SALVADOR, MARIO C., BOURQUIN, PETER","codart":"843303189","libros-coleccion":"Serendipity Maior","ediciones":"1","encuadernacion":"R\u00fastica","fecha_de_publicacion":"19\/09\/2022","novedad":"1","paginas":"224","subtitulo":"DE LA DISOCIACI\u00d3N A LA INTEGRACI\u00d3N","orden":"0","portada":"0","idioma":"spa","editorial":[{"ID":6179,"post_author":"3","post_date":"2022-07-28 17:46:36","post_date_gmt":"2022-07-28 15:46:36","post_content":"","post_title":"DESCLEE DE BROUWER","post_excerpt":"","post_status":"publish","comment_status":"closed","ping_status":"closed","post_password":"","post_name":"desclee-de-brouwer","to_ping":"","pinged":"","post_modified":"2022-07-28 17:46:36","post_modified_gmt":"2022-07-28 15:46:36","post_content_filtered":"","post_parent":0,"guid":"http:\/\/dev.claret.cat\/editorial\/desclee-de-brouwer\/","menu_order":0,"post_type":"editorial","post_mime_type":"","comment_count":"0","filter":"raw"}],"autores-libros":[{"ID":163965,"post_author":"3","post_date":"2022-10-14 17:43:16","post_date_gmt":"2022-10-14 15:43:16","post_content":"","post_title":"MARIO C. SALVADOR","post_excerpt":"","post_status":"publish","comment_status":"closed","ping_status":"closed","post_password":"","post_name":"mario-c-salvador","to_ping":"","pinged":"","post_modified":"2022-10-14 17:43:16","post_modified_gmt":"2022-10-14 15:43:16","post_content_filtered":"","post_parent":0,"guid":"http:\/\/dev.claret.cat\/autor\/mario-c-salvador\/","menu_order":0,"post_type":"autor","post_mime_type":"","comment_count":"0","filter":"raw"}],"booktrailer":"","resenas":""},"aioseo_notices":[],"_links":{"self":[{"href":"https:\/\/www.claret.cat\/es\/wp-json\/wp\/v2\/product\/34438","targetHints":{"allow":["GET"]}}],"collection":[{"href":"https:\/\/www.claret.cat\/es\/wp-json\/wp\/v2\/product"}],"about":[{"href":"https:\/\/www.claret.cat\/es\/wp-json\/wp\/v2\/types\/product"}],"wp:featuredmedia":[{"embeddable":true,"href":"https:\/\/www.claret.cat\/es\/wp-json\/wp\/v2\/media\/347337"}],"wp:attachment":[{"href":"https:\/\/www.claret.cat\/es\/wp-json\/wp\/v2\/media?parent=34438"}],"wp:term":[{"taxonomy":"product_brand","embeddable":true,"href":"https:\/\/www.claret.cat\/es\/wp-json\/wp\/v2\/product_brand?post=34438"},{"taxonomy":"product_cat","embeddable":true,"href":"https:\/\/www.claret.cat\/es\/wp-json\/wp\/v2\/product_cat?post=34438"},{"taxonomy":"product_tag","embeddable":true,"href":"https:\/\/www.claret.cat\/es\/wp-json\/wp\/v2\/product_tag?post=34438"}],"curies":[{"name":"wp","href":"https:\/\/api.w.org\/{rel}","templated":true}]}}