{"id":34453,"date":"2022-10-02T17:48:16","date_gmt":"2022-10-02T15:48:16","guid":{"rendered":"http:\/\/dev.claret.cat\/producte\/biblia-de-jerusalen-latinoamerica-bolsillo\/"},"modified":"2025-10-29T14:05:52","modified_gmt":"2025-10-29T13:05:52","slug":"biblia-de-jerusalen-latinoamerica-bolsillo-9788433028259","status":"publish","type":"product","link":"https:\/\/www.claret.cat\/es\/libro\/biblia-de-jerusalen-latinoamerica-bolsillo-9788433028259\/","title":{"rendered":"BIBLIA DE JERUSAL\u00c9N &#8211; LATINOAMERICA &#8211; BOLSILLO"},"content":{"rendered":"<p>Por primera vez una edici\u00f3n de la Biblia de Jerusal\u00e9n introduce en su texto el lenguaje propio de Am\u00e9rica Latina.<br \/>Dos grupos de expertos, uno de la Universidad Pontificia de M\u00e9xico y otro de especialistas colombianos y argentinos, han revisado toda la edici\u00f3n introduciendo las adaptaciones necesarias para hacer el mensaje b\u00edblico m\u00e1s comprensible a los lectores latinoamericanos.<br \/>Esta nueva edici\u00f3n de bolsillo de la Biblia de Jerusal\u00e9n est\u00e1 especial-mente recomendada para colegios por sus ventajas sobre otras ediciones de la Biblia:<br \/>    \u2022    Resistencia y durabilidad de su encuadernaci\u00f3n<br \/>    \u2022    Fidelidad al texto hebreo, griego y arameo<br \/>    \u2022    Gran homogeneidad del vocabulario entre los diversos libros<br \/>    \u2022    Incorpora importantes novedades en introducciones y notas gracias a la investigaci\u00f3n b\u00edblica de la Escuela B\u00edblica y Arqueol\u00f3gica de Jerusal\u00e9n<\/p>\n","protected":false},"excerpt":{"rendered":"<p>DESCL\u00c9E DE BROUWER<\/p>\n","protected":false},"featured_media":1062436,"template":"","meta":{"_acf_changed":false,"om_disable_all_campaigns":false,"rs_blank_template":"","rs_page_bg_color":"","slide_template_v7":"","inline_featured_image":false,"_monsterinsights_skip_tracking":false,"_monsterinsights_sitenote_active":false,"_monsterinsights_sitenote_note":"","_monsterinsights_sitenote_category":0},"product_brand":[],"product_cat":[420,296],"product_tag":[],"class_list":{"0":"post-34453","1":"product","2":"type-product","3":"status-publish","4":"has-post-thumbnail","6":"product_cat-biblias","7":"product_cat-biblies","9":"first","10":"instock","11":"taxable","12":"shipping-taxable","13":"purchasable","14":"product-type-simple"},"acf":{"autor":"DESCL\u00c9E DE BROUWER","codart":"843302825","libros-coleccion":"Biblia de Jerusal\u00e9n","ediciones":"1","encuadernacion":"Carton\u00e9","fecha_de_publicacion":"19\/09\/2022","novedad":"1","paginas":"1752","subtitulo":"LATINOAMERICA - BOLSILLO","orden":"0","portada":"0","idioma":"spa","editorial":[{"ID":6179,"post_author":"3","post_date":"2022-07-28 17:46:36","post_date_gmt":"2022-07-28 15:46:36","post_content":"","post_title":"DESCLEE DE BROUWER","post_excerpt":"","post_status":"publish","comment_status":"closed","ping_status":"closed","post_password":"","post_name":"desclee-de-brouwer","to_ping":"","pinged":"","post_modified":"2022-07-28 17:46:36","post_modified_gmt":"2022-07-28 15:46:36","post_content_filtered":"","post_parent":0,"guid":"http:\/\/dev.claret.cat\/editorial\/desclee-de-brouwer\/","menu_order":0,"post_type":"editorial","post_mime_type":"","comment_count":"0","filter":"raw"}],"autores-libros":[{"ID":154097,"post_author":"3","post_date":"2022-10-14 15:02:04","post_date_gmt":"2022-10-14 13:02:04","post_content":"","post_title":"DESCLEE DE BROUWER","post_excerpt":"","post_status":"publish","comment_status":"closed","ping_status":"closed","post_password":"","post_name":"desclee-de-brouwer","to_ping":"","pinged":"","post_modified":"2022-10-14 15:02:04","post_modified_gmt":"2022-10-14 13:02:04","post_content_filtered":"","post_parent":0,"guid":"http:\/\/dev.claret.cat\/autor\/desclee-de-brouwer\/","menu_order":0,"post_type":"autor","post_mime_type":"","comment_count":"0","filter":"raw"}],"booktrailer":"","resenas":""},"aioseo_notices":[],"_links":{"self":[{"href":"https:\/\/www.claret.cat\/es\/wp-json\/wp\/v2\/product\/34453","targetHints":{"allow":["GET"]}}],"collection":[{"href":"https:\/\/www.claret.cat\/es\/wp-json\/wp\/v2\/product"}],"about":[{"href":"https:\/\/www.claret.cat\/es\/wp-json\/wp\/v2\/types\/product"}],"wp:featuredmedia":[{"embeddable":true,"href":"https:\/\/www.claret.cat\/es\/wp-json\/wp\/v2\/media\/1062436"}],"wp:attachment":[{"href":"https:\/\/www.claret.cat\/es\/wp-json\/wp\/v2\/media?parent=34453"}],"wp:term":[{"taxonomy":"product_brand","embeddable":true,"href":"https:\/\/www.claret.cat\/es\/wp-json\/wp\/v2\/product_brand?post=34453"},{"taxonomy":"product_cat","embeddable":true,"href":"https:\/\/www.claret.cat\/es\/wp-json\/wp\/v2\/product_cat?post=34453"},{"taxonomy":"product_tag","embeddable":true,"href":"https:\/\/www.claret.cat\/es\/wp-json\/wp\/v2\/product_tag?post=34453"}],"curies":[{"name":"wp","href":"https:\/\/api.w.org\/{rel}","templated":true}]}}