{"id":34459,"date":"2022-10-02T17:48:21","date_gmt":"2022-10-02T15:48:21","guid":{"rendered":"http:\/\/dev.claret.cat\/producte\/laudato-si-reflexions-per-a-les-celebracions-dominicals-cicle-a\/"},"modified":"2026-04-06T23:16:04","modified_gmt":"2026-04-06T21:16:04","slug":"laudato-si-reflexions-per-a-les-celebracions-dominicals-cicle-a-9788491364252","status":"publish","type":"product","link":"https:\/\/www.claret.cat\/es\/libro\/laudato-si-reflexions-per-a-les-celebracions-dominicals-cicle-a-9788491364252\/","title":{"rendered":"LAUDATO SI. REFLEXIONS PER A LES CELEBRACIONS DOMINICALS &#8211; CICLE A"},"content":{"rendered":"<p>L\u2019evangeli \u00e9s una paraula viva, cada cop que \u00e9s proclamada s\u2019adre\u00e7a a l\u2019ara i aqu\u00ed d\u2019aquells que l\u2019escolten. Per tant, no ens ha d\u2019estranyar que l\u2019evangeli ens parli dels problemes d\u2019avui i que ens pugui il\u00b7luminar respecte als reptes del present. <br \/>En el marc del projecte Parr\u00f2quies Ecosolid\u00e0ries sorgeix la iniciativa \u201cLaudato si\u2019. Reflexions per a les celebracions dominicals\u201d. Es tracta d\u2019uns suggeriments per aprofundir l\u2019evangeli del diumenge a partir de les aportacions de l\u2019enc\u00edclica. Poden ser \u00fatils per preparar la celebraci\u00f3 pr\u00f2piament dita (monicions, homilia, preg\u00e0ria\u2026) o b\u00e9 es poden utilitzar per reflexionar a nivell individual o en petit grup (revisi\u00f3 de vida, estudi d\u2019evangeli, catequesi d\u2019adults, etc.).<br \/>Aix\u00ed, en aquest llibre trobareu, per a cada diumenge, l&#8217;evangeli corresponent, una cita de l\u2019enc\u00edclica Laudato si&#8217; relacionada amb el text de l\u2019evangeli, un comentari de l&#8217;evangeli, alguna q\u00fcesti\u00f3 oberta per continuar reflexionant-hi i una preg\u00e0ria molt breu.<\/p>\n","protected":false},"excerpt":{"rendered":"<p>DUCH FUMAD\u00d3, JAUME; BARGALL\u00d3 CASTELL\u00d3N, MARIA<\/p>\n","protected":false},"featured_media":974243,"template":"","meta":{"_acf_changed":false,"om_disable_all_campaigns":false,"rs_blank_template":"","rs_page_bg_color":"","slide_template_v7":"","inline_featured_image":false,"_monsterinsights_skip_tracking":false,"_monsterinsights_sitenote_active":false,"_monsterinsights_sitenote_note":"","_monsterinsights_sitenote_category":0},"product_brand":[],"product_cat":[581,491,241,394,236],"product_tag":[],"class_list":{"0":"post-34459","1":"product","2":"type-product","3":"status-publish","4":"has-post-thumbnail","6":"product_cat-editorial-claret","7":"product_cat-testimonios","8":"product_cat-testimonis","9":"product_cat-vida-cotidiana","10":"product_cat-vida-quotidiana","12":"first","13":"instock","14":"taxable","15":"shipping-taxable","16":"purchasable","17":"product-type-simple"},"acf":{"autor":"DUCH FUMAD\u00d3, JAUME; BARGALL\u00d3 CASTELL\u00d3N, MARIA","codart":"849136425","libros-coleccion":"FORA DE COL.LECCI\u00d3","ediciones":"1","encuadernacion":"[Vac\u00edo]","fecha_de_publicacion":"25\/10\/2022","novedad":"1","paginas":"258","subtitulo":"","orden":"0","portada":"1","idioma":"cat","editorial":[{"ID":6158,"post_author":"3","post_date":"2022-07-28 17:46:08","post_date_gmt":"2022-07-28 15:46:08","post_content":"","post_title":"CLARET","post_excerpt":"","post_status":"publish","comment_status":"closed","ping_status":"closed","post_password":"","post_name":"claret","to_ping":"","pinged":"","post_modified":"2022-07-28 17:46:08","post_modified_gmt":"2022-07-28 15:46:08","post_content_filtered":"","post_parent":0,"guid":"http:\/\/dev.claret.cat\/editorial\/claret\/","menu_order":0,"post_type":"editorial","post_mime_type":"","comment_count":"0","filter":"raw"}],"autores-libros":[{"ID":158582,"post_author":"3","post_date":"2022-10-14 15:37:59","post_date_gmt":"2022-10-14 13:37:59","post_content":"Moss\u00e8n Jaume Duch Fumad\u00f3 va n\u00e9ixer a Sant Vicen\u00e7 dels Horts el 1934. Va ser ordenat prevere de la di\u00f2cesi de Barcelona l\u2019any1959 i ha exercit el seu servei pastoral durant cinquanta anys en diverses parr\u00f2quies de la ciutat de Barcelona i en altres comunitats del territori dioces\u00e0. Actualment jubilat, col\u00b7labora amb JP participant en el grup de treball que impulsa el projecte ECOPARR\u00d2QUIA.","post_title":"JAUME DUC FUMAD\u00d3","post_excerpt":"","post_status":"publish","comment_status":"closed","ping_status":"closed","post_password":"","post_name":"jaume-duc-fumado","to_ping":"","pinged":"","post_modified":"2024-12-12 09:46:23","post_modified_gmt":"2024-12-12 08:46:23","post_content_filtered":"","post_parent":0,"guid":"http:\/\/dev.claret.cat\/autor\/jaume-duc-fumado\/","menu_order":0,"post_type":"autor","post_mime_type":"","comment_count":"0","filter":"raw"},{"ID":163534,"post_author":"3","post_date":"2022-10-14 17:39:48","post_date_gmt":"2022-10-14 15:39:48","post_content":"Maria Bargall\u00f3 Castell\u00f3n va n\u00e9ixer a Molins de Rei l\u2019any 1955. Est\u00e0 casada, t\u00e9 quatre filles i deu nets. \u00c9s llicenciada en biologia i ha dedicat la major part de la seva vida professional a l\u2019educaci\u00f3. Vinculada als Moviments d\u2019Acci\u00f3 Cat\u00f2lica Obrera des de l\u2019any 1977, ha estat consili\u00e0ria de grups de la JOBAC, de la JOC i d\u2019ACO. Actualment \u00e9s vicepresidenta de JP i coordina el grup de treball que impulsa el projecte ECOPARR\u00d2QUIA.","post_title":"MARIA BARGALL\u00d3 CASTELL\u00d3N","post_excerpt":"","post_status":"publish","comment_status":"closed","ping_status":"closed","post_password":"","post_name":"maria-bargallo-castellon","to_ping":"","pinged":"","post_modified":"2024-12-12 09:51:30","post_modified_gmt":"2024-12-12 08:51:30","post_content_filtered":"","post_parent":0,"guid":"http:\/\/dev.claret.cat\/autor\/maria-bargallo-castellon\/","menu_order":0,"post_type":"autor","post_mime_type":"","comment_count":"0","filter":"raw"}],"traductores-libros":"","ilustradores-libros":"","formato":"","linkebook":"","ficha":"849136425_1688044408.pdf","muestra":"","presentacion":"","booktrailer":"","resenas":"<p>Flama, 25\/10\/2022<\/p>\n<p><a href=\"https:\/\/www.flama.info\/modules.php?name=news&amp;amp;idnew=41737&amp;amp;back=1\" rel=\"noopener noreferrer\" target=\"_blank\">https:\/\/www.flama.info\/modules.php?name=news&amp;amp;idnew=41737&amp;amp;back=1<\/a><\/p>\n<p><\/p>\n<p>Catalunya Religi\u00f3, 31\/07\/2022<\/p>\n<p><a href=\"https:\/\/www.catalunyareligio.cat\/ca\/claret-publica-recull-reflexions-dominicals-laudato-si\" rel=\"noopener noreferrer\" target=\"_blank\">https:\/\/www.catalunyareligio.cat\/ca\/claret-publica-recull-reflexions-dominicals-laudato-si<\/a><\/p>\n<p><\/p>\n<p>R\u00e0dio Estel, 09\/11\/2022<\/p>\n<p><a href=\"https:\/\/www.estelfitxers.com\/audio\/2022-2023\/20221109-18_00SENSEDISTANCIA.MP3\" rel=\"noopener noreferrer\" target=\"_blank\">https:\/\/www.estelfitxers.com\/audio\/2022-2023\/20221109-18_00SENSEDISTANCIA.MP3<\/a><\/p>\n<p><\/p>\n<p>Just\u00edcia i Pau, 11\/11\/2022<\/p>\n<p><a href=\"https:\/\/www.justiciaipau.org\/es\/decimos\/laudato-si-reflexions-les-celebracions-dominicals-cicle\" rel=\"noopener noreferrer\" target=\"_blank\">https:\/\/www.justiciaipau.org\/es\/decimos\/laudato-si-reflexions-les-celebracions-dominicals-cicle<\/a><\/p>\n","recomendamos":"","mas_vendido":"","precioebook":"0","ebookportada":false},"aioseo_notices":[],"_links":{"self":[{"href":"https:\/\/www.claret.cat\/es\/wp-json\/wp\/v2\/product\/34459","targetHints":{"allow":["GET"]}}],"collection":[{"href":"https:\/\/www.claret.cat\/es\/wp-json\/wp\/v2\/product"}],"about":[{"href":"https:\/\/www.claret.cat\/es\/wp-json\/wp\/v2\/types\/product"}],"wp:featuredmedia":[{"embeddable":true,"href":"https:\/\/www.claret.cat\/es\/wp-json\/wp\/v2\/media\/974243"}],"wp:attachment":[{"href":"https:\/\/www.claret.cat\/es\/wp-json\/wp\/v2\/media?parent=34459"}],"wp:term":[{"taxonomy":"product_brand","embeddable":true,"href":"https:\/\/www.claret.cat\/es\/wp-json\/wp\/v2\/product_brand?post=34459"},{"taxonomy":"product_cat","embeddable":true,"href":"https:\/\/www.claret.cat\/es\/wp-json\/wp\/v2\/product_cat?post=34459"},{"taxonomy":"product_tag","embeddable":true,"href":"https:\/\/www.claret.cat\/es\/wp-json\/wp\/v2\/product_tag?post=34459"}],"curies":[{"name":"wp","href":"https:\/\/api.w.org\/{rel}","templated":true}]}}